{"id":16272,"date":"2022-05-30T09:29:00","date_gmt":"2022-05-30T07:29:00","guid":{"rendered":"https:\/\/www.raschvin.com\/vare\/panama-21-black-decanter\/"},"modified":"2022-11-30T10:00:20","modified_gmt":"2022-11-30T09:00:20","slug":"panama-21-black-decanter","status":"publish","type":"product","link":"https:\/\/www.raschvin.com\/sv\/produkt\/panama-21-black-decanter\/","title":{"rendered":"Rum Nation &#8211; Panama 21 Years Black Decanter 70 cl. 43%"},"content":{"rendered":"<p>Rum Nation Panama 21 \u00e5r Decanter Black \u00e4r en blandad Rom, producerad av hantverkare som ut\u00f6var sin expertis i det b\u00e4sta destilleriet i Panam &#8211; Varela Hermanos Distillery.<\/p>\n<p>Rumsregionen Panama 21 \u00e5r av 21 \u00e5r \u00e4r gjord av sockerr\u00f6r, kontinuerligt destillerad i kolumn som st\u00e5r parzaret och mogna lokalt i amerikanska fat av ek (Quercus alba) i minst 21 flera \u00e5r.<\/p>\n<p>Receptet inneh\u00e5ller en stor andel \u00e4nnu \u00e4ldre Rom f\u00f6r att ge karakt\u00e4r och komplexitet. Ett resultat av \u00e5rtionden experimentering och en l\u00e5ng tradition av elegans, tjock s\u00f6tma och torkad frukt &#8230; den perfekta deluxe Rom f\u00f6r alla h\u00e4ndelser!<\/p>\n<p>Panama 21 Decantry Black kommer i en lyxig presentf\u00f6rpackning.<\/p>\n<p>Doft.<\/p>\n<p>Stort inflytande p\u00e5 sockerr\u00f6ret, djupt, m\u00f6rkt, rosinsy, med en vinliknande tips fr\u00e5n Sherry och Brandy Fade<\/p>\n<p>Smak<\/p>\n<p>Tunga anteckningar av sockerr\u00f6r och mycket rik p\u00e5 ester. Intensiv s\u00f6tma med datum, russin, honung och choklad. F\u00e5r \u00e4n mer aromatisk med medicinska \u00f6rter, cinchona, bergamot, svart te och kaffe<\/p>\n<p>Eftersmak<\/p>\n<p>Mer och mer kryddat med kanel och peppar. S\u00f6theten \u00e4r i perfekt balans med det kraftiga inflytandet. L\u00e5ng, evig, tuff och tjock<\/p>\n<p>Kommentar<\/p>\n<p>En underbar gammal spansk stil, rik p\u00e5 sockerhalt, men med ett djupt och raffinerat inflytande fr\u00e5n disken. Perfekt f\u00f6r finsmakare av den s\u00f6ta latinska stilen som letar efter komplexitet och kryddor!<\/p>\n","protected":false},"excerpt":{"rendered":"<p>Single Domaine Rum \u2013 Panama<\/p>\n","protected":false},"featured_media":30616,"template":"","meta":{"_acf_changed":false,"rs_blank_template":"","rs_page_bg_color":"","slide_template_v7":""},"product_brand":[],"product_cat":[2387,4634,2391],"product_tag":[],"class_list":{"0":"post-16272","1":"product","2":"type-product","3":"status-publish","4":"has-post-thumbnail","6":"product_cat-avec-sv","7":"product_cat-premium-aged-sv","8":"product_cat-rom-sv","9":"pa_lagring-21-sv","10":"pa_land-panama-sv","11":"pa_procent-43-sv","12":"pa_producent-rum-nation-sv","13":"pa_volume-70-sv-2","15":"first","16":"instock","17":"sale","18":"taxable","19":"shipping-taxable","20":"purchasable","21":"product-type-simple"},"bundled_by":[],"bundle_stock_status":"instock","bundle_stock_quantity":null,"bundle_virtual":false,"bundle_layout":"","bundle_add_to_cart_form_location":"","bundle_editable_in_cart":false,"bundle_sold_individually_context":"","bundle_item_grouping":"","bundle_min_size":"","bundle_max_size":"","bundle_price":[],"bundled_items":[],"bundle_sell_ids":[],"acf":[],"_links":{"self":[{"href":"https:\/\/www.raschvin.com\/sv\/wp-json\/wp\/v2\/product\/16272","targetHints":{"allow":["GET"]}}],"collection":[{"href":"https:\/\/www.raschvin.com\/sv\/wp-json\/wp\/v2\/product"}],"about":[{"href":"https:\/\/www.raschvin.com\/sv\/wp-json\/wp\/v2\/types\/product"}],"wp:featuredmedia":[{"embeddable":true,"href":"https:\/\/www.raschvin.com\/sv\/wp-json\/wp\/v2\/media\/30616"}],"wp:attachment":[{"href":"https:\/\/www.raschvin.com\/sv\/wp-json\/wp\/v2\/media?parent=16272"}],"wp:term":[{"taxonomy":"product_brand","embeddable":true,"href":"https:\/\/www.raschvin.com\/sv\/wp-json\/wp\/v2\/product_brand?post=16272"},{"taxonomy":"product_cat","embeddable":true,"href":"https:\/\/www.raschvin.com\/sv\/wp-json\/wp\/v2\/product_cat?post=16272"},{"taxonomy":"product_tag","embeddable":true,"href":"https:\/\/www.raschvin.com\/sv\/wp-json\/wp\/v2\/product_tag?post=16272"}],"curies":[{"name":"wp","href":"https:\/\/api.w.org\/{rel}","templated":true}]}}