{"id":16271,"date":"2022-05-30T09:29:00","date_gmt":"2022-05-30T07:29:00","guid":{"rendered":"https:\/\/www.raschvin.com\/vare\/panama-10-years\/"},"modified":"2022-11-30T09:42:57","modified_gmt":"2022-11-30T08:42:57","slug":"panama-10-years","status":"publish","type":"product","link":"https:\/\/www.raschvin.com\/sv\/produkt\/panama-10-years\/","title":{"rendered":"Rum Nation &#8211; Panama 10 Years Old 70 cl. 40%"},"content":{"rendered":"<p>En rak och ganska l\u00e4ttdrucken rom. Perfekt f\u00f6r nyb\u00f6rjare i romv\u00e4rlden eller f\u00f6r den erfarna fan av spansk rom.<\/p>\n<p>Doft<br \/>\nDelikat, l\u00e4tt och fr\u00e4scht med s\u00f6tma och frukt.<\/p>\n<p>Smak<br \/>\nL\u00e4tt och rik \u2013 toner av akaciahonung, russin och mj\u00f6lkchoklad med inslag av apelsin och aprikos.<\/p>\n<p>Eftersmak<br \/>\nRen, mjuk och full av s\u00f6tma.<\/p>\n<p>Om produkten<br \/>\nEn l\u00e4cker, rik och s\u00f6t rom i spansk stil, fr\u00e5n ett hemligt destilleri i Panama.<\/p>\n<p>Rommen har lagrats i 10 \u00e5r p\u00e5 fat som tidigare inneh\u00f6ll Jack Daniels whisky!<\/p>\n<p>Rum Nation \u2013 Panama 10 years sl\u00e4pps till en ABV p\u00e5 40%.<\/p>\n<p>Smakanteckningar<br \/>\nDoften \u00e4r delikat, l\u00e4tt och frisk med s\u00f6tma och frukt. I gommen m\u00f6ts man av en l\u00e4tt, fyllig smak, som \u00e4nd\u00e5 har v\u00e4ldigt mycket karakt\u00e4r \u2013 s\u00f6tman fr\u00e5n sockerr\u00f6rsjuicen dominerar, utan att den blir p\u00e5tr\u00e4ngande eller \u00f6verv\u00e4ldigande. Dessutom finns toner av akaciahonung, russin och mj\u00f6lkchoklad med en ton av apelsin och aprikos. Eftersmaken \u00e4r l\u00e4cker, ren och mjuk \u2013 med en djup s\u00f6tma!<\/p>\n<p>Om Space Nation<br \/>\nRum Nation grundades av italienaren Fabio Rossi 1999. Tanken var att hitta varje lands speciella romstil. Det ledde till ett fler\u00e5rigt \u00e4ventyr som ledde Rossi fr\u00e5n sm\u00e5 peruanska destillerier till rom- och insektsmuseer i Guadelope.<\/p>\n<p>I katalogen hittar du bland annat v\u00e4lk\u00e4nda romnationer som Jamaica och Barbados, men du hittar \u00e4ven l\u00e4nder som hittills varit totalt ok\u00e4nda p\u00e5 den internationella marknaden &#8211; som Peru och Bougainville.<\/p>\n<p>Den f\u00e4rdiglagrade rommen k\u00f6ps fr\u00e5n utvalda destillerier runt om i v\u00e4rlden, och f\u00f6rs sedan till Italien, d\u00e4r den buteljeras och blandas. Huvudfokus \u00e4r ursprungslandets uttryck och stil och d\u00e4rf\u00f6r avsl\u00f6jas inte n\u00f6dv\u00e4ndigtvis vilket destilleri buteljeringen kommer ifr\u00e5n. Ett genomg\u00e5ende motiv \u00e4r att flaskorna \u00e4r m\u00e4rkta med en st\u00e4mpel fr\u00e5n ursprungslandet.<\/p>\n<p>M\u00e5nga \u00e5rs erfarenhet och forskning &#8211; samt en strikt urvalsprocess &#8211; har skapat ett stort urval av &#8221;single roms&#8221;, som, trogna roms hj\u00e4rta, \u00e4r unika och of\u00f6rgl\u00f6mliga!<\/p>\n","protected":false},"excerpt":{"rendered":"<p>Republica Of Panama Rum<\/p>\n","protected":false},"featured_media":30586,"template":"","meta":{"_acf_changed":false,"rs_blank_template":"","rs_page_bg_color":"","slide_template_v7":""},"product_brand":[],"product_cat":[2387,4634,2391],"product_tag":[],"class_list":{"0":"post-16271","1":"product","2":"type-product","3":"status-publish","4":"has-post-thumbnail","6":"product_cat-avec-sv","7":"product_cat-premium-aged-sv","8":"product_cat-rom-sv","9":"pa_lagring-10-sv","10":"pa_land-panama-sv","11":"pa_procent-40-sv-2","12":"pa_producent-rum-nation-sv","13":"pa_volume-70-sv-2","15":"first","16":"instock","17":"sale","18":"taxable","19":"shipping-taxable","20":"purchasable","21":"product-type-simple"},"bundled_by":[],"bundle_stock_status":"instock","bundle_stock_quantity":null,"bundle_virtual":false,"bundle_layout":"","bundle_add_to_cart_form_location":"","bundle_editable_in_cart":false,"bundle_sold_individually_context":"","bundle_item_grouping":"","bundle_min_size":"","bundle_max_size":"","bundle_price":[],"bundled_items":[],"bundle_sell_ids":[],"acf":[],"_links":{"self":[{"href":"https:\/\/www.raschvin.com\/sv\/wp-json\/wp\/v2\/product\/16271","targetHints":{"allow":["GET"]}}],"collection":[{"href":"https:\/\/www.raschvin.com\/sv\/wp-json\/wp\/v2\/product"}],"about":[{"href":"https:\/\/www.raschvin.com\/sv\/wp-json\/wp\/v2\/types\/product"}],"wp:featuredmedia":[{"embeddable":true,"href":"https:\/\/www.raschvin.com\/sv\/wp-json\/wp\/v2\/media\/30586"}],"wp:attachment":[{"href":"https:\/\/www.raschvin.com\/sv\/wp-json\/wp\/v2\/media?parent=16271"}],"wp:term":[{"taxonomy":"product_brand","embeddable":true,"href":"https:\/\/www.raschvin.com\/sv\/wp-json\/wp\/v2\/product_brand?post=16271"},{"taxonomy":"product_cat","embeddable":true,"href":"https:\/\/www.raschvin.com\/sv\/wp-json\/wp\/v2\/product_cat?post=16271"},{"taxonomy":"product_tag","embeddable":true,"href":"https:\/\/www.raschvin.com\/sv\/wp-json\/wp\/v2\/product_tag?post=16271"}],"curies":[{"name":"wp","href":"https:\/\/api.w.org\/{rel}","templated":true}]}}