{"id":16270,"date":"2022-05-30T09:29:00","date_gmt":"2022-05-30T07:29:00","guid":{"rendered":"https:\/\/www.raschvin.com\/vare\/panama-18-years-decanter\/"},"modified":"2022-11-30T09:49:12","modified_gmt":"2022-11-30T08:49:12","slug":"panama-18-years-decanter","status":"publish","type":"product","link":"https:\/\/www.raschvin.com\/sv\/produkt\/panama-18-years-decanter\/","title":{"rendered":"Rum Nation &#8211; Panama 18 Years Decanter 70 cl. 40%"},"content":{"rendered":"<p>Rums nation har kommit till Panama.<\/p>\n<p>Room Nation &#8211; En v\u00e4rldsomsp\u00e4nnande rumsserie, best\u00e5ende av utvalda r\u00e4tter. Ett urval av &#8221;singel Rom&#8221;, sant mot hj\u00e4rtat av andarna, unika och of\u00f6rgl\u00f6mliga.<\/p>\n<p>Denna Panama Rom fr\u00e5n rymdnation \u00e4r med ny f\u00f6rpackning och karaffelflaska, b\u00e5de f\u00e4rgglada och livliga. Det \u00e4r en ny och f\u00f6rb\u00e4ttringsversion av v\u00e5r s\u00f6ta och mjuka Panama 18 \u00e5r. Sockerr\u00f6rets rikedom och festessen i den spanska destillationsstilen ger livet till ett ljust rum med en stor aromatisk komplexitet, rik p\u00e5 tropiska frukter, datum och choklad. Sockerkalteret reduceras till mindre \u00e4n 20 gr \/ liter.<\/p>\n<p>Doft.<\/p>\n<p>Livlig, honungsfylld, med f\u00e4rsk och aromatisk n\u00e4sa av koks, bergamot, datum, apelsinskal och vermouth.<\/p>\n<p>Smak<\/p>\n<p>S\u00f6t, fruktig och uppfriskande. Sockerpaddling, choklad, russin och \u00e5terigen en bra balans mellan apelsinskal, cola och kokosn\u00f6t.<\/p>\n<p>Eftersmak<\/p>\n<p>Svart te, s\u00f6tma och honung. Varma anteckningar av kamomill, trevlig dyr.<\/p>\n<p>Kommentar<\/p>\n<p>\u00c4lskande och l\u00e4tt att dricka. En majest\u00e4tisk Rom f\u00f6r n\u00e5got tillf\u00e4lle!<\/p>\n","protected":false},"excerpt":{"rendered":"<p>Single Domaine Rum &#8211; Panama<\/p>\n","protected":false},"featured_media":3498,"template":"","meta":{"_acf_changed":false,"rs_blank_template":"","rs_page_bg_color":"","slide_template_v7":""},"product_brand":[],"product_cat":[2387,2391,4634],"product_tag":[],"class_list":{"0":"post-16270","1":"product","2":"type-product","3":"status-publish","4":"has-post-thumbnail","6":"product_cat-avec-sv","7":"product_cat-rom-sv","8":"product_cat-premium-aged-sv","9":"pa_lagring-18-sv","10":"pa_land-panama-sv","11":"pa_procent-40-sv-2","12":"pa_producent-rum-nation-sv","13":"pa_volume-70-sv-2","15":"first","16":"instock","17":"sale","18":"taxable","19":"shipping-taxable","20":"purchasable","21":"product-type-simple"},"bundled_by":[],"bundle_stock_status":"instock","bundle_stock_quantity":null,"bundle_virtual":false,"bundle_layout":"","bundle_add_to_cart_form_location":"","bundle_editable_in_cart":false,"bundle_sold_individually_context":"","bundle_item_grouping":"","bundle_min_size":"","bundle_max_size":"","bundle_price":[],"bundled_items":[],"bundle_sell_ids":[],"acf":[],"_links":{"self":[{"href":"https:\/\/www.raschvin.com\/sv\/wp-json\/wp\/v2\/product\/16270","targetHints":{"allow":["GET"]}}],"collection":[{"href":"https:\/\/www.raschvin.com\/sv\/wp-json\/wp\/v2\/product"}],"about":[{"href":"https:\/\/www.raschvin.com\/sv\/wp-json\/wp\/v2\/types\/product"}],"wp:featuredmedia":[{"embeddable":true,"href":"https:\/\/www.raschvin.com\/sv\/wp-json\/wp\/v2\/media\/3498"}],"wp:attachment":[{"href":"https:\/\/www.raschvin.com\/sv\/wp-json\/wp\/v2\/media?parent=16270"}],"wp:term":[{"taxonomy":"product_brand","embeddable":true,"href":"https:\/\/www.raschvin.com\/sv\/wp-json\/wp\/v2\/product_brand?post=16270"},{"taxonomy":"product_cat","embeddable":true,"href":"https:\/\/www.raschvin.com\/sv\/wp-json\/wp\/v2\/product_cat?post=16270"},{"taxonomy":"product_tag","embeddable":true,"href":"https:\/\/www.raschvin.com\/sv\/wp-json\/wp\/v2\/product_tag?post=16270"}],"curies":[{"name":"wp","href":"https:\/\/api.w.org\/{rel}","templated":true}]}}