{"id":16269,"date":"2022-05-30T09:29:00","date_gmt":"2022-05-30T07:29:00","guid":{"rendered":"https:\/\/www.raschvin.com\/vare\/abuelo-xv-oloroso-sherry-cask-finish\/"},"modified":"2022-10-31T17:21:09","modified_gmt":"2022-10-31T16:21:09","slug":"abuelo-xv-oloroso-sherry-cask-finish","status":"publish","type":"product","link":"https:\/\/www.raschvin.com\/sv\/produkt\/abuelo-xv-oloroso-sherry-cask-finish\/","title":{"rendered":"Abuelo XV Oloroso Sherry Cask Finish 70 cl. 40%"},"content":{"rendered":"<p>Abuelo XV Oloroso \u00e4r ett annat bra bud att Abuelo har b\u00f6rjat producera v\u00e4rldens b\u00e4sta Rom. Abuelo XV Oloroso \u00e4r en av 3 dr\u00e4neringar i XV Finish Collection. Alla 3 Rom \u00e4r 15 \u00e5r och har lagring (finish), p\u00e5 en matr\u00e4tt som tidigare har anv\u00e4nts f\u00f6r att lagra andra sprit.<\/p>\n<p>Namnet p\u00e5 de 3 ROM-skivorna \u00e5terspeglar inte bara karakt\u00e4ren fr\u00e5n sk\u00e5len, men ocks\u00e5 platsen har inspirerat den slutliga designen av ROMM.<\/p>\n<p>Napoleon \u00e4r cognac fr\u00e5n Frankrike, Oloroso \u00e4r sherry fr\u00e5n Spanien och Tawny \u00e4r hamnvin fr\u00e5n Portugal.<\/p>\n<p>Doft.<\/p>\n<p>L\u00e4der, vanilj, mandarin och torkad frukt<\/p>\n<p>Smak<\/p>\n<p>Matad och kr\u00e4mig, anteckningar av br\u00e4nd orange skala, aprikos och s\u00f6ta kryddor<\/p>\n<p>Eftersmak<\/p>\n<p>L\u00e5ng underbar och kryddad eftersmak med anteckningar av s\u00f6tt r\u00f6rtobak och orange m\u00e5ste<\/p>\n<p>Kommentar<\/p>\n<p>En rafted, elegant och v\u00e4ldigt riktig &#8221;ensamst\u00e5ende Rom&#8221; &#8211; sockerburkarna odlas p\u00e5 sina egna f\u00e4lt, rummet destilleras p\u00e5 egna kolumnkedjor och rummet lagras p\u00e5 ex bourbon r\u00e4tter i egna lager!<\/p>\n<p>Bakgrundshistoria<\/p>\n<p>Rummet \u00e4r gjord av Varela Hermanos i Panama. Deras historia str\u00e4cker sig tillbaka till 1908, n\u00e4r Don Jos\u00e9 Varela Blanco, en ung spansk invandrare, satte San Isidro sockerbruk i staden Pes\u00e9. Den f\u00f6rsta sockerfabriken i den d\u00e5 nybyggda Panama-republiken.<\/p>\n<p>Staden Pes\u00e9, som sj\u00e4lv skapades i mitten av artonhundratalet, \u00e4r i en b\u00f6rdig dal i mitten av Panama. Huvudprovet i denna dal \u00e4r nu odling av sockerr\u00f6r, som syssels\u00e4tter m\u00e5nga lokala b\u00f6nder.<\/p>\n<p>Den m\u00e5ttliga utf\u00e4llningen, de kalla n\u00e4tterna och fuktiga dagarna spelar en roll i Roms utveckling och mognad. Ju st\u00f6rre skillnad i temperaturen p\u00e5 de mycket heta dagarna och de kalla n\u00e4tterna, desto snabbare den mogna nomen och mer smak\u00e4mnen och dofter utvecklas d\u00e4r. S\u00e5 Abuelo Rom-tillverkaren \u00e4r inte slumpm\u00e4ssigt i detta &#8221;sm\u00f6rh\u00e5l&#8221;.<\/p>\n","protected":false},"excerpt":{"rendered":"<p>Premium Aged Rum &#8211; Panama<\/p>\n","protected":false},"featured_media":3485,"template":"","meta":{"_acf_changed":false,"rs_blank_template":"","rs_page_bg_color":"","slide_template_v7":""},"product_brand":[],"product_cat":[2387,2391,4634],"product_tag":[],"class_list":{"0":"post-16269","1":"product","2":"type-product","3":"status-publish","4":"has-post-thumbnail","6":"product_cat-avec-sv","7":"product_cat-rom-sv","8":"product_cat-premium-aged-sv","9":"pa_land-panama-sv","10":"pa_procent-40-sv-2","11":"pa_producent-abuelo-sv","12":"pa_volume-70-sv-2","14":"first","15":"instock","16":"taxable","17":"shipping-taxable","18":"purchasable","19":"product-type-simple"},"bundled_by":[],"bundle_stock_status":"instock","bundle_stock_quantity":null,"bundle_virtual":false,"bundle_layout":"","bundle_add_to_cart_form_location":"","bundle_editable_in_cart":false,"bundle_sold_individually_context":"","bundle_item_grouping":"","bundle_min_size":"","bundle_max_size":"","bundle_price":[],"bundled_items":[],"bundle_sell_ids":[],"acf":[],"_links":{"self":[{"href":"https:\/\/www.raschvin.com\/sv\/wp-json\/wp\/v2\/product\/16269","targetHints":{"allow":["GET"]}}],"collection":[{"href":"https:\/\/www.raschvin.com\/sv\/wp-json\/wp\/v2\/product"}],"about":[{"href":"https:\/\/www.raschvin.com\/sv\/wp-json\/wp\/v2\/types\/product"}],"wp:featuredmedia":[{"embeddable":true,"href":"https:\/\/www.raschvin.com\/sv\/wp-json\/wp\/v2\/media\/3485"}],"wp:attachment":[{"href":"https:\/\/www.raschvin.com\/sv\/wp-json\/wp\/v2\/media?parent=16269"}],"wp:term":[{"taxonomy":"product_brand","embeddable":true,"href":"https:\/\/www.raschvin.com\/sv\/wp-json\/wp\/v2\/product_brand?post=16269"},{"taxonomy":"product_cat","embeddable":true,"href":"https:\/\/www.raschvin.com\/sv\/wp-json\/wp\/v2\/product_cat?post=16269"},{"taxonomy":"product_tag","embeddable":true,"href":"https:\/\/www.raschvin.com\/sv\/wp-json\/wp\/v2\/product_tag?post=16269"}],"curies":[{"name":"wp","href":"https:\/\/api.w.org\/{rel}","templated":true}]}}