{"id":16265,"date":"2022-05-30T09:29:00","date_gmt":"2022-05-30T07:29:00","guid":{"rendered":"https:\/\/www.raschvin.com\/vare\/abuelo-12-years-anejo-gran-reserva\/"},"modified":"2023-03-11T08:17:11","modified_gmt":"2023-03-11T07:17:11","slug":"abuelo-12-years-anejo-gran-reserva","status":"publish","type":"product","link":"https:\/\/www.raschvin.com\/sv\/produkt\/abuelo-12-years-anejo-gran-reserva\/","title":{"rendered":"Abuelo 12 Years Anejo Gran Reserva 70 cl. 40%"},"content":{"rendered":"<p>Ron Abuelo 12 \u00e5r \u00e5terspeglar familjens passion f\u00f6r att skapa den b\u00e4sta lagrade Rom i v\u00e4rlden.<\/p>\n<p>Abuelos lagring \u00e4r unik p\u00e5 grund av klimatet i Pes\u00e9 Panama, bel\u00e4get i en liten fertil dal i Azuero halv\u00f6n. Den m\u00e5ttliga utf\u00e4llningen, de kalla n\u00e4tterna och fuktiga dagarna p\u00e5verkar ROM-utvecklingen och mognaden. Sockerburkarna \u00e4r s\u00e5dda och sk\u00f6rdas f\u00f6r hand, all destillation och lagring sker p\u00e5 fastigheten. Massor av v\u00e5rd och uppm\u00e4rksamhet under hela processen resulterar i en Rom som b\u00e5da har djup och \u00e4r extremt bekv\u00e4mt att dricka.<\/p>\n<p>En rafted, elegant och v\u00e4ldigt riktig &#8221;ensamst\u00e5ende Rom&#8221; &#8211; sockerburkarna odlas p\u00e5 sina egna f\u00e4lt, rummet destilleras p\u00e5 egna kolumnkedjor och rummet lagras p\u00e5 ex bourbon r\u00e4tter i egna lager!<\/p>\n<p>Doft.<\/p>\n<p>Full doft med anteckningar av kakao, torkade pommes frites, br\u00e4nt tr\u00e4 och n\u00f6tter<\/p>\n<p>Smak<\/p>\n<p>Komplex, rik, v\u00e4l avrundad och balanserad med smak av vanilj, torkade frukter och tobak<\/p>\n<p>Eftersmak<\/p>\n<p>L\u00e5ng, s\u00f6t och intensiv med en trevlig smak av choklad<\/p>\n<p>Kommentar<\/p>\n<p>Drick det som det \u00e4r, som med m\u00f6rk choklad eller blandad i coacktails. Det finns karakt\u00e4r i varje munnen!<\/p>\n","protected":false},"excerpt":{"rendered":"<p>Premium Aged Rum &#8211; Panama<\/p>\n","protected":false},"featured_media":3451,"template":"","meta":{"_acf_changed":false,"rs_blank_template":"","rs_page_bg_color":"","slide_template_v7":""},"product_brand":[],"product_cat":[2387,2391,4634],"product_tag":[],"class_list":{"0":"post-16265","1":"product","2":"type-product","3":"status-publish","4":"has-post-thumbnail","6":"product_cat-avec-sv","7":"product_cat-rom-sv","8":"product_cat-premium-aged-sv","9":"pa_lagring-12-sv","10":"pa_land-panama-sv","11":"pa_procent-40-sv-2","12":"pa_producent-abuelo-sv","13":"pa_volume-70-sv-2","15":"first","16":"instock","17":"taxable","18":"shipping-taxable","19":"purchasable","20":"product-type-simple"},"bundled_by":[],"bundle_stock_status":"instock","bundle_stock_quantity":null,"bundle_virtual":false,"bundle_layout":"","bundle_add_to_cart_form_location":"","bundle_editable_in_cart":false,"bundle_sold_individually_context":"","bundle_item_grouping":"","bundle_min_size":"","bundle_max_size":"","bundle_price":[],"bundled_items":[],"bundle_sell_ids":[],"acf":[],"_links":{"self":[{"href":"https:\/\/www.raschvin.com\/sv\/wp-json\/wp\/v2\/product\/16265","targetHints":{"allow":["GET"]}}],"collection":[{"href":"https:\/\/www.raschvin.com\/sv\/wp-json\/wp\/v2\/product"}],"about":[{"href":"https:\/\/www.raschvin.com\/sv\/wp-json\/wp\/v2\/types\/product"}],"wp:featuredmedia":[{"embeddable":true,"href":"https:\/\/www.raschvin.com\/sv\/wp-json\/wp\/v2\/media\/3451"}],"wp:attachment":[{"href":"https:\/\/www.raschvin.com\/sv\/wp-json\/wp\/v2\/media?parent=16265"}],"wp:term":[{"taxonomy":"product_brand","embeddable":true,"href":"https:\/\/www.raschvin.com\/sv\/wp-json\/wp\/v2\/product_brand?post=16265"},{"taxonomy":"product_cat","embeddable":true,"href":"https:\/\/www.raschvin.com\/sv\/wp-json\/wp\/v2\/product_cat?post=16265"},{"taxonomy":"product_tag","embeddable":true,"href":"https:\/\/www.raschvin.com\/sv\/wp-json\/wp\/v2\/product_tag?post=16265"}],"curies":[{"name":"wp","href":"https:\/\/api.w.org\/{rel}","templated":true}]}}