{"id":16264,"date":"2022-05-30T09:29:00","date_gmt":"2022-05-30T07:29:00","guid":{"rendered":"https:\/\/www.raschvin.com\/vare\/abuelo-xv-finish-collection-pack3-x-20-cl\/"},"modified":"2022-06-08T14:48:32","modified_gmt":"2022-06-08T12:48:32","slug":"abuelo-xv-finish-collection-pack3-x-20-cl","status":"publish","type":"product","link":"https:\/\/www.raschvin.com\/sv\/produkt\/abuelo-xv-finish-collection-pack3-x-20-cl\/","title":{"rendered":"Abuelo XV Finish Collection Pack3 X 20 cl."},"content":{"rendered":"<p>Abuelo XV Finish Collection \u00e4r ett annat bra bud att Abuelo har b\u00f6rjat producera v\u00e4rldens b\u00e4sta Rom. Det finns 3 avlopp i XV Finish Collection. Alla 3 Rom \u00e4r 15 \u00e5r och har lagring (finish), p\u00e5 en matr\u00e4tt som tidigare har anv\u00e4nts f\u00f6r att lagra andra sprit.<\/p>\n<p>Namnet p\u00e5 de 3 ROM-skivorna \u00e5terspeglar inte bara karakt\u00e4ren fr\u00e5n sk\u00e5len, men ocks\u00e5 platsen har inspirerat den slutliga designen av ROMM.<\/p>\n<p>H\u00e4r \u00e4r en chans att smaka p\u00e5 alla 3 i 20 cl.-flaskor som levereras i en trevlig presentf\u00f6rpackning.<\/p>\n<p>Napoleon \u00e4r cognac fr\u00e5n Frankrike<br \/>\nDoft.<\/p>\n<p>En d\u00e4mpad cognac doft, som i den finaste showen spelar tillsammans med ROM. Cognac-sk\u00e5len ger en kryddig torrhet i lukten<\/p>\n<p>Smak<\/p>\n<p>Vin\u00f6s, kr\u00e4mig och h\u00e4rlig, med anteckningar av kr\u00e4mkaramelll som spelar upp mot sk\u00e5len kryddat smak<\/p>\n<p>Eftersmak<\/p>\n<p>Medium, de djupa fadnoterna forts\u00e4tter men \u00f6vertagna av l\u00e4tta orange och l\u00e4der anteckningar<\/p>\n<p>Oloroso \u00e4r sherry fr\u00e5n Spanien<br \/>\nDoft.<\/p>\n<p>L\u00e4der, vanilj, mandarin och torkad frukt<\/p>\n<p>Smak<\/p>\n<p>Matad och kr\u00e4mig, anteckningar av br\u00e4nd orange skala, aprikos och s\u00f6ta kryddor<\/p>\n<p>Eftersmak<\/p>\n<p>L\u00e5ng underbar och kryddad eftersmak med anteckningar av s\u00f6tt r\u00f6rtobak och orange m\u00e5ste<\/p>\n<p>Tawny \u00e4r portvin fr\u00e5n Portugal<br \/>\nDoft.<\/p>\n<p>Tydlig doft av Tawny Port, tillsammans med vanilj och orange anteckningar<\/p>\n<p>Smak<\/p>\n<p>Portvinet ger en kryddig smak, varefter ROM tar \u00f6ver med de klassiska Abuelo-noterna: tobak, apelsin, vanilj och l\u00e4der<\/p>\n<p>Eftersmak<\/p>\n<p>L\u00e5ng kr\u00e4mig eftersmak d\u00e4r hamnvin och romerska v\u00e4xelvis kommer i v\u00e5gor<\/p>\n<p>Kommentera alla av dem<\/p>\n<p>En rafted, elegant och v\u00e4ldigt riktig &#8221;ensamst\u00e5ende Rom&#8221; &#8211; sockerburkarna odlas p\u00e5 sina egna f\u00e4lt, rummet destilleras p\u00e5 egna kolumnkedjor och rummet lagras p\u00e5 ex bourbon r\u00e4tter i egna lager!<\/p>\n","protected":false},"excerpt":{"rendered":"<p>Premium Aged Rum &#8211; Panama<\/p>\n","protected":false},"featured_media":3444,"template":"","meta":{"_acf_changed":false,"rs_blank_template":"","rs_page_bg_color":"","slide_template_v7":""},"product_brand":[],"product_cat":[2387,2391,2753,2754,2758,4634],"product_tag":[],"class_list":{"0":"post-16264","1":"product","2":"type-product","3":"status-publish","4":"has-post-thumbnail","6":"product_cat-avec-sv","7":"product_cat-rom-sv","8":"product_cat-gaavor","9":"product_cat-foeretagspresenter","10":"product_cat-provsmakning-set","11":"product_cat-premium-aged-sv","12":"pa_land-panama-sv","13":"pa_procent-40-sv-2","14":"pa_producent-abuelo-sv","15":"pa_volume-3x20-sv-2","17":"first","18":"instock","19":"taxable","20":"shipping-taxable","21":"purchasable","22":"product-type-simple"},"bundled_by":[],"bundle_stock_status":"instock","bundle_stock_quantity":null,"bundle_virtual":false,"bundle_layout":"","bundle_add_to_cart_form_location":"","bundle_editable_in_cart":false,"bundle_sold_individually_context":"","bundle_item_grouping":"","bundle_min_size":"","bundle_max_size":"","bundle_price":[],"bundled_items":[],"bundle_sell_ids":[],"acf":[],"_links":{"self":[{"href":"https:\/\/www.raschvin.com\/sv\/wp-json\/wp\/v2\/product\/16264","targetHints":{"allow":["GET"]}}],"collection":[{"href":"https:\/\/www.raschvin.com\/sv\/wp-json\/wp\/v2\/product"}],"about":[{"href":"https:\/\/www.raschvin.com\/sv\/wp-json\/wp\/v2\/types\/product"}],"wp:featuredmedia":[{"embeddable":true,"href":"https:\/\/www.raschvin.com\/sv\/wp-json\/wp\/v2\/media\/3444"}],"wp:attachment":[{"href":"https:\/\/www.raschvin.com\/sv\/wp-json\/wp\/v2\/media?parent=16264"}],"wp:term":[{"taxonomy":"product_brand","embeddable":true,"href":"https:\/\/www.raschvin.com\/sv\/wp-json\/wp\/v2\/product_brand?post=16264"},{"taxonomy":"product_cat","embeddable":true,"href":"https:\/\/www.raschvin.com\/sv\/wp-json\/wp\/v2\/product_cat?post=16264"},{"taxonomy":"product_tag","embeddable":true,"href":"https:\/\/www.raschvin.com\/sv\/wp-json\/wp\/v2\/product_tag?post=16264"}],"curies":[{"name":"wp","href":"https:\/\/api.w.org\/{rel}","templated":true}]}}