{"id":16262,"date":"2022-05-30T09:27:43","date_gmt":"2022-05-30T07:27:43","guid":{"rendered":"https:\/\/www.raschvin.com\/vare\/a-h-riise-x-o-kong-haakon-reserve\/"},"modified":"2025-10-02T09:13:09","modified_gmt":"2025-10-02T07:13:09","slug":"a-h-riise-x-o-kong-haakon-reserve","status":"publish","type":"product","link":"https:\/\/www.raschvin.com\/sv\/produkt\/a-h-riise-x-o-kong-haakon-reserve\/","title":{"rendered":"Old St. Croix XO Haakon Royal Reserve 70 cl. 42%"},"content":{"rendered":"<p>Old St. Croix XO Haakon Royal Reserve 42% vol.<\/p>\n<p>I slutet av 1800-talet uppstod en s\u00e4rskild v\u00e4nskap mellan tv\u00e5 unga m\u00e4n i Dansk-V\u00e4stindien: den blivande kung Haakon VII av Norge och Valdemar Riise, son till apotekaren Albert Heinrich Riise. De m\u00f6ttes f\u00f6rsta g\u00e5ngen 1886, d\u00e5 den unge prins Carl seglade till \u00f6arna som kadett i den danska flottan. Under sina tv\u00e5 resor blev han en k\u00e4r g\u00e4st i Valdemar Riises hem, och v\u00e4nskapen mellan dem bestod livet ut.<\/p>\n<p>Smaknoter \u00e4r inte en ingrediensf\u00f6rteckning, utan en subjektiv beskrivning av smaken.<\/p>\n<p>Doft<br \/>\nDoften bjuder p\u00e5 toner av vanilj, kokosn\u00f6t och sm\u00f6rkola. Detta f\u00f6ljs av ett inslag av karamelliserad \u00e4ppelkaka med l\u00e4tt br\u00e4nd skorpa och diskreta lavendeltoner.<br \/>\nSmak<br \/>\nDe prim\u00e4ra aromerna \u00e5terkommer i smaken, d\u00e4r s\u00e4rskilt kokos framtr\u00e4der tydligt.<br \/>\nEftersmak<br \/>\nVanilj och sm\u00f6rkola dr\u00f6jer sig kvar, och tillsammans med inslag av apelsinskal ger det en full\u00e4ndad upplevelse.<\/p>\n<p>Kommentar<br \/>\nKong Haakon XO Royal Reserve \u00e4r en hyllning till b\u00e5de v\u00e4nskapen och den avslappnade stunden \u00f6ver ett v\u00e4l serverat glas!<\/p>\n","protected":false},"excerpt":{"rendered":"<p>Premium Aged Spirit Drink<\/p>\n","protected":false},"featured_media":99400,"template":"","meta":{"_acf_changed":false,"rs_blank_template":"","rs_page_bg_color":"","slide_template_v7":""},"product_brand":[],"product_cat":[2387,4634,2391],"product_tag":[],"class_list":{"0":"post-16262","1":"product","2":"type-product","3":"status-publish","4":"has-post-thumbnail","6":"product_cat-avec-sv","7":"product_cat-premium-aged-sv","8":"product_cat-rom-sv","9":"pa_land-tyskland-sv","10":"pa_procent-42-sv","11":"pa_producent-old-st-croix-sv","12":"pa_volume-70-sv-2","14":"first","15":"instock","16":"sale","17":"taxable","18":"shipping-taxable","19":"purchasable","20":"product-type-simple"},"bundled_by":[],"bundle_stock_status":"instock","bundle_stock_quantity":null,"bundle_virtual":false,"bundle_layout":"","bundle_add_to_cart_form_location":"","bundle_editable_in_cart":false,"bundle_sold_individually_context":"","bundle_item_grouping":"","bundle_min_size":"","bundle_max_size":"","bundle_price":[],"bundled_items":[],"bundle_sell_ids":[],"acf":[],"_links":{"self":[{"href":"https:\/\/www.raschvin.com\/sv\/wp-json\/wp\/v2\/product\/16262","targetHints":{"allow":["GET"]}}],"collection":[{"href":"https:\/\/www.raschvin.com\/sv\/wp-json\/wp\/v2\/product"}],"about":[{"href":"https:\/\/www.raschvin.com\/sv\/wp-json\/wp\/v2\/types\/product"}],"wp:featuredmedia":[{"embeddable":true,"href":"https:\/\/www.raschvin.com\/sv\/wp-json\/wp\/v2\/media\/99400"}],"wp:attachment":[{"href":"https:\/\/www.raschvin.com\/sv\/wp-json\/wp\/v2\/media?parent=16262"}],"wp:term":[{"taxonomy":"product_brand","embeddable":true,"href":"https:\/\/www.raschvin.com\/sv\/wp-json\/wp\/v2\/product_brand?post=16262"},{"taxonomy":"product_cat","embeddable":true,"href":"https:\/\/www.raschvin.com\/sv\/wp-json\/wp\/v2\/product_cat?post=16262"},{"taxonomy":"product_tag","embeddable":true,"href":"https:\/\/www.raschvin.com\/sv\/wp-json\/wp\/v2\/product_tag?post=16262"}],"curies":[{"name":"wp","href":"https:\/\/api.w.org\/{rel}","templated":true}]}}