{"id":16259,"date":"2022-05-30T09:27:43","date_gmt":"2022-05-30T07:27:43","guid":{"rendered":"https:\/\/www.raschvin.com\/vare\/a-h-riise-caramel-cream-the-original\/"},"modified":"2026-05-09T08:08:26","modified_gmt":"2026-05-09T06:08:26","slug":"a-h-riise-caramel-cream-the-original","status":"publish","type":"product","link":"https:\/\/www.raschvin.com\/sv\/produkt\/a-h-riise-caramel-cream-the-original\/","title":{"rendered":"Old St. Croix Rum Cream Original Liqueur 70 cl. 17%"},"content":{"rendered":"<p data-start=\"12\" data-end=\"148\">Sprit beh\u00f6ver inte alltid vara kraftfull och intensiv. Den kan ocks\u00e5 vara mjuk, kr\u00e4mig och f\u00f6rf\u00f6risk \u2013 som en dessert du inte vill dela.<\/p>\n<p data-start=\"150\" data-end=\"429\">Old St. Croix Cream Original \u00e4r skapad f\u00f6r just de \u00f6gonblicken. H\u00e4r m\u00f6ter lagrad sprit fr\u00e5n V\u00e4stindien och Centralamerika den finaste gr\u00e4dden fr\u00e5n frig\u00e5ende irl\u00e4ndska kor. Resultatet \u00e4r en rund, s\u00f6t och silkeslen lik\u00f6r d\u00e4r spritens v\u00e4rme fortfarande k\u00e4nns under den kr\u00e4miga ytan.<\/p>\n<p data-start=\"431\" data-end=\"720\">D\u00e4r traditionella whiskylik\u00f6rer ofta har en torr och kryddig karakt\u00e4r, bjuder Cream Original p\u00e5 n\u00e5got annat: en rundare, s\u00f6tare och mer tropisk smakupplevelse. Smaken inbjuder till l\u00e5ngsam njutning \u2013 p\u00e5 egen hand eller i gott s\u00e4llskap. Det h\u00e4r \u00e4r inte ett alternativ. Det \u00e4r en upplevelse.<\/p>\n<p data-start=\"722\" data-end=\"863\">Njut av den kyld \u00f6ver is, till kaffet, som dessert \u2013 eller i cocktails med kr\u00e4mig karakt\u00e4r och karibisk kant. Ett kr\u00e4migt \u00e4ventyr b\u00f6rjar h\u00e4r.<\/p>\n<p data-start=\"865\" data-end=\"954\">Smaknoter \u00e4r inte en inneh\u00e5llsf\u00f6rteckning, utan en subjektiv upplevelse av doft och smak.<\/p>\n<p data-start=\"956\" data-end=\"1025\"><strong data-start=\"956\" data-end=\"964\">Doft<\/strong><br data-start=\"964\" data-end=\"967\" \/>Citrustoner fr\u00e5n karibisk sprit i kombination med mintkola<\/p>\n<p data-start=\"1027\" data-end=\"1118\"><strong data-start=\"1027\" data-end=\"1035\">Smak<\/strong><br data-start=\"1035\" data-end=\"1038\" \/>Varm alkohol med en twist av cappuccino, en skv\u00e4tt gr\u00f6nmynta och mjuk, varm kola<\/p>\n<p data-start=\"1120\" data-end=\"1181\"><strong data-start=\"1120\" data-end=\"1133\">Eftersmak<\/strong><br data-start=\"1133\" data-end=\"1136\" \/>En l\u00e4tt ih\u00e5llande mintsmak f\u00f6ljd av gr\u00e4ddkola<\/p>\n","protected":false},"excerpt":{"rendered":"<p>Premium Rum-Cream Liqueur<\/p>\n","protected":false},"featured_media":123703,"template":"","meta":{"_acf_changed":false,"rs_blank_template":"","rs_page_bg_color":"","slide_template_v7":""},"product_brand":[],"product_cat":[2387,2390,4673,4678,9392,9395,9398],"product_tag":[],"class_list":{"0":"post-16259","1":"product","2":"type-product","3":"status-publish","4":"has-post-thumbnail","6":"product_cat-avec-sv","7":"product_cat-sprit","8":"product_cat-creme-sv","9":"product_cat-romlikor","10":"product_cat-likor-och-ol","11":"product_cat-likortyper","12":"product_cat-likor-efter-bas","13":"pa_land-tyskland-sv","14":"pa_procent-17-sv","15":"pa_producent-old-st-croix-sv","16":"pa_volume-70-sv-2","18":"first","19":"instock","20":"sale","21":"taxable","22":"shipping-taxable","23":"purchasable","24":"product-type-simple"},"bundled_by":[],"bundle_stock_status":"instock","bundle_stock_quantity":null,"bundle_virtual":false,"bundle_layout":"","bundle_add_to_cart_form_location":"","bundle_editable_in_cart":false,"bundle_sold_individually_context":"","bundle_item_grouping":"","bundle_min_size":"","bundle_max_size":"","bundle_price":[],"bundled_items":[],"bundle_sell_ids":[],"acf":[],"_links":{"self":[{"href":"https:\/\/www.raschvin.com\/sv\/wp-json\/wp\/v2\/product\/16259","targetHints":{"allow":["GET"]}}],"collection":[{"href":"https:\/\/www.raschvin.com\/sv\/wp-json\/wp\/v2\/product"}],"about":[{"href":"https:\/\/www.raschvin.com\/sv\/wp-json\/wp\/v2\/types\/product"}],"wp:featuredmedia":[{"embeddable":true,"href":"https:\/\/www.raschvin.com\/sv\/wp-json\/wp\/v2\/media\/123703"}],"wp:attachment":[{"href":"https:\/\/www.raschvin.com\/sv\/wp-json\/wp\/v2\/media?parent=16259"}],"wp:term":[{"taxonomy":"product_brand","embeddable":true,"href":"https:\/\/www.raschvin.com\/sv\/wp-json\/wp\/v2\/product_brand?post=16259"},{"taxonomy":"product_cat","embeddable":true,"href":"https:\/\/www.raschvin.com\/sv\/wp-json\/wp\/v2\/product_cat?post=16259"},{"taxonomy":"product_tag","embeddable":true,"href":"https:\/\/www.raschvin.com\/sv\/wp-json\/wp\/v2\/product_tag?post=16259"}],"curies":[{"name":"wp","href":"https:\/\/api.w.org\/{rel}","templated":true}]}}