{"id":16256,"date":"2022-05-30T09:27:43","date_gmt":"2022-05-30T07:27:43","guid":{"rendered":"https:\/\/www.raschvin.com\/vare\/a-h-riise-pharmacy-licorise-shot\/"},"modified":"2022-10-31T16:09:53","modified_gmt":"2022-10-31T15:09:53","slug":"a-h-riise-pharmacy-licorise-shot","status":"publish","type":"product","link":"https:\/\/www.raschvin.com\/sv\/produkt\/a-h-riise-pharmacy-licorise-shot\/","title":{"rendered":"A.H. Riise Pharmacy Licorise Shot 70 cl. 18%"},"content":{"rendered":"<p>AH. Riise Lakrid skott \u00e4r en hyllning till en av de mest entrepreneanska danarna, Albert Heinrich Riise, som med stor framg\u00e5ng k\u00f6r hans apotek i Charlotte Amalie p\u00e5 St. Thomas under perioden 1838 till 1878.<\/p>\n<p>Apotek Riises licors lik\u00f6rs skott, som med en smak av exakt lakrits ut\u00f6ver det vanliga, kommer att bidra till att helt nya standarder f\u00f6r konceptet &#8211; lakrits.<\/p>\n<p>M\u00e4nniskan markerar hantverket bakom. Det h\u00e4r \u00e4r en produkt som har varit i b\u00e4sta m\u00f6jliga m\u00e4nskliga h\u00e4nder fr\u00e5n b\u00f6rjan, till Riise Lakrid Shot hittar slutligen vilande i den eleganta flaskan. Den \u00e4r gjord p\u00e5 en bas av Premium Vodka, blandad med engelsk lakrits, lakritsrotpulver och salmiac &#8211; en fantastisk upplevelse!<\/p>\n<p>Doft.<\/p>\n<p>I n\u00e4san f\u00f6renas de tre smakerna med den framst\u00e5ende vodka i en n\u00e4stan alkemisk v\u00e4lb\u00e4rgning.<\/p>\n<p>Smak<\/p>\n<p>Smaken \u00e4r som i gamla dagar. F\u00f6rsta intryck kan bara beskrivas som k\u00e4nslan av \u00e4kta rostiga naglar, f\u00f6ljt upp av gener\u00f6sa m\u00e4ngder engelska lakrits<\/p>\n<p>Eftersmak<\/p>\n<p>Nu kommer bara en touch av salmiak, inte \u00f6verb\u00e4rande men rak<\/p>\n<p>Kommentar<\/p>\n<p>Om du gillar lakrits, kommer du att \u00e4lska den h\u00e4r! Servera kallt ren, men ocks\u00e5 i hemlagad mjukmedel!<\/p>\n","protected":false},"excerpt":{"rendered":"<p>Premium Licorice Liqueur<\/p>\n","protected":false},"featured_media":3406,"template":"","meta":{"_acf_changed":false,"rs_blank_template":"","rs_page_bg_color":"","slide_template_v7":""},"product_brand":[],"product_cat":[2387,4666,2407,2390,2402],"product_tag":[],"class_list":{"0":"post-16256","1":"product","2":"type-product","3":"status-publish","4":"has-post-thumbnail","6":"product_cat-avec-sv","7":"product_cat-lakrits-sprit","8":"product_cat-shots-sv","9":"product_cat-sprit","10":"product_cat-sprit-sv","11":"pa_land-tyskland-sv","12":"pa_procent-18-sv","13":"pa_producent-a-h-riise-sv","14":"pa_volume-70-sv-2","16":"first","17":"instock","18":"sale","19":"taxable","20":"shipping-taxable","21":"purchasable","22":"product-type-simple"},"bundled_by":[],"bundle_stock_status":"instock","bundle_stock_quantity":null,"bundle_virtual":false,"bundle_layout":"","bundle_add_to_cart_form_location":"","bundle_editable_in_cart":false,"bundle_sold_individually_context":"","bundle_item_grouping":"","bundle_min_size":"","bundle_max_size":"","bundle_price":[],"bundled_items":[],"bundle_sell_ids":[],"acf":[],"_links":{"self":[{"href":"https:\/\/www.raschvin.com\/sv\/wp-json\/wp\/v2\/product\/16256","targetHints":{"allow":["GET"]}}],"collection":[{"href":"https:\/\/www.raschvin.com\/sv\/wp-json\/wp\/v2\/product"}],"about":[{"href":"https:\/\/www.raschvin.com\/sv\/wp-json\/wp\/v2\/types\/product"}],"wp:featuredmedia":[{"embeddable":true,"href":"https:\/\/www.raschvin.com\/sv\/wp-json\/wp\/v2\/media\/3406"}],"wp:attachment":[{"href":"https:\/\/www.raschvin.com\/sv\/wp-json\/wp\/v2\/media?parent=16256"}],"wp:term":[{"taxonomy":"product_brand","embeddable":true,"href":"https:\/\/www.raschvin.com\/sv\/wp-json\/wp\/v2\/product_brand?post=16256"},{"taxonomy":"product_cat","embeddable":true,"href":"https:\/\/www.raschvin.com\/sv\/wp-json\/wp\/v2\/product_cat?post=16256"},{"taxonomy":"product_tag","embeddable":true,"href":"https:\/\/www.raschvin.com\/sv\/wp-json\/wp\/v2\/product_tag?post=16256"}],"curies":[{"name":"wp","href":"https:\/\/api.w.org\/{rel}","templated":true}]}}