{"id":16250,"date":"2022-05-30T09:26:26","date_gmt":"2022-05-30T07:26:26","guid":{"rendered":"https:\/\/www.raschvin.com\/vare\/folkingtons-indian-tonic-water\/"},"modified":"2022-11-17T13:54:56","modified_gmt":"2022-11-17T12:54:56","slug":"folkingtons-indian-tonic-water","status":"publish","type":"product","link":"https:\/\/www.raschvin.com\/sv\/produkt\/folkingtons-indian-tonic-water\/","title":{"rendered":"Folkington&#8217;s Indian Tonic Water 15 cl."},"content":{"rendered":"<p>Folkingtons indiska toniska vatten \u00e4r gjord av en blandning av naturligt kinin (fr\u00e5n Indian Cinchona Bark) med citron och \u00f6rter. Denna tonic \u00e4r gjord i sm\u00e5 satser f\u00f6r att h\u00e5lla \u00f6rter etc. F\u00e4rskt f\u00f6re produktion.<\/p>\n<p>Utan konserveringsmedel, artificiella s\u00f6tningsmedel eller tillsatser.<\/p>\n<p>Inneh\u00e5ll: Vatten, socker, naturliga extrakt fr\u00e5n \u00f6rter, kinin och citronsyra.<\/p>\n","protected":false},"excerpt":{"rendered":"<p>Authentic Tonic<\/p>\n","protected":false},"featured_media":3376,"template":"","meta":{"_acf_changed":false,"rs_blank_template":"","rs_page_bg_color":"","slide_template_v7":""},"product_brand":[],"product_cat":[2405],"product_tag":[],"class_list":{"0":"post-16250","1":"product","2":"type-product","3":"status-publish","4":"has-post-thumbnail","6":"product_cat-mixers-sv","7":"pa_land-storbritannien-sv","8":"pa_non-alcoholic-alkoholfri-sv","9":"pa_procent-0-sv","10":"pa_producent-folkingtons-sv-2","11":"pa_volume-15-sv","13":"first","14":"instock","15":"taxable","16":"shipping-taxable","17":"purchasable","18":"product-type-simple"},"bundled_by":[],"bundle_stock_status":"instock","bundle_stock_quantity":null,"bundle_virtual":false,"bundle_layout":"","bundle_add_to_cart_form_location":"","bundle_editable_in_cart":false,"bundle_sold_individually_context":"","bundle_item_grouping":"","bundle_min_size":"","bundle_max_size":"","bundle_price":[],"bundled_items":[],"bundle_sell_ids":[],"acf":[],"_links":{"self":[{"href":"https:\/\/www.raschvin.com\/sv\/wp-json\/wp\/v2\/product\/16250","targetHints":{"allow":["GET"]}}],"collection":[{"href":"https:\/\/www.raschvin.com\/sv\/wp-json\/wp\/v2\/product"}],"about":[{"href":"https:\/\/www.raschvin.com\/sv\/wp-json\/wp\/v2\/types\/product"}],"wp:featuredmedia":[{"embeddable":true,"href":"https:\/\/www.raschvin.com\/sv\/wp-json\/wp\/v2\/media\/3376"}],"wp:attachment":[{"href":"https:\/\/www.raschvin.com\/sv\/wp-json\/wp\/v2\/media?parent=16250"}],"wp:term":[{"taxonomy":"product_brand","embeddable":true,"href":"https:\/\/www.raschvin.com\/sv\/wp-json\/wp\/v2\/product_brand?post=16250"},{"taxonomy":"product_cat","embeddable":true,"href":"https:\/\/www.raschvin.com\/sv\/wp-json\/wp\/v2\/product_cat?post=16250"},{"taxonomy":"product_tag","embeddable":true,"href":"https:\/\/www.raschvin.com\/sv\/wp-json\/wp\/v2\/product_tag?post=16250"}],"curies":[{"name":"wp","href":"https:\/\/api.w.org\/{rel}","templated":true}]}}