{"id":16248,"date":"2022-05-30T09:26:26","date_gmt":"2022-05-30T07:26:26","guid":{"rendered":"https:\/\/www.raschvin.com\/vare\/folkingtons-elderflower\/"},"modified":"2022-11-17T13:53:21","modified_gmt":"2022-11-17T12:53:21","slug":"folkingtons-elderflower","status":"publish","type":"product","link":"https:\/\/www.raschvin.com\/sv\/produkt\/folkingtons-elderflower\/","title":{"rendered":"Folkington&#8217;s Elderflower Press\u00e8 &#8211; Gently Sparkling 25 cl."},"content":{"rendered":"<p>Mild mousserande hyllblommajuice, gjord av vilda hyllblommor plockade vilda p\u00e5 den engelska landsbygden och blandas med en touch av ren siciliansk citronsaft f\u00f6r att l\u00e4gga till en liten syra.<\/p>\n<p>Utan konserveringsmedel, artificiella s\u00f6tningsmedel eller tillsatser.<\/p>\n<p>Inneh\u00e5ll: Naturligt v\u00e5rvatten, socker, hyllblommajuice (vatten, d\u00e4r hyllblommor har bl\u00f6tl\u00e4ggt) och citronsaft.<\/p>\n","protected":false},"excerpt":{"rendered":"<p>Authentic Juices<\/p>\n","protected":false},"featured_media":3356,"template":"","meta":{"_acf_changed":false,"rs_blank_template":"","rs_page_bg_color":"","slide_template_v7":""},"product_brand":[],"product_cat":[2405],"product_tag":[],"class_list":{"0":"post-16248","1":"product","2":"type-product","3":"status-publish","4":"has-post-thumbnail","6":"product_cat-mixers-sv","7":"pa_land-storbritannien-sv","8":"pa_non-alcoholic-alkoholfri-sv","9":"pa_procent-0-sv","10":"pa_producent-folkingtons-sv-2","11":"pa_volume-25-sv","13":"first","14":"instock","15":"taxable","16":"shipping-taxable","17":"purchasable","18":"product-type-simple"},"bundled_by":["117257","117266","117275"],"bundle_stock_status":"instock","bundle_stock_quantity":null,"bundle_virtual":false,"bundle_layout":"","bundle_add_to_cart_form_location":"","bundle_editable_in_cart":false,"bundle_sold_individually_context":"","bundle_item_grouping":"","bundle_min_size":"","bundle_max_size":"","bundle_price":[],"bundled_items":[],"bundle_sell_ids":[],"acf":[],"_links":{"self":[{"href":"https:\/\/www.raschvin.com\/sv\/wp-json\/wp\/v2\/product\/16248","targetHints":{"allow":["GET"]}}],"collection":[{"href":"https:\/\/www.raschvin.com\/sv\/wp-json\/wp\/v2\/product"}],"about":[{"href":"https:\/\/www.raschvin.com\/sv\/wp-json\/wp\/v2\/types\/product"}],"wp:featuredmedia":[{"embeddable":true,"href":"https:\/\/www.raschvin.com\/sv\/wp-json\/wp\/v2\/media\/3356"}],"wp:attachment":[{"href":"https:\/\/www.raschvin.com\/sv\/wp-json\/wp\/v2\/media?parent=16248"}],"wp:term":[{"taxonomy":"product_brand","embeddable":true,"href":"https:\/\/www.raschvin.com\/sv\/wp-json\/wp\/v2\/product_brand?post=16248"},{"taxonomy":"product_cat","embeddable":true,"href":"https:\/\/www.raschvin.com\/sv\/wp-json\/wp\/v2\/product_cat?post=16248"},{"taxonomy":"product_tag","embeddable":true,"href":"https:\/\/www.raschvin.com\/sv\/wp-json\/wp\/v2\/product_tag?post=16248"}],"curies":[{"name":"wp","href":"https:\/\/api.w.org\/{rel}","templated":true}]}}