{"id":16245,"date":"2022-05-30T09:26:26","date_gmt":"2022-05-30T07:26:26","guid":{"rendered":"https:\/\/www.raschvin.com\/vare\/jacques-senaux-absinthe-blue-80\/"},"modified":"2024-07-09T19:14:11","modified_gmt":"2024-07-09T17:14:11","slug":"jacques-senaux-absinthe-blue-80","status":"publish","type":"product","link":"https:\/\/www.raschvin.com\/sv\/produkt\/jacques-senaux-absinthe-blue-80\/","title":{"rendered":"Jacques Senaux Absinthe Blue 70 cl. 80 %"},"content":{"rendered":"<p>Denna lyxiga Absinth produceras av Teichenn\u00e9. Absinth produceras genom att l\u00e5ta tr\u00e4dg\u00e5rdsmask, f\u00e4nk\u00e5l och anis samt flera andra kryddor dra i ren alkohol, f\u00f6r att bara f\u00e5 denna s\u00f6tning, lakrits och anis smak.<\/p>\n<p>Tillagd naturlig bl\u00e5 f\u00e4rg, f\u00f6r att k\u00e4nna skillnaden mellan de 4 varianterna med annan alkoholstyrka.<\/p>\n","protected":false},"excerpt":{"rendered":"<p>Bebida Espirituosa \u2013 Spain<\/p>\n","protected":false},"featured_media":3332,"template":"","meta":{"_acf_changed":false,"rs_blank_template":"","rs_page_bg_color":"","slide_template_v7":""},"product_brand":[],"product_cat":[2403,2402],"product_tag":[],"class_list":{"0":"post-16245","1":"product","2":"type-product","3":"status-publish","4":"has-post-thumbnail","6":"product_cat-absinthe-sv","7":"product_cat-sprit-sv","8":"pa_land-spanien-sv","9":"pa_procent-80-sv","10":"pa_producent-teichenne-sv","11":"pa_volume-78-sv","13":"first","14":"instock","15":"taxable","16":"shipping-taxable","17":"purchasable","18":"product-type-simple"},"bundled_by":[],"bundle_stock_status":"instock","bundle_stock_quantity":null,"bundle_virtual":false,"bundle_layout":"","bundle_add_to_cart_form_location":"","bundle_editable_in_cart":false,"bundle_sold_individually_context":"","bundle_item_grouping":"","bundle_min_size":"","bundle_max_size":"","bundle_price":[],"bundled_items":[],"bundle_sell_ids":[],"acf":[],"_links":{"self":[{"href":"https:\/\/www.raschvin.com\/sv\/wp-json\/wp\/v2\/product\/16245","targetHints":{"allow":["GET"]}}],"collection":[{"href":"https:\/\/www.raschvin.com\/sv\/wp-json\/wp\/v2\/product"}],"about":[{"href":"https:\/\/www.raschvin.com\/sv\/wp-json\/wp\/v2\/types\/product"}],"wp:featuredmedia":[{"embeddable":true,"href":"https:\/\/www.raschvin.com\/sv\/wp-json\/wp\/v2\/media\/3332"}],"wp:attachment":[{"href":"https:\/\/www.raschvin.com\/sv\/wp-json\/wp\/v2\/media?parent=16245"}],"wp:term":[{"taxonomy":"product_brand","embeddable":true,"href":"https:\/\/www.raschvin.com\/sv\/wp-json\/wp\/v2\/product_brand?post=16245"},{"taxonomy":"product_cat","embeddable":true,"href":"https:\/\/www.raschvin.com\/sv\/wp-json\/wp\/v2\/product_cat?post=16245"},{"taxonomy":"product_tag","embeddable":true,"href":"https:\/\/www.raschvin.com\/sv\/wp-json\/wp\/v2\/product_tag?post=16245"}],"curies":[{"name":"wp","href":"https:\/\/api.w.org\/{rel}","templated":true}]}}