{"id":16243,"date":"2022-05-30T09:25:18","date_gmt":"2022-05-30T07:25:18","guid":{"rendered":"https:\/\/www.raschvin.com\/vare\/crema-de-fresa-con-tequila\/"},"modified":"2024-12-19T08:26:41","modified_gmt":"2024-12-19T07:26:41","slug":"crema-de-fresa-con-tequila","status":"publish","type":"product","link":"https:\/\/www.raschvin.com\/sv\/produkt\/crema-de-fresa-con-tequila\/","title":{"rendered":"Kilda Fresa 70 cl. 17%"},"content":{"rendered":"<p>Tillverkad med kvalitetstequila, mj\u00f6lk och jordgubbar. Tillverkad med \u00e4kta mexikansk tequila. Kr\u00e4mig dryck baserad p\u00e5 mj\u00f6lk.<\/p>\n","protected":false},"excerpt":{"rendered":"<p>Premium Strawberry Cream Liqueur &#8211; Spain<\/p>\n","protected":false},"featured_media":79091,"template":"","meta":{"_acf_changed":false,"rs_blank_template":"","rs_page_bg_color":"","slide_template_v7":""},"product_brand":[],"product_cat":[2387,4673,2390],"product_tag":[],"class_list":{"0":"post-16243","1":"product","2":"type-product","3":"status-publish","4":"has-post-thumbnail","6":"product_cat-avec-sv","7":"product_cat-creme-sv","8":"product_cat-sprit","9":"pa_land-spanien-sv","10":"pa_procent-17-sv","11":"pa_producent-teichenne-sv","12":"pa_volume-70-sv-2","14":"first","15":"instock","16":"sale","17":"taxable","18":"shipping-taxable","19":"purchasable","20":"product-type-simple"},"bundled_by":[],"bundle_stock_status":"instock","bundle_stock_quantity":null,"bundle_virtual":false,"bundle_layout":"","bundle_add_to_cart_form_location":"","bundle_editable_in_cart":false,"bundle_sold_individually_context":"","bundle_item_grouping":"","bundle_min_size":"","bundle_max_size":"","bundle_price":[],"bundled_items":[],"bundle_sell_ids":[],"acf":[],"_links":{"self":[{"href":"https:\/\/www.raschvin.com\/sv\/wp-json\/wp\/v2\/product\/16243","targetHints":{"allow":["GET"]}}],"collection":[{"href":"https:\/\/www.raschvin.com\/sv\/wp-json\/wp\/v2\/product"}],"about":[{"href":"https:\/\/www.raschvin.com\/sv\/wp-json\/wp\/v2\/types\/product"}],"wp:featuredmedia":[{"embeddable":true,"href":"https:\/\/www.raschvin.com\/sv\/wp-json\/wp\/v2\/media\/79091"}],"wp:attachment":[{"href":"https:\/\/www.raschvin.com\/sv\/wp-json\/wp\/v2\/media?parent=16243"}],"wp:term":[{"taxonomy":"product_brand","embeddable":true,"href":"https:\/\/www.raschvin.com\/sv\/wp-json\/wp\/v2\/product_brand?post=16243"},{"taxonomy":"product_cat","embeddable":true,"href":"https:\/\/www.raschvin.com\/sv\/wp-json\/wp\/v2\/product_cat?post=16243"},{"taxonomy":"product_tag","embeddable":true,"href":"https:\/\/www.raschvin.com\/sv\/wp-json\/wp\/v2\/product_tag?post=16243"}],"curies":[{"name":"wp","href":"https:\/\/api.w.org\/{rel}","templated":true}]}}