{"id":16239,"date":"2022-05-30T09:25:18","date_gmt":"2022-05-30T07:25:18","guid":{"rendered":"https:\/\/www.raschvin.com\/vare\/meukow-extra-100-grande-champagne\/"},"modified":"2022-11-27T11:35:07","modified_gmt":"2022-11-27T10:35:07","slug":"meukow-extra-100-grande-champagne","status":"publish","type":"product","link":"https:\/\/www.raschvin.com\/sv\/produkt\/meukow-extra-100-grande-champagne\/","title":{"rendered":"Meukow Extra Cognac 70 cl. 40%"},"content":{"rendered":"<p>Komplex rancio, tobak och l\u00e4der<br \/>\nHJ\u00c4RTA<br \/>\nFruktig, valn\u00f6tter, mandel och kanderad apelsin<br \/>\nBAKGRUND<br \/>\nKryddig kanel och lakrits<br \/>\nBESKRIVNING<br \/>\nCognacerna som ing\u00e5r i Meukow Extra-blandningen har noggrant valts ut av K\u00e4llarm\u00e4staren bland de \u00e4ldsta konjaken som tidigare har f\u00f6rvarats i Paradisk\u00e4llaren. Smakningen av Meukow Extra avsl\u00f6jar tanninernas rikedom och den typiska rancio av de mycket gamla konjaken.<\/p>\n<p>Meukows historia b\u00f6rjar redan p\u00e5 1800-talet. Auguste-Christophe och Gustav Meukow grundade f\u00f6retaget 1850 i Schlesien. Efter en tid flyttade br\u00f6derna med f\u00f6retaget till Cognac i Frankrike. Successivt v\u00e4xte familjef\u00f6retaget och blev ett globalt erk\u00e4nt varum\u00e4rke. Sedan 1979 har Meukow varit en del av familjen Compagnie de Guyenne.<\/p>\n<p>Meukow Extra Cognac best\u00e5r av olika eau de vie utvalda av k\u00e4llarm\u00e4staren. \u00c5ldern p\u00e5 eau de vie och den speciella blandningen skapar denna speciella smak.<\/p>\n<p>F\u00e4rg: Amber.<br \/>\nN\u00e4sa: Komplex, l\u00e4der, tobak.<br \/>\nSmak: Fruktig, valn\u00f6tter, mandel, kanderad apelsin, kanel.<br \/>\nFinish: L\u00e5ngvarig<\/p>\n","protected":false},"excerpt":{"rendered":"<p>Premium Cognac de France<\/p>\n","protected":false},"featured_media":30374,"template":"","meta":{"_acf_changed":false,"rs_blank_template":"","rs_page_bg_color":"","slide_template_v7":""},"product_brand":[],"product_cat":[2387,2389,4800],"product_tag":[],"class_list":{"0":"post-16239","1":"product","2":"type-product","3":"status-publish","4":"has-post-thumbnail","6":"product_cat-avec-sv","7":"product_cat-cognac-sv","8":"product_cat-x-x-o-sv","9":"pa_land-frankrike","10":"pa_procent-40-sv-2","11":"pa_producent-meukow-cognac-sv","12":"pa_region-cognac-sv","13":"pa_volume-70-sv-2","15":"first","16":"instock","17":"sale","18":"taxable","19":"shipping-taxable","20":"purchasable","21":"product-type-simple"},"bundled_by":[],"bundle_stock_status":"instock","bundle_stock_quantity":null,"bundle_virtual":false,"bundle_layout":"","bundle_add_to_cart_form_location":"","bundle_editable_in_cart":false,"bundle_sold_individually_context":"","bundle_item_grouping":"","bundle_min_size":"","bundle_max_size":"","bundle_price":[],"bundled_items":[],"bundle_sell_ids":[],"acf":[],"_links":{"self":[{"href":"https:\/\/www.raschvin.com\/sv\/wp-json\/wp\/v2\/product\/16239","targetHints":{"allow":["GET"]}}],"collection":[{"href":"https:\/\/www.raschvin.com\/sv\/wp-json\/wp\/v2\/product"}],"about":[{"href":"https:\/\/www.raschvin.com\/sv\/wp-json\/wp\/v2\/types\/product"}],"wp:featuredmedia":[{"embeddable":true,"href":"https:\/\/www.raschvin.com\/sv\/wp-json\/wp\/v2\/media\/30374"}],"wp:attachment":[{"href":"https:\/\/www.raschvin.com\/sv\/wp-json\/wp\/v2\/media?parent=16239"}],"wp:term":[{"taxonomy":"product_brand","embeddable":true,"href":"https:\/\/www.raschvin.com\/sv\/wp-json\/wp\/v2\/product_brand?post=16239"},{"taxonomy":"product_cat","embeddable":true,"href":"https:\/\/www.raschvin.com\/sv\/wp-json\/wp\/v2\/product_cat?post=16239"},{"taxonomy":"product_tag","embeddable":true,"href":"https:\/\/www.raschvin.com\/sv\/wp-json\/wp\/v2\/product_tag?post=16239"}],"curies":[{"name":"wp","href":"https:\/\/api.w.org\/{rel}","templated":true}]}}