{"id":16238,"date":"2022-05-30T09:25:18","date_gmt":"2022-05-30T07:25:18","guid":{"rendered":"https:\/\/www.raschvin.com\/vare\/meukow-gold-panther-x-o\/"},"modified":"2022-11-27T11:10:57","modified_gmt":"2022-11-27T10:10:57","slug":"meukow-gold-panther-x-o","status":"publish","type":"product","link":"https:\/\/www.raschvin.com\/sv\/produkt\/meukow-gold-panther-x-o\/","title":{"rendered":"Meukow XO Cognac &#8211; Gold Panther 70 cl. 40%"},"content":{"rendered":"<p>Meukow Xo \u00e4r en blandning med upp till 40 \u00e5r gammal cognac. F\u00e4rgen \u00e4r mahogny och konjaken har en blommig doft av t.ex. Jasmine och iris. Senare i doften kommer plommon, persika och ett ledtr\u00e5dvin.<\/p>\n<p>Smaken \u00e4r tjock med choklad och vanilj som de r\u00e5dande anteckningarna. Andra kryddor och cedar kommer fr\u00e5n denna blandning av gamla Euax-de-Vis. Efter magan \u00e4r l\u00e4mpligt l\u00e5ng, som man kan f\u00f6rv\u00e4nta sig av en premium cognac av h\u00f6g \u00e5lder.<\/p>\n<p>Omr\u00e5de: Grande Champagne, Petite Champagne, Nice Bois och Bon Bois.<\/p>\n","protected":false},"excerpt":{"rendered":"<p>Premium Cognac de France<\/p>\n","protected":false},"featured_media":30388,"template":"","meta":{"_acf_changed":false,"rs_blank_template":"","rs_page_bg_color":"","slide_template_v7":""},"product_brand":[],"product_cat":[2387,2389,4600],"product_tag":[],"class_list":{"0":"post-16238","1":"product","2":"type-product","3":"status-publish","4":"has-post-thumbnail","6":"product_cat-avec-sv","7":"product_cat-cognac-sv","8":"product_cat-x-o-sv","9":"pa_land-frankrike","10":"pa_procent-40-sv-2","11":"pa_producent-meukow-cognac-sv","12":"pa_region-cognac-sv","13":"pa_volume-70-sv-2","15":"first","16":"instock","17":"sale","18":"taxable","19":"shipping-taxable","20":"purchasable","21":"product-type-simple"},"bundled_by":[],"bundle_stock_status":"instock","bundle_stock_quantity":null,"bundle_virtual":false,"bundle_layout":"","bundle_add_to_cart_form_location":"","bundle_editable_in_cart":false,"bundle_sold_individually_context":"","bundle_item_grouping":"","bundle_min_size":"","bundle_max_size":"","bundle_price":[],"bundled_items":[],"bundle_sell_ids":[],"acf":[],"_links":{"self":[{"href":"https:\/\/www.raschvin.com\/sv\/wp-json\/wp\/v2\/product\/16238","targetHints":{"allow":["GET"]}}],"collection":[{"href":"https:\/\/www.raschvin.com\/sv\/wp-json\/wp\/v2\/product"}],"about":[{"href":"https:\/\/www.raschvin.com\/sv\/wp-json\/wp\/v2\/types\/product"}],"wp:featuredmedia":[{"embeddable":true,"href":"https:\/\/www.raschvin.com\/sv\/wp-json\/wp\/v2\/media\/30388"}],"wp:attachment":[{"href":"https:\/\/www.raschvin.com\/sv\/wp-json\/wp\/v2\/media?parent=16238"}],"wp:term":[{"taxonomy":"product_brand","embeddable":true,"href":"https:\/\/www.raschvin.com\/sv\/wp-json\/wp\/v2\/product_brand?post=16238"},{"taxonomy":"product_cat","embeddable":true,"href":"https:\/\/www.raschvin.com\/sv\/wp-json\/wp\/v2\/product_cat?post=16238"},{"taxonomy":"product_tag","embeddable":true,"href":"https:\/\/www.raschvin.com\/sv\/wp-json\/wp\/v2\/product_tag?post=16238"}],"curies":[{"name":"wp","href":"https:\/\/api.w.org\/{rel}","templated":true}]}}