{"id":16237,"date":"2022-05-30T09:25:18","date_gmt":"2022-05-30T07:25:18","guid":{"rendered":"https:\/\/www.raschvin.com\/vare\/meukow-the-original-v-s-o-p\/"},"modified":"2022-11-27T11:22:44","modified_gmt":"2022-11-27T10:22:44","slug":"meukow-the-original-v-s-o-p-2","status":"publish","type":"product","link":"https:\/\/www.raschvin.com\/sv\/produkt\/meukow-the-original-v-s-o-p-2\/","title":{"rendered":"Meukow VSOP Superior Cognac &#8211; Clear Panther 70 cl. 40%"},"content":{"rendered":"<p>Meukow Vsop Superior har en gyllene gula f\u00e4rg med doft av valn\u00f6tter och hasseln\u00f6tter, liksom en touch av vanilj.<\/p>\n<p>Smaken \u00e4r harmonisk med en kryddig subtrone. Anteckningar av russin, kanderade apelsiner och persikor.<\/p>\n<p>Cognac slutar med en trevlig och god eftersmak.<\/p>\n<p>Meukow Vsop Superior har vunnit flera medaljer, t.ex. Den stora vin- och ande konkurrensen guldmedalj, d\u00e4r Meukow ytterligare tilldelades &#8221;Cognac Trophy&#8221;<\/p>\n<p>Omr\u00e5de: Grande Champagne, Fins Bois och Bons Bois.<\/p>\n","protected":false},"excerpt":{"rendered":"<p>Premium Cognac de France<\/p>\n","protected":false},"featured_media":30356,"template":"","meta":{"_acf_changed":false,"rs_blank_template":"","rs_page_bg_color":"","slide_template_v7":""},"product_brand":[],"product_cat":[2387,4606,2389],"product_tag":[],"class_list":{"0":"post-16237","1":"product","2":"type-product","3":"status-publish","4":"has-post-thumbnail","6":"product_cat-avec-sv","7":"product_cat-v-s-o-p-cognac","8":"product_cat-cognac-sv","9":"pa_land-frankrike","10":"pa_procent-40-sv-2","11":"pa_producent-meukow-cognac-sv","12":"pa_region-cognac-sv","13":"pa_volume-70-sv-2","15":"first","16":"instock","17":"sale","18":"taxable","19":"shipping-taxable","20":"purchasable","21":"product-type-simple"},"bundled_by":[],"bundle_stock_status":"instock","bundle_stock_quantity":null,"bundle_virtual":false,"bundle_layout":"","bundle_add_to_cart_form_location":"","bundle_editable_in_cart":false,"bundle_sold_individually_context":"","bundle_item_grouping":"","bundle_min_size":"","bundle_max_size":"","bundle_price":[],"bundled_items":[],"bundle_sell_ids":[],"acf":[],"_links":{"self":[{"href":"https:\/\/www.raschvin.com\/sv\/wp-json\/wp\/v2\/product\/16237","targetHints":{"allow":["GET"]}}],"collection":[{"href":"https:\/\/www.raschvin.com\/sv\/wp-json\/wp\/v2\/product"}],"about":[{"href":"https:\/\/www.raschvin.com\/sv\/wp-json\/wp\/v2\/types\/product"}],"wp:featuredmedia":[{"embeddable":true,"href":"https:\/\/www.raschvin.com\/sv\/wp-json\/wp\/v2\/media\/30356"}],"wp:attachment":[{"href":"https:\/\/www.raschvin.com\/sv\/wp-json\/wp\/v2\/media?parent=16237"}],"wp:term":[{"taxonomy":"product_brand","embeddable":true,"href":"https:\/\/www.raschvin.com\/sv\/wp-json\/wp\/v2\/product_brand?post=16237"},{"taxonomy":"product_cat","embeddable":true,"href":"https:\/\/www.raschvin.com\/sv\/wp-json\/wp\/v2\/product_cat?post=16237"},{"taxonomy":"product_tag","embeddable":true,"href":"https:\/\/www.raschvin.com\/sv\/wp-json\/wp\/v2\/product_tag?post=16237"}],"curies":[{"name":"wp","href":"https:\/\/api.w.org\/{rel}","templated":true}]}}