{"id":16236,"date":"2022-05-30T09:25:18","date_gmt":"2022-05-30T07:25:18","guid":{"rendered":"https:\/\/www.raschvin.com\/vare\/meukow-red-v-s-o-p\/"},"modified":"2022-11-27T12:02:33","modified_gmt":"2022-11-27T11:02:33","slug":"meukow-red-v-s-o-p","status":"publish","type":"product","link":"https:\/\/www.raschvin.com\/sv\/produkt\/meukow-red-v-s-o-p\/","title":{"rendered":"Meukow VSOP Superior Cognac \u2013 Red Panther 70 cl. 40%"},"content":{"rendered":"<p>Meukow Vsop Red \u00e4r en begr\u00e4nsad upplaga d\u00e4r flaskan \u00e4r helt i flamboyant r\u00f6d.<\/p>\n<p>F\u00e4rgen \u00e4r l\u00e4tt och gl\u00e4nsande med gyllene nyanser. Doften \u00e4r bra och intensiv, vilket ger ett trevligt, harmoniskt samspel mellan grillade \u00e4pplen, karamelll och n\u00f6tter. Smaken \u00e4r f\u00e4rsk med gr\u00f6na \u00e4pplen och delikat vanilj. I eftersmaken \u00e4r det torkade frukter som aprikos och russin.<\/p>\n<p>Omr\u00e5de: Grande Champagne, Fins Bois och Bons Bois.<\/p>\n","protected":false},"excerpt":{"rendered":"<p>Premium Cognac de France<\/p>\n","protected":false},"featured_media":30358,"template":"","meta":{"_acf_changed":false,"rs_blank_template":"","rs_page_bg_color":"","slide_template_v7":""},"product_brand":[],"product_cat":[2387,4606,2389],"product_tag":[],"class_list":{"0":"post-16236","1":"product","2":"type-product","3":"status-publish","4":"has-post-thumbnail","6":"product_cat-avec-sv","7":"product_cat-v-s-o-p-cognac","8":"product_cat-cognac-sv","9":"pa_land-frankrike","10":"pa_procent-40-sv-2","11":"pa_producent-meukow-cognac-sv","12":"pa_region-cognac-sv","13":"pa_volume-70-sv-2","15":"first","16":"instock","17":"downloadable","18":"taxable","19":"shipping-taxable","20":"purchasable","21":"product-type-simple"},"bundled_by":[],"bundle_stock_status":"instock","bundle_stock_quantity":null,"bundle_virtual":false,"bundle_layout":"","bundle_add_to_cart_form_location":"","bundle_editable_in_cart":false,"bundle_sold_individually_context":"","bundle_item_grouping":"","bundle_min_size":"","bundle_max_size":"","bundle_price":[],"bundled_items":[],"bundle_sell_ids":[],"acf":[],"_links":{"self":[{"href":"https:\/\/www.raschvin.com\/sv\/wp-json\/wp\/v2\/product\/16236","targetHints":{"allow":["GET"]}}],"collection":[{"href":"https:\/\/www.raschvin.com\/sv\/wp-json\/wp\/v2\/product"}],"about":[{"href":"https:\/\/www.raschvin.com\/sv\/wp-json\/wp\/v2\/types\/product"}],"wp:featuredmedia":[{"embeddable":true,"href":"https:\/\/www.raschvin.com\/sv\/wp-json\/wp\/v2\/media\/30358"}],"wp:attachment":[{"href":"https:\/\/www.raschvin.com\/sv\/wp-json\/wp\/v2\/media?parent=16236"}],"wp:term":[{"taxonomy":"product_brand","embeddable":true,"href":"https:\/\/www.raschvin.com\/sv\/wp-json\/wp\/v2\/product_brand?post=16236"},{"taxonomy":"product_cat","embeddable":true,"href":"https:\/\/www.raschvin.com\/sv\/wp-json\/wp\/v2\/product_cat?post=16236"},{"taxonomy":"product_tag","embeddable":true,"href":"https:\/\/www.raschvin.com\/sv\/wp-json\/wp\/v2\/product_tag?post=16236"}],"curies":[{"name":"wp","href":"https:\/\/api.w.org\/{rel}","templated":true}]}}