{"id":16235,"date":"2022-05-30T09:25:18","date_gmt":"2022-05-30T07:25:18","guid":{"rendered":"https:\/\/www.raschvin.com\/vare\/henri-mounier-decanter-xo\/"},"modified":"2022-11-18T17:56:15","modified_gmt":"2022-11-18T16:56:15","slug":"henri-mounier-decanter-xo","status":"publish","type":"product","link":"https:\/\/www.raschvin.com\/sv\/produkt\/henri-mounier-decanter-xo\/","title":{"rendered":"Cognac Henri Mounier XO Decanter 70 cl. 40%"},"content":{"rendered":"<p>XO-dekanter \u00e4r \u00e4nnu \u00e4ldre \u00e4n XO och produceras av 50% petite champagne, 30% fins Bois, 20% Grande Champagne.<\/p>\n<p>F\u00e4rgen \u00e4r verkligen djup maghogi. Doften \u00e4r en kaskad av anteckningar som kanel, l\u00e4der, jasmin och honung. Smaken f\u00f6ljer upp p\u00e5 doften och l\u00e4gger till vanilj fr\u00e5n den l\u00e5nga flotta lagringen och en sagahet som \u00e4r en fin \u00f6verg\u00e5ng till den l\u00e5nga mjuka eftersmaken.<\/p>\n<p>Grande champagne, petite champagne och fenes bois.<\/p>\n<p>Levereras i en fin karaff och presentf\u00f6rpackning<\/p>\n","protected":false},"excerpt":{"rendered":"<p>Fine Cognac de France<\/p>\n","protected":false},"featured_media":3271,"template":"","meta":{"_acf_changed":false,"rs_blank_template":"","rs_page_bg_color":"","slide_template_v7":""},"product_brand":[],"product_cat":[2387,2389,4600],"product_tag":[],"class_list":{"0":"post-16235","1":"product","2":"type-product","3":"status-publish","4":"has-post-thumbnail","6":"product_cat-avec-sv","7":"product_cat-cognac-sv","8":"product_cat-x-o-sv","9":"pa_land-frankrike","10":"pa_procent-40-sv-2","11":"pa_producent-henri-mounier-sv","12":"pa_region-cognac-sv","13":"pa_volume-70-sv-2","15":"first","16":"instock","17":"taxable","18":"shipping-taxable","19":"purchasable","20":"product-type-simple"},"bundled_by":[],"bundle_stock_status":"instock","bundle_stock_quantity":null,"bundle_virtual":false,"bundle_layout":"","bundle_add_to_cart_form_location":"","bundle_editable_in_cart":false,"bundle_sold_individually_context":"","bundle_item_grouping":"","bundle_min_size":"","bundle_max_size":"","bundle_price":[],"bundled_items":[],"bundle_sell_ids":[],"acf":[],"_links":{"self":[{"href":"https:\/\/www.raschvin.com\/sv\/wp-json\/wp\/v2\/product\/16235","targetHints":{"allow":["GET"]}}],"collection":[{"href":"https:\/\/www.raschvin.com\/sv\/wp-json\/wp\/v2\/product"}],"about":[{"href":"https:\/\/www.raschvin.com\/sv\/wp-json\/wp\/v2\/types\/product"}],"wp:featuredmedia":[{"embeddable":true,"href":"https:\/\/www.raschvin.com\/sv\/wp-json\/wp\/v2\/media\/3271"}],"wp:attachment":[{"href":"https:\/\/www.raschvin.com\/sv\/wp-json\/wp\/v2\/media?parent=16235"}],"wp:term":[{"taxonomy":"product_brand","embeddable":true,"href":"https:\/\/www.raschvin.com\/sv\/wp-json\/wp\/v2\/product_brand?post=16235"},{"taxonomy":"product_cat","embeddable":true,"href":"https:\/\/www.raschvin.com\/sv\/wp-json\/wp\/v2\/product_cat?post=16235"},{"taxonomy":"product_tag","embeddable":true,"href":"https:\/\/www.raschvin.com\/sv\/wp-json\/wp\/v2\/product_tag?post=16235"}],"curies":[{"name":"wp","href":"https:\/\/api.w.org\/{rel}","templated":true}]}}