{"id":16234,"date":"2022-05-30T09:25:18","date_gmt":"2022-05-30T07:25:18","guid":{"rendered":"https:\/\/www.raschvin.com\/vare\/henri-mounier-v-s-o-p\/"},"modified":"2022-11-18T18:02:48","modified_gmt":"2022-11-18T17:02:48","slug":"henri-mounier-v-s-o-p","status":"publish","type":"product","link":"https:\/\/www.raschvin.com\/sv\/produkt\/henri-mounier-v-s-o-p\/","title":{"rendered":"Cognac Henri Mounier VSOP 70 cl. 40%"},"content":{"rendered":"<p>H. Mounier vsop lagras f\u00f6rst p\u00e5 nya r\u00e4tter och de senaste \u00e5ren p\u00e5 \u00e4ldre r\u00e4tter. Detta \u00e4r en blandning av \u00f6ver 50 eaux-de-vis med 70% fenor Bois, 20% bons Bois och 10% petite champagne.<\/p>\n<p>F\u00e4rgen \u00e4r Ravley. Doften \u00e4r mycket raffinerad med vinblommor och en mycket fruktig karakt\u00e4r av speciell persika och aprikos. I smaken \u00e4r det fruktiga karakt\u00e4ren ocks\u00e5 klart, var, men anteckningar g\u00e5r mer mot torkad frukt.<\/p>\n<p>Omr\u00e5de: Petite Champagne, Fins Bois och Bons Bois.<\/p>\n","protected":false},"excerpt":{"rendered":"<p>Fine Cognac de France<\/p>\n","protected":false},"featured_media":29994,"template":"","meta":{"_acf_changed":false,"rs_blank_template":"","rs_page_bg_color":"","slide_template_v7":""},"product_brand":[],"product_cat":[2387,2389,4606],"product_tag":[],"class_list":{"0":"post-16234","1":"product","2":"type-product","3":"status-publish","4":"has-post-thumbnail","6":"product_cat-avec-sv","7":"product_cat-cognac-sv","8":"product_cat-v-s-o-p-sv","9":"pa_land-frankrike","10":"pa_procent-40-sv-2","11":"pa_producent-henri-mounier-sv","12":"pa_region-cognac-sv","13":"pa_volume-70-sv-2","15":"first","16":"instock","17":"sale","18":"taxable","19":"shipping-taxable","20":"purchasable","21":"product-type-simple"},"bundled_by":[],"bundle_stock_status":"instock","bundle_stock_quantity":null,"bundle_virtual":false,"bundle_layout":"","bundle_add_to_cart_form_location":"","bundle_editable_in_cart":false,"bundle_sold_individually_context":"","bundle_item_grouping":"","bundle_min_size":"","bundle_max_size":"","bundle_price":[],"bundled_items":[],"bundle_sell_ids":[],"acf":[],"_links":{"self":[{"href":"https:\/\/www.raschvin.com\/sv\/wp-json\/wp\/v2\/product\/16234","targetHints":{"allow":["GET"]}}],"collection":[{"href":"https:\/\/www.raschvin.com\/sv\/wp-json\/wp\/v2\/product"}],"about":[{"href":"https:\/\/www.raschvin.com\/sv\/wp-json\/wp\/v2\/types\/product"}],"wp:featuredmedia":[{"embeddable":true,"href":"https:\/\/www.raschvin.com\/sv\/wp-json\/wp\/v2\/media\/29994"}],"wp:attachment":[{"href":"https:\/\/www.raschvin.com\/sv\/wp-json\/wp\/v2\/media?parent=16234"}],"wp:term":[{"taxonomy":"product_brand","embeddable":true,"href":"https:\/\/www.raschvin.com\/sv\/wp-json\/wp\/v2\/product_brand?post=16234"},{"taxonomy":"product_cat","embeddable":true,"href":"https:\/\/www.raschvin.com\/sv\/wp-json\/wp\/v2\/product_cat?post=16234"},{"taxonomy":"product_tag","embeddable":true,"href":"https:\/\/www.raschvin.com\/sv\/wp-json\/wp\/v2\/product_tag?post=16234"}],"curies":[{"name":"wp","href":"https:\/\/api.w.org\/{rel}","templated":true}]}}