{"id":16230,"date":"2022-05-30T09:23:58","date_gmt":"2022-05-30T07:23:58","guid":{"rendered":"https:\/\/www.raschvin.com\/vare\/level-triple-distilled-gin\/"},"modified":"2022-11-23T12:37:56","modified_gmt":"2022-11-23T11:37:56","slug":"level-triple-distilled-gin","status":"publish","type":"product","link":"https:\/\/www.raschvin.com\/sv\/produkt\/level-triple-distilled-gin\/","title":{"rendered":"Level Triple Distilled Gin 70 cl. 44%"},"content":{"rendered":"<p>Niv\u00e5 premium \u00e4r trippel destillerad med en alkoholstyrkan p\u00e5 44%.<\/p>\n<p>Smaks anteckningar \u00e5terspeglar de botaniska \u00e4mnena som anv\u00e4nds vid destillationen.<\/p>\n<p>Den har en ny smak med en antydan av citrusnoter och har en n\u00e4stan &#8221;skarp&#8221; karakt\u00e4r i munnen som verkligen visar att det h\u00e4r \u00e4r en lyxprodukt. D\u00e4rf\u00f6r \u00e4r det mycket l\u00e4mpligt att dricka ren med is, med tonic eller i l\u00e4ckra cocktails.<\/p>\n<p>Har vunnit en m\u00e4ngd priser \u00f6ver hela v\u00e4rlden.<\/p>\n<p>\u00d6rter: Juniper, koriander, citron, apelsin, angelica rot, kardemumma, grapefrukt och orange blommor.<\/p>\n<p>Dubbel guldmedalj<br \/>\nNew York Int. Sprit Comp. (2019)<br \/>\n\u00c5rets spanska gin 2019<br \/>\nNew York Int. Sprit Comp.<br \/>\nSilver medalj<br \/>\nMelbourne International Spirits Competition (2016)<br \/>\nSilver medalj<br \/>\nInternationell vin- och spritt\u00e4vling (2015)<br \/>\nBronsmedalj<br \/>\nKategori &#8221;Gin&#038;Tonic&#8221;, Internationellt vin och sprit<br \/>\nGuldmedalj<br \/>\n1001degustations (Frankrike 2014)<\/p>\n","protected":false},"excerpt":{"rendered":"<p>Spanish Premium Gin<\/p>\n","protected":false},"featured_media":3251,"template":"","meta":{"_acf_changed":false,"rs_blank_template":"","rs_page_bg_color":"","slide_template_v7":""},"product_brand":[],"product_cat":[4711,2404,2402],"product_tag":[],"class_list":{"0":"post-16230","1":"product","2":"type-product","3":"status-publish","4":"has-post-thumbnail","6":"product_cat-andra-gins","7":"product_cat-gin-sv","8":"product_cat-sprit-sv","9":"pa_land-spanien-sv","10":"pa_procent-44-sv","11":"pa_producent-teichenne-sv","12":"pa_region-barcelona-sv","13":"pa_volume-70-sv-2","15":"first","16":"instock","17":"sale","18":"taxable","19":"shipping-taxable","20":"purchasable","21":"product-type-simple"},"bundled_by":["116453","117302"],"bundle_stock_status":"instock","bundle_stock_quantity":null,"bundle_virtual":false,"bundle_layout":"","bundle_add_to_cart_form_location":"","bundle_editable_in_cart":false,"bundle_sold_individually_context":"","bundle_item_grouping":"","bundle_min_size":"","bundle_max_size":"","bundle_price":[],"bundled_items":[],"bundle_sell_ids":[],"acf":[],"_links":{"self":[{"href":"https:\/\/www.raschvin.com\/sv\/wp-json\/wp\/v2\/product\/16230","targetHints":{"allow":["GET"]}}],"collection":[{"href":"https:\/\/www.raschvin.com\/sv\/wp-json\/wp\/v2\/product"}],"about":[{"href":"https:\/\/www.raschvin.com\/sv\/wp-json\/wp\/v2\/types\/product"}],"wp:featuredmedia":[{"embeddable":true,"href":"https:\/\/www.raschvin.com\/sv\/wp-json\/wp\/v2\/media\/3251"}],"wp:attachment":[{"href":"https:\/\/www.raschvin.com\/sv\/wp-json\/wp\/v2\/media?parent=16230"}],"wp:term":[{"taxonomy":"product_brand","embeddable":true,"href":"https:\/\/www.raschvin.com\/sv\/wp-json\/wp\/v2\/product_brand?post=16230"},{"taxonomy":"product_cat","embeddable":true,"href":"https:\/\/www.raschvin.com\/sv\/wp-json\/wp\/v2\/product_cat?post=16230"},{"taxonomy":"product_tag","embeddable":true,"href":"https:\/\/www.raschvin.com\/sv\/wp-json\/wp\/v2\/product_tag?post=16230"}],"curies":[{"name":"wp","href":"https:\/\/api.w.org\/{rel}","templated":true}]}}