{"id":16229,"date":"2022-05-30T09:23:58","date_gmt":"2022-05-30T07:23:58","guid":{"rendered":"https:\/\/www.raschvin.com\/vare\/zafra-ron-master-series-30-years\/"},"modified":"2024-12-16T12:37:12","modified_gmt":"2024-12-16T11:37:12","slug":"zafra-ron-master-series-30-years","status":"publish","type":"product","link":"https:\/\/www.raschvin.com\/sv\/produkt\/zafra-ron-master-series-30-years\/","title":{"rendered":"Zafra Ron Master Series 30 Years 70 cl. 40%"},"content":{"rendered":"<p> Rom i olika mognadsgrader och exceptionell kvalitet<br \/>\nRom erbjuds i m\u00e5nga varianter, fr\u00e5n vit rom som tappas direkt efter destillering till \u00e5rg\u00e5ngsrom som a\u00f1ejo eller oro. Extra lagrad rom, ofta m\u00e4rkt som Reserva eller XO, riktar sig till premiumsegmentet. Ett utm\u00e4rkt exempel \u00e4r Zafra Master Series 30YO Limited Edition, en limiterad utg\u00e5va som uppfyller h\u00f6ga kvalitetsstandarder.<\/p>\n<p>Efter destillering fr\u00e5n melass har Zafra Master Series 30YO f\u00e5tt mogna i ekfat i \u00f6ver tre decennier. Den l\u00e5nga lagringsprocessen ger romen dess komplexa arom och djup. Den \u00e4r producerad i Panama, ett land i Centralamerika snarare \u00e4n Karibien, och har en m\u00f6rk mahognyf\u00e4rg. Serien \u00e4r s\u00e4rskilt uppskattad av finsmakare och samlare.<\/p>\n<p>Den begr\u00e4nsade buteljeringen \u00e4gde rum 2016 efter att romen tillverkats med en kontinuerlig destillationsprocess och lagrats i 30 \u00e5r p\u00e5 amerikanska bourbonfat av vit ek. Trots den l\u00e5nga lagringsperioden har romen tappats med en traditionell, relativt l\u00e5g alkoholhalt.<\/p>\n<p>Smaknoter:<\/p>\n<p>F\u00e4rg: Mahogny.<br \/>\nDoft: Fruktig med toner av vanilj, karamell och en hint av ek.<br \/>\nSmak: Mjuk med toner av tr\u00e4, honung, vanilj samt inslag av sherry och bourbon.<br \/>\nEftersmak: L\u00e5ngvarig och v\u00e4lbalanserad.<\/p>\n","protected":false},"excerpt":{"rendered":"<p>Panama Premium Aged Rum<\/p>\n","protected":false},"featured_media":31124,"template":"","meta":{"_acf_changed":false,"rs_blank_template":"","rs_page_bg_color":"","slide_template_v7":""},"product_brand":[],"product_cat":[2387,4634,2391],"product_tag":[],"class_list":{"0":"post-16229","1":"product","2":"type-product","3":"status-publish","4":"has-post-thumbnail","6":"product_cat-avec-sv","7":"product_cat-premium-aged-sv","8":"product_cat-rom-sv","9":"pa_lagring-30-sv","10":"pa_land-panama-sv","11":"pa_procent-40-sv-2","12":"pa_producent-zafra-sv","13":"pa_traefad-bourbon-sv","14":"pa_volume-70-sv-2","16":"first","17":"instock","18":"sale","19":"taxable","20":"shipping-taxable","21":"purchasable","22":"product-type-simple"},"bundled_by":[],"bundle_stock_status":"instock","bundle_stock_quantity":null,"bundle_virtual":false,"bundle_layout":"","bundle_add_to_cart_form_location":"","bundle_editable_in_cart":false,"bundle_sold_individually_context":"","bundle_item_grouping":"","bundle_min_size":"","bundle_max_size":"","bundle_price":[],"bundled_items":[],"bundle_sell_ids":[],"acf":[],"_links":{"self":[{"href":"https:\/\/www.raschvin.com\/sv\/wp-json\/wp\/v2\/product\/16229","targetHints":{"allow":["GET"]}}],"collection":[{"href":"https:\/\/www.raschvin.com\/sv\/wp-json\/wp\/v2\/product"}],"about":[{"href":"https:\/\/www.raschvin.com\/sv\/wp-json\/wp\/v2\/types\/product"}],"wp:featuredmedia":[{"embeddable":true,"href":"https:\/\/www.raschvin.com\/sv\/wp-json\/wp\/v2\/media\/31124"}],"wp:attachment":[{"href":"https:\/\/www.raschvin.com\/sv\/wp-json\/wp\/v2\/media?parent=16229"}],"wp:term":[{"taxonomy":"product_brand","embeddable":true,"href":"https:\/\/www.raschvin.com\/sv\/wp-json\/wp\/v2\/product_brand?post=16229"},{"taxonomy":"product_cat","embeddable":true,"href":"https:\/\/www.raschvin.com\/sv\/wp-json\/wp\/v2\/product_cat?post=16229"},{"taxonomy":"product_tag","embeddable":true,"href":"https:\/\/www.raschvin.com\/sv\/wp-json\/wp\/v2\/product_tag?post=16229"}],"curies":[{"name":"wp","href":"https:\/\/api.w.org\/{rel}","templated":true}]}}