{"id":16228,"date":"2022-05-30T09:23:58","date_gmt":"2022-05-30T07:23:58","guid":{"rendered":"https:\/\/www.raschvin.com\/vare\/zafra-ron-master-reserve-21-years\/"},"modified":"2022-12-13T15:07:58","modified_gmt":"2022-12-13T14:07:58","slug":"zafra-ron-master-reserve-21-years","status":"publish","type":"product","link":"https:\/\/www.raschvin.com\/sv\/produkt\/zafra-ron-master-reserve-21-years\/","title":{"rendered":"Zafra Ron Master Reserve 21 Years 70 cl. 40%"},"content":{"rendered":"<p>Den 21-\u00e5riga masterreserven \u00e4r kolumnen destillerad p\u00e5 mycket speciella och mycket h\u00f6ga destillerier, vilket fullt ut g\u00f6r intrycket mycket &#8221;rent&#8221; och i perfekt balans.<\/p>\n<p>F\u00f6rvaring sker p\u00e5 amerikanska ekfat som anv\u00e4nds f\u00f6r Bourbon i minst 21 \u00e5r och det finns s\u00e5ledes en blandning med &#8221;riktiga&#8221; 21 \u00e5rs Rom, som \u00e4r ganska ovanligt &#8211; s\u00e4rskilt i detta prisklass.<br \/>\nReduceras f\u00f6rsiktigt till 49% alkohol f\u00f6re lagring.<br \/>\nF\u00f6rvaras p\u00e5 sm\u00e5 Bourbonfat (210 liter) i k\u00e4llare i minst 21 \u00e5r och sedan blandas av Maestro Ronero f\u00f6r att uppn\u00e5 en perfekt och likformig kvalitet.<\/p>\n<p>I glaset, den m\u00f6rkgul med tydlig karakt\u00e4r av \u00e5ldrade och en snatch av blomma flora och massor av mjuk vanilj och toffee. Det \u00e4r en Rom att med sin avledda s\u00f6tma och komplexitet g\u00f6r det bra f\u00f6r en bra cigarr och ja alls bara bra f\u00f6r den kr\u00e4sna.<\/p>\n","protected":false},"excerpt":{"rendered":"<p>Panama Premium Aged Rum<\/p>\n","protected":false},"featured_media":30996,"template":"","meta":{"_acf_changed":false,"rs_blank_template":"","rs_page_bg_color":"","slide_template_v7":""},"product_brand":[],"product_cat":[2387,4634,2391],"product_tag":[],"class_list":{"0":"post-16228","1":"product","2":"type-product","3":"status-publish","4":"has-post-thumbnail","6":"product_cat-avec-sv","7":"product_cat-premium-aged-sv","8":"product_cat-rom-sv","9":"pa_lagring-21-sv","10":"pa_land-panama-sv","11":"pa_procent-40-sv-2","12":"pa_producent-zafra-sv","13":"pa_traefad-bourbon-sv","14":"pa_volume-70-sv-2","16":"first","17":"instock","18":"sale","19":"taxable","20":"shipping-taxable","21":"purchasable","22":"product-type-simple"},"bundled_by":[],"bundle_stock_status":"instock","bundle_stock_quantity":null,"bundle_virtual":false,"bundle_layout":"","bundle_add_to_cart_form_location":"","bundle_editable_in_cart":false,"bundle_sold_individually_context":"","bundle_item_grouping":"","bundle_min_size":"","bundle_max_size":"","bundle_price":[],"bundled_items":[],"bundle_sell_ids":[],"acf":[],"_links":{"self":[{"href":"https:\/\/www.raschvin.com\/sv\/wp-json\/wp\/v2\/product\/16228","targetHints":{"allow":["GET"]}}],"collection":[{"href":"https:\/\/www.raschvin.com\/sv\/wp-json\/wp\/v2\/product"}],"about":[{"href":"https:\/\/www.raschvin.com\/sv\/wp-json\/wp\/v2\/types\/product"}],"wp:featuredmedia":[{"embeddable":true,"href":"https:\/\/www.raschvin.com\/sv\/wp-json\/wp\/v2\/media\/30996"}],"wp:attachment":[{"href":"https:\/\/www.raschvin.com\/sv\/wp-json\/wp\/v2\/media?parent=16228"}],"wp:term":[{"taxonomy":"product_brand","embeddable":true,"href":"https:\/\/www.raschvin.com\/sv\/wp-json\/wp\/v2\/product_brand?post=16228"},{"taxonomy":"product_cat","embeddable":true,"href":"https:\/\/www.raschvin.com\/sv\/wp-json\/wp\/v2\/product_cat?post=16228"},{"taxonomy":"product_tag","embeddable":true,"href":"https:\/\/www.raschvin.com\/sv\/wp-json\/wp\/v2\/product_tag?post=16228"}],"curies":[{"name":"wp","href":"https:\/\/api.w.org\/{rel}","templated":true}]}}