{"id":16227,"date":"2022-05-30T09:23:58","date_gmt":"2022-05-30T07:23:58","guid":{"rendered":"https:\/\/www.raschvin.com\/vare\/mocambo-rum-anniversary-edition-anejo-pistol\/"},"modified":"2022-11-27T13:55:57","modified_gmt":"2022-11-27T12:55:57","slug":"mocambo-rum-anniversary-edition-anejo-pistol","status":"publish","type":"product","link":"https:\/\/www.raschvin.com\/sv\/produkt\/mocambo-rum-anniversary-edition-anejo-pistol\/","title":{"rendered":"Mocambo Solera Limitada A\u00f1ejo Rum Pistol 20 cl. 40%"},"content":{"rendered":"<p>Mocambo Anniversary Edition Anejo \u00e4r en premium ROM i en speciell \u00e5rsdagsversion, lagrad 10 \u00e5r efter Solera-metoden. Det \u00e4r ovanligt komplext och smaken \u00e4r relativt torr i f\u00f6rh\u00e5llande till andra med samma \u00e5lder.<\/p>\n<p>I glaset gl\u00f6dar m\u00f6rkret med en h\u00e4rlig kastanjf\u00e4rg. Doften visar anteckningar av ek och fikon &#8211; smaken h\u00e5ller anteckningar av mogna torkade frukter, cedertr\u00e4 och en liten touch av anis.<\/p>\n<p>Kommer i en fantastisk handgjord glaspistol f\u00f6r att markera firandet av den mexikanska revolutionen. Den perfekta presenten till samlaren!<\/p>\n<p>Det ing\u00e5r foten s\u00e5 att flaskan kan presenteras p\u00e5 r\u00e4tt s\u00e4tt<\/p>\n","protected":false},"excerpt":{"rendered":"<p>Mexican Premium Aged Rum<\/p>\n","protected":false},"featured_media":3227,"template":"","meta":{"_acf_changed":false,"rs_blank_template":"","rs_page_bg_color":"","slide_template_v7":""},"product_brand":[],"product_cat":[2387,4634,2391],"product_tag":[],"class_list":{"0":"post-16227","1":"product","2":"type-product","3":"status-publish","4":"has-post-thumbnail","6":"product_cat-avec-sv","7":"product_cat-premium-aged-sv","8":"product_cat-rom-sv","9":"pa_land-mexiko","10":"pa_procent-40-sv-2","11":"pa_producent-mocambo-sv","12":"pa_region-cordo-sv","13":"pa_volume-20-sv","15":"first","16":"instock","17":"sale","18":"taxable","19":"shipping-taxable","20":"purchasable","21":"product-type-simple"},"bundled_by":[],"bundle_stock_status":"instock","bundle_stock_quantity":null,"bundle_virtual":false,"bundle_layout":"","bundle_add_to_cart_form_location":"","bundle_editable_in_cart":false,"bundle_sold_individually_context":"","bundle_item_grouping":"","bundle_min_size":"","bundle_max_size":"","bundle_price":[],"bundled_items":[],"bundle_sell_ids":[],"acf":[],"_links":{"self":[{"href":"https:\/\/www.raschvin.com\/sv\/wp-json\/wp\/v2\/product\/16227","targetHints":{"allow":["GET"]}}],"collection":[{"href":"https:\/\/www.raschvin.com\/sv\/wp-json\/wp\/v2\/product"}],"about":[{"href":"https:\/\/www.raschvin.com\/sv\/wp-json\/wp\/v2\/types\/product"}],"wp:featuredmedia":[{"embeddable":true,"href":"https:\/\/www.raschvin.com\/sv\/wp-json\/wp\/v2\/media\/3227"}],"wp:attachment":[{"href":"https:\/\/www.raschvin.com\/sv\/wp-json\/wp\/v2\/media?parent=16227"}],"wp:term":[{"taxonomy":"product_brand","embeddable":true,"href":"https:\/\/www.raschvin.com\/sv\/wp-json\/wp\/v2\/product_brand?post=16227"},{"taxonomy":"product_cat","embeddable":true,"href":"https:\/\/www.raschvin.com\/sv\/wp-json\/wp\/v2\/product_cat?post=16227"},{"taxonomy":"product_tag","embeddable":true,"href":"https:\/\/www.raschvin.com\/sv\/wp-json\/wp\/v2\/product_tag?post=16227"}],"curies":[{"name":"wp","href":"https:\/\/api.w.org\/{rel}","templated":true}]}}