{"id":16225,"date":"2022-05-30T09:23:58","date_gmt":"2022-05-30T07:23:58","guid":{"rendered":"https:\/\/www.raschvin.com\/vare\/carlos-no-1-imperial-x-o-solera-gran-reserva\/"},"modified":"2022-11-08T18:21:27","modified_gmt":"2022-11-08T17:21:27","slug":"carlos-no-1-imperial-x-o-solera-gran-reserva","status":"publish","type":"product","link":"https:\/\/www.raschvin.com\/sv\/produkt\/carlos-no-1-imperial-x-o-solera-gran-reserva\/","title":{"rendered":"Carlos No.1 &#8211; Imperial X.O Solera Gran Reserva 70 cl. 40%"},"content":{"rendered":"<p>Flaggskeppet premium tappning i Carlos i omr\u00e5det spanska Brandy de Jerez.<\/p>\n<p>Jerez \u00e4r givetvis mer k\u00e4nd f\u00f6r sina bef\u00e4sta viner, och som en sherry, har denna brandy varit \u00e4ldre i Solera-systemet. I det h\u00e4r systemet, varje g\u00e5ng en cask tappas f\u00f6r tappning, \u00e4r den fylld med andan fr\u00e5n n\u00e4sta \u00e4ldsta cask, i sin tur toppad av n\u00e4sta \u00e4ldsta. Detta garanterar en bra konsistens och balans mellan smaker.<\/p>\n<p>Brandy har \u00e5ldrats i tidigare Amontillado och Oloroso Sherry Casks, med en del av andan \u00f6ver 20 \u00e5r gammal. Det destilleras ocks\u00e5 fr\u00e5n de viner som anv\u00e4ndes tv\u00e5 g\u00f6r sherry. Resultatet \u00e4r en brandy djupt smaksatt med anteckningar av s\u00f6tt vin, r\u00f6da b\u00e4r, torkade frukter, gamla ek, vin tanniner, kryddor, mocka, plommon, druvor och karamellliserade \u00e4pple.<\/p>\n<p>Rik, dekadent och s\u00f6t, det h\u00e4r \u00e4r den perfekta efter middagsdrink. Vackert presenteras i vinkelbotten med en smart presentationsl\u00e5da.<\/p>\n","protected":false},"excerpt":{"rendered":"<p>Brandy de Jerez &#8211; Spain<\/p>\n","protected":false},"featured_media":3210,"template":"","meta":{"_acf_changed":false,"rs_blank_template":"","rs_page_bg_color":"","slide_template_v7":""},"product_brand":[],"product_cat":[2387,2395,2743],"product_tag":[],"class_list":{"0":"post-16225","1":"product","2":"type-product","3":"status-publish","4":"has-post-thumbnail","6":"product_cat-avec-sv","7":"product_cat-brandy-sv","8":"product_cat-brannvin-sv","9":"pa_land-spanien-sv","10":"pa_procent-40-sv-2","11":"pa_producent-osborne-distribuidora-s-a-sv","12":"pa_region-jerez-sv","13":"pa_volume-70-sv-2","15":"first","16":"instock","17":"sale","18":"taxable","19":"shipping-taxable","20":"purchasable","21":"product-type-simple"},"bundled_by":[],"bundle_stock_status":"instock","bundle_stock_quantity":null,"bundle_virtual":false,"bundle_layout":"","bundle_add_to_cart_form_location":"","bundle_editable_in_cart":false,"bundle_sold_individually_context":"","bundle_item_grouping":"","bundle_min_size":"","bundle_max_size":"","bundle_price":[],"bundled_items":[],"bundle_sell_ids":[],"acf":[],"_links":{"self":[{"href":"https:\/\/www.raschvin.com\/sv\/wp-json\/wp\/v2\/product\/16225","targetHints":{"allow":["GET"]}}],"collection":[{"href":"https:\/\/www.raschvin.com\/sv\/wp-json\/wp\/v2\/product"}],"about":[{"href":"https:\/\/www.raschvin.com\/sv\/wp-json\/wp\/v2\/types\/product"}],"wp:featuredmedia":[{"embeddable":true,"href":"https:\/\/www.raschvin.com\/sv\/wp-json\/wp\/v2\/media\/3210"}],"wp:attachment":[{"href":"https:\/\/www.raschvin.com\/sv\/wp-json\/wp\/v2\/media?parent=16225"}],"wp:term":[{"taxonomy":"product_brand","embeddable":true,"href":"https:\/\/www.raschvin.com\/sv\/wp-json\/wp\/v2\/product_brand?post=16225"},{"taxonomy":"product_cat","embeddable":true,"href":"https:\/\/www.raschvin.com\/sv\/wp-json\/wp\/v2\/product_cat?post=16225"},{"taxonomy":"product_tag","embeddable":true,"href":"https:\/\/www.raschvin.com\/sv\/wp-json\/wp\/v2\/product_tag?post=16225"}],"curies":[{"name":"wp","href":"https:\/\/api.w.org\/{rel}","templated":true}]}}