{"id":16224,"date":"2022-05-30T09:23:58","date_gmt":"2022-05-30T07:23:58","guid":{"rendered":"https:\/\/www.raschvin.com\/vare\/carlos-no-1-solera-gran-resverva\/"},"modified":"2022-11-08T18:25:08","modified_gmt":"2022-11-08T17:25:08","slug":"carlos-no-1-solera-gran-resverva","status":"publish","type":"product","link":"https:\/\/www.raschvin.com\/sv\/produkt\/carlos-no-1-solera-gran-resverva\/","title":{"rendered":"Carlos No.1 &#8211; Solera Gran Resverva 70 cl. 40%"},"content":{"rendered":"<p>Den uts\u00f6kta Gran Reserva Brandy Carlos No. 1 \u00e4r lite s\u00f6t och mild. En Solera Brandy Gran Reserva av h\u00f6gsta kvalitet. Denna brandy Carlos 1 Solera Gran Reserva k\u00e4nnetecknas av den otvetydiga aromatiska smaken och den heta mahogniska tonen. Carlos No. 1 Brandy \u00e4r skyldig i sin intensitet de valda basvinerna, den andalusiska solen och sist men inte minst den l\u00e5nga h\u00e5llbarheten p\u00e5 tolv \u00e5r p\u00e5 ekar. Under denna tid \u00e4r det viktigt att f\u00f6rsiktigt ta hand om fat och destillat, s\u00e5 Brandy kan utveckla sin karakt\u00e4r. K\u00e4llarens masters &#8221;n\u00e4sa&#8221; och erfarenhet spelar en viktig roll. Brandy Carlos No. 1 inspirerar med delikatess och en mogen, aromatisk bukett. Den heta, mjuka mahogny f\u00e4rgen visar den spanska storheten av Carlos i Solera Gran Reserva Brandy. En brandy som smakar som semester.<\/p>\n<p>Brandy de Jerez h\u00e4rstammar i Andalusias vinodlingsomr\u00e5de f\u00f6r 200 \u00e5r sedan. F\u00f6rutom jordens fertilitet \u00e4r det \u00f6verv\u00e4gande mikroklimatet en viktig del av den lokala ving\u00e5rden. Carlos i Solera Gran Reserva \u00e4r k\u00e4nt \u00f6ver hela v\u00e4rlden f\u00f6r den speciella kvaliteten p\u00e5 spanska brandy. Carlos I \u00e4r gjord av Jerez typiska viner, som huvudsakligen \u00e4r gjord av druvsorter Palomino, Pedro Xim\u00e9nez och Muscat d&#8217;Alexandria. Vindestillat \u00e4r sj\u00e4len av Carlos nr 1. D\u00e4rf\u00f6r gjorda vinstocken och vinerna av den av stor betydelse. Efter sk\u00f6rden i september m\u00e5ste m\u00e5ste fr\u00e5n andra pressning till destillation. Den f\u00f6rsta och eftertransporter \u00e4r separerade och bara &#8221;hj\u00e4rtat&#8221; anv\u00e4nds f\u00f6r produktion av Carlos nr 1 brandy anv\u00e4nds. F\u00f6rvaring och mognad sker enbart i Sherry Barrels av American Oak med Solera-metoden. Carlos No. 1 tillbringar tolv \u00e5r i fatet, den \u00e4ldre bror Carlos i Imperial minst 15 \u00e5r.<\/p>\n","protected":false},"excerpt":{"rendered":"<p>Brandy de Jerez &#8211; Spain<\/p>\n","protected":false},"featured_media":3200,"template":"","meta":{"_acf_changed":false,"rs_blank_template":"","rs_page_bg_color":"","slide_template_v7":""},"product_brand":[],"product_cat":[2387,2395],"product_tag":[],"class_list":{"0":"post-16224","1":"product","2":"type-product","3":"status-publish","4":"has-post-thumbnail","6":"product_cat-avec-sv","7":"product_cat-brandy-sv","8":"pa_land-spanien-sv","9":"pa_procent-40-sv-2","10":"pa_producent-osborne-distribuidora-s-a-sv","11":"pa_region-jerez-sv","12":"pa_volume-70-sv-2","14":"first","15":"instock","16":"sale","17":"taxable","18":"shipping-taxable","19":"purchasable","20":"product-type-simple"},"bundled_by":[],"bundle_stock_status":"instock","bundle_stock_quantity":null,"bundle_virtual":false,"bundle_layout":"","bundle_add_to_cart_form_location":"","bundle_editable_in_cart":false,"bundle_sold_individually_context":"","bundle_item_grouping":"","bundle_min_size":"","bundle_max_size":"","bundle_price":[],"bundled_items":[],"bundle_sell_ids":[],"acf":[],"_links":{"self":[{"href":"https:\/\/www.raschvin.com\/sv\/wp-json\/wp\/v2\/product\/16224","targetHints":{"allow":["GET"]}}],"collection":[{"href":"https:\/\/www.raschvin.com\/sv\/wp-json\/wp\/v2\/product"}],"about":[{"href":"https:\/\/www.raschvin.com\/sv\/wp-json\/wp\/v2\/types\/product"}],"wp:featuredmedia":[{"embeddable":true,"href":"https:\/\/www.raschvin.com\/sv\/wp-json\/wp\/v2\/media\/3200"}],"wp:attachment":[{"href":"https:\/\/www.raschvin.com\/sv\/wp-json\/wp\/v2\/media?parent=16224"}],"wp:term":[{"taxonomy":"product_brand","embeddable":true,"href":"https:\/\/www.raschvin.com\/sv\/wp-json\/wp\/v2\/product_brand?post=16224"},{"taxonomy":"product_cat","embeddable":true,"href":"https:\/\/www.raschvin.com\/sv\/wp-json\/wp\/v2\/product_cat?post=16224"},{"taxonomy":"product_tag","embeddable":true,"href":"https:\/\/www.raschvin.com\/sv\/wp-json\/wp\/v2\/product_tag?post=16224"}],"curies":[{"name":"wp","href":"https:\/\/api.w.org\/{rel}","templated":true}]}}