{"id":16223,"date":"2022-05-30T09:22:35","date_gmt":"2022-05-30T07:22:35","guid":{"rendered":"https:\/\/www.raschvin.com\/vare\/badel-sljivovica-slivovitz\/"},"modified":"2022-10-25T20:36:05","modified_gmt":"2022-10-25T18:36:05","slug":"badel-sljivovica-slivovitz","status":"publish","type":"product","link":"https:\/\/www.raschvin.com\/sv\/produkt\/badel-sljivovica-slivovitz\/","title":{"rendered":"Badel \u0160ljivovica \/ Slivovitz 50 cl. 40%"},"content":{"rendered":"<p>Badel Slivovic \u00e4r en klassisk kroatisk plommon Brugy. Badel Slivovic lagras under en kort tidsperiod som bidrar med komplexitet och djup till smaken.<\/p>\n<p>Ren guld av kroatisk tradition.<\/p>\n<p>Badel Hrvatska Stara \u0160ljivovica \u00e4r det mest k\u00e4nda varum\u00e4rket som produceras av Badel 1862. Det produceras genom att destillera den ursprungliga plommon Black Bistrica, men n\u00e5gra hemligheter i bearbetningen, bevarande och \u00e5ldrande av frukter g\u00f6r Badel Stara \u0160ljivovica f\u00f6r en unik drink som \u00e4r idealisk f\u00f6r n\u00e5gon l\u00e4genhet .<\/p>\n<p>Badel Stara \u0160ljivovica uppn\u00e5dde en kultstatus som motsvarar whiskys status i Skottland. Med tanke p\u00e5 dess betydelse \u00e4r det ocks\u00e5 tillg\u00e4ngligt i premiumf\u00f6rpackningar.<\/p>\n","protected":false},"excerpt":{"rendered":"<p>Croatian Plom Brandy<\/p>\n","protected":false},"featured_media":3193,"template":"","meta":{"_acf_changed":false,"rs_blank_template":"","rs_page_bg_color":"","slide_template_v7":""},"product_brand":[],"product_cat":[2743,2399],"product_tag":[],"class_list":{"0":"post-16223","1":"product","2":"type-product","3":"status-publish","4":"has-post-thumbnail","6":"product_cat-brannvin-sv","7":"product_cat-slivovitz-sv","8":"pa_land-kroatien-sv","9":"pa_procent-40-sv-2","10":"pa_volume-50-sv","12":"first","13":"instock","14":"taxable","15":"shipping-taxable","16":"purchasable","17":"product-type-simple"},"bundled_by":[],"bundle_stock_status":"instock","bundle_stock_quantity":null,"bundle_virtual":false,"bundle_layout":"","bundle_add_to_cart_form_location":"","bundle_editable_in_cart":false,"bundle_sold_individually_context":"","bundle_item_grouping":"","bundle_min_size":"","bundle_max_size":"","bundle_price":[],"bundled_items":[],"bundle_sell_ids":[],"acf":[],"_links":{"self":[{"href":"https:\/\/www.raschvin.com\/sv\/wp-json\/wp\/v2\/product\/16223","targetHints":{"allow":["GET"]}}],"collection":[{"href":"https:\/\/www.raschvin.com\/sv\/wp-json\/wp\/v2\/product"}],"about":[{"href":"https:\/\/www.raschvin.com\/sv\/wp-json\/wp\/v2\/types\/product"}],"wp:featuredmedia":[{"embeddable":true,"href":"https:\/\/www.raschvin.com\/sv\/wp-json\/wp\/v2\/media\/3193"}],"wp:attachment":[{"href":"https:\/\/www.raschvin.com\/sv\/wp-json\/wp\/v2\/media?parent=16223"}],"wp:term":[{"taxonomy":"product_brand","embeddable":true,"href":"https:\/\/www.raschvin.com\/sv\/wp-json\/wp\/v2\/product_brand?post=16223"},{"taxonomy":"product_cat","embeddable":true,"href":"https:\/\/www.raschvin.com\/sv\/wp-json\/wp\/v2\/product_cat?post=16223"},{"taxonomy":"product_tag","embeddable":true,"href":"https:\/\/www.raschvin.com\/sv\/wp-json\/wp\/v2\/product_tag?post=16223"}],"curies":[{"name":"wp","href":"https:\/\/api.w.org\/{rel}","templated":true}]}}