{"id":16222,"date":"2022-05-30T09:22:35","date_gmt":"2022-05-30T07:22:35","guid":{"rendered":"https:\/\/www.raschvin.com\/vare\/specht-slivovitz\/"},"modified":"2022-12-07T13:05:35","modified_gmt":"2022-12-07T12:05:35","slug":"specht-slivovitz","status":"publish","type":"product","link":"https:\/\/www.raschvin.com\/sv\/produkt\/specht-slivovitz\/","title":{"rendered":"Slivovitz Specht 70 cl. 40%"},"content":{"rendered":"<p>En tysk Slivovitz, gjord p\u00e5 ett traditionellt s\u00e4tt f\u00f6r plommon och presenteras i en diskret rund &#8221;Pocket Watch&#8221; -flaska.<\/p>\n","protected":false},"excerpt":{"rendered":"<p>German Plom Brandy<\/p>\n","protected":false},"featured_media":3189,"template":"","meta":{"_acf_changed":false,"rs_blank_template":"","rs_page_bg_color":"","slide_template_v7":""},"product_brand":[],"product_cat":[2743,2399],"product_tag":[],"class_list":{"0":"post-16222","1":"product","2":"type-product","3":"status-publish","4":"has-post-thumbnail","6":"product_cat-brannvin-sv","7":"product_cat-slivovitz-sv","8":"pa_land-tyskland-sv","9":"pa_procent-40-sv-2","10":"pa_volume-70-sv-2","12":"first","13":"instock","14":"sale","15":"taxable","16":"shipping-taxable","17":"purchasable","18":"product-type-simple"},"bundled_by":[],"bundle_stock_status":"instock","bundle_stock_quantity":null,"bundle_virtual":false,"bundle_layout":"","bundle_add_to_cart_form_location":"","bundle_editable_in_cart":false,"bundle_sold_individually_context":"","bundle_item_grouping":"","bundle_min_size":"","bundle_max_size":"","bundle_price":[],"bundled_items":[],"bundle_sell_ids":[],"acf":[],"_links":{"self":[{"href":"https:\/\/www.raschvin.com\/sv\/wp-json\/wp\/v2\/product\/16222","targetHints":{"allow":["GET"]}}],"collection":[{"href":"https:\/\/www.raschvin.com\/sv\/wp-json\/wp\/v2\/product"}],"about":[{"href":"https:\/\/www.raschvin.com\/sv\/wp-json\/wp\/v2\/types\/product"}],"wp:featuredmedia":[{"embeddable":true,"href":"https:\/\/www.raschvin.com\/sv\/wp-json\/wp\/v2\/media\/3189"}],"wp:attachment":[{"href":"https:\/\/www.raschvin.com\/sv\/wp-json\/wp\/v2\/media?parent=16222"}],"wp:term":[{"taxonomy":"product_brand","embeddable":true,"href":"https:\/\/www.raschvin.com\/sv\/wp-json\/wp\/v2\/product_brand?post=16222"},{"taxonomy":"product_cat","embeddable":true,"href":"https:\/\/www.raschvin.com\/sv\/wp-json\/wp\/v2\/product_cat?post=16222"},{"taxonomy":"product_tag","embeddable":true,"href":"https:\/\/www.raschvin.com\/sv\/wp-json\/wp\/v2\/product_tag?post=16222"}],"curies":[{"name":"wp","href":"https:\/\/api.w.org\/{rel}","templated":true}]}}