{"id":16216,"date":"2022-05-30T09:22:35","date_gmt":"2022-05-30T07:22:35","guid":{"rendered":"https:\/\/www.raschvin.com\/vare\/fano-skibsrom-gunpowder-57\/"},"modified":"2022-11-02T09:18:49","modified_gmt":"2022-11-02T08:18:49","slug":"fanoe-skibsrom-gunpowder-57","status":"publish","type":"product","link":"https:\/\/www.raschvin.com\/sv\/produkt\/fanoe-skibsrom-gunpowder-57\/","title":{"rendered":"Fan\u00f8 Skibsrom &#8211; Gunpowder 50 cl. 57%"},"content":{"rendered":"<p>Gunpowder 57 \u00e4r Gunpowder Proof. Fram till b\u00f6rjan av 1800-talet anv\u00e4nde den engelska flottan &#8217;Gunpowder Proof test&#8217; f\u00f6r att fastst\u00e4lla m\u00e4ngden alkohol i fartygets romranson.<\/p>\n<p>En liten blandning av krut och rom gjordes, och om den flammade upp vid ant\u00e4ndning var den 57% eller mer och d\u00e4rf\u00f6r krutt\u00e4t.<\/p>\n<p>F\u00f6rutom att se till att man inte betalade en \u00f6verpris f\u00f6r urvattnad rom, innebar det ocks\u00e5 att fartygets krut inte f\u00f6rst\u00f6rdes vid l\u00e4ckande romfat.<\/p>\n<p>GUNPOWDER 57 \u00e4r baserad p\u00e5 en rom som destilleras p\u00e5 Jamaica och d\u00e4refter f\u00f6r\u00e4dlas p\u00e5 Fan\u00f8. Bearbetningen best\u00e5r av en tv\u00e5stegslagring. F\u00f6rst lagras rommen tillsammans med naturliga r\u00e5varor som t.ex Fan\u00f8 Ljunghonung, havtorn och Madagaskar vanilj. Den f\u00f6rvaras sedan i portfat.<\/p>\n<p>GUNPOWDER 57 har vunnit en bronsmedalj i International Wine &#038; Spirit-t\u00e4vlingen 2020.<\/p>\n<p>Rik och gener\u00f6s med toner av varma pepparkakor, kryddpeppar, torkade aprikoser och saftigt limegodis.<br \/>\n(IWSC 2020, bronsmedalj)<\/p>\n","protected":false},"excerpt":{"rendered":"<p>Imported Jamaica Rum &#8211; Oak Aged in Denmark (Fan\u00f8)<\/p>\n","protected":false},"featured_media":29902,"template":"","meta":{"_acf_changed":false,"rs_blank_template":"","rs_page_bg_color":"","slide_template_v7":""},"product_brand":[],"product_cat":[2387,2391,4634],"product_tag":[],"class_list":{"0":"post-16216","1":"product","2":"type-product","3":"status-publish","4":"has-post-thumbnail","6":"product_cat-avec-sv","7":"product_cat-rom-sv","8":"product_cat-premium-aged-sv","9":"pa_land-danmark-sv","10":"pa_procent-57-sv","11":"pa_producent-fanoe-spirits-sv","12":"pa_region-fanoe-sv","13":"pa_volume-50-sv","15":"first","16":"instock","17":"sale","18":"taxable","19":"shipping-taxable","20":"purchasable","21":"product-type-simple"},"bundled_by":[],"bundle_stock_status":"instock","bundle_stock_quantity":null,"bundle_virtual":false,"bundle_layout":"","bundle_add_to_cart_form_location":"","bundle_editable_in_cart":false,"bundle_sold_individually_context":"","bundle_item_grouping":"","bundle_min_size":"","bundle_max_size":"","bundle_price":[],"bundled_items":[],"bundle_sell_ids":[],"acf":[],"_links":{"self":[{"href":"https:\/\/www.raschvin.com\/sv\/wp-json\/wp\/v2\/product\/16216","targetHints":{"allow":["GET"]}}],"collection":[{"href":"https:\/\/www.raschvin.com\/sv\/wp-json\/wp\/v2\/product"}],"about":[{"href":"https:\/\/www.raschvin.com\/sv\/wp-json\/wp\/v2\/types\/product"}],"wp:featuredmedia":[{"embeddable":true,"href":"https:\/\/www.raschvin.com\/sv\/wp-json\/wp\/v2\/media\/29902"}],"wp:attachment":[{"href":"https:\/\/www.raschvin.com\/sv\/wp-json\/wp\/v2\/media?parent=16216"}],"wp:term":[{"taxonomy":"product_brand","embeddable":true,"href":"https:\/\/www.raschvin.com\/sv\/wp-json\/wp\/v2\/product_brand?post=16216"},{"taxonomy":"product_cat","embeddable":true,"href":"https:\/\/www.raschvin.com\/sv\/wp-json\/wp\/v2\/product_cat?post=16216"},{"taxonomy":"product_tag","embeddable":true,"href":"https:\/\/www.raschvin.com\/sv\/wp-json\/wp\/v2\/product_tag?post=16216"}],"curies":[{"name":"wp","href":"https:\/\/api.w.org\/{rel}","templated":true}]}}