{"id":16215,"date":"2022-05-30T09:22:35","date_gmt":"2022-05-30T07:22:35","guid":{"rendered":"https:\/\/www.raschvin.com\/vare\/fano-skibsrom-gaveaeske-fruman-55-cl\/"},"modified":"2022-11-17T11:38:12","modified_gmt":"2022-11-17T10:38:12","slug":"fanoe-skibsrom-gaveaeske-fruman-55-cl","status":"publish","type":"product","link":"https:\/\/www.raschvin.com\/sv\/produkt\/fanoe-skibsrom-gaveaeske-fruman-55-cl\/","title":{"rendered":"Fan\u00f8 Skibsrom &#8211; Giftpack Fru+Man 5+5 cl. 41,5%"},"content":{"rendered":"<p>Presentf\u00f6rpackning inneh\u00e5ller 5 cl sj\u00f6jungfru och 5 cl sj\u00f6m\u00e4n<\/p>\n<p>ALC: 41,5%<\/p>\n<p>Baserat p\u00e5 en Rom som destilleras p\u00e5 Jamaica och d\u00e4refter raffinerade p\u00e5 Fan\u00f8. Uppf\u00f6dningen best\u00e5r av ett tv\u00e5stegs lagring. F\u00f6r det f\u00f6rsta lagras rummet tillsammans med naturliga r\u00e5material som t.ex. Fan\u00f8 lyghonning, tr\u00e4dg\u00e5rdskorn och Madagaskar vanilj. D\u00e5 skjuts det upp p\u00e5 portpinr\u00e4tter.<\/p>\n<p>Sj\u00f6jungfru<\/p>\n<p>S\u00f6t och aromatisk.<\/p>\n<p>Har vunnit Bronzedalje i International Wine &#038; Spirit Competition 2019.<\/p>\n<p>Polerad n\u00e4sa. P\u00e5 gommen druva och godis. Bra rumsbas, med en v\u00e4lbalanserad s\u00f6tma<br \/>\n(IWSC 2019, bronsmedalj)<\/p>\n<p>Sj\u00f6mannen<\/p>\n<p>Robust och kryddig.<\/p>\n<p>Har vunnit silvermedalj i internationell vin- och spritkonkurrens 2019<\/p>\n<p>Kryddig p\u00e5 n\u00e4san. Torkade frukter och karamelll \u00e4pple p\u00e5 gommen. En bra balans av kryddor och socker som leder till en h\u00e4rlig rumsbas.<\/p>\n","protected":false},"excerpt":{"rendered":"<p>Imported Jamaica Rum \u2013 Oak Aged in Denmark (Fan\u00f8)<\/p>\n","protected":false},"featured_media":44994,"template":"","meta":{"_acf_changed":false,"rs_blank_template":"","rs_page_bg_color":"","slide_template_v7":""},"product_brand":[],"product_cat":[2387,2754,2753,4634,2758,2391],"product_tag":[],"class_list":{"0":"post-16215","1":"product","2":"type-product","3":"status-publish","4":"has-post-thumbnail","6":"product_cat-avec-sv","7":"product_cat-foeretagspresenter","8":"product_cat-gaavor","9":"product_cat-premium-aged-sv","10":"product_cat-provsmakning-set","11":"product_cat-rom-sv","12":"pa_land-danmark-sv","13":"pa_procent-41-5-sv","14":"pa_producent-fanoe-skibsrom-sv","15":"pa_region-fanoe-sv","16":"pa_volume-2x5-sv","18":"first","19":"instock","20":"taxable","21":"shipping-taxable","22":"purchasable","23":"product-type-simple"},"bundled_by":[],"bundle_stock_status":"instock","bundle_stock_quantity":null,"bundle_virtual":false,"bundle_layout":"","bundle_add_to_cart_form_location":"","bundle_editable_in_cart":false,"bundle_sold_individually_context":"","bundle_item_grouping":"","bundle_min_size":"","bundle_max_size":"","bundle_price":[],"bundled_items":[],"bundle_sell_ids":[],"acf":[],"_links":{"self":[{"href":"https:\/\/www.raschvin.com\/sv\/wp-json\/wp\/v2\/product\/16215","targetHints":{"allow":["GET"]}}],"collection":[{"href":"https:\/\/www.raschvin.com\/sv\/wp-json\/wp\/v2\/product"}],"about":[{"href":"https:\/\/www.raschvin.com\/sv\/wp-json\/wp\/v2\/types\/product"}],"wp:featuredmedia":[{"embeddable":true,"href":"https:\/\/www.raschvin.com\/sv\/wp-json\/wp\/v2\/media\/44994"}],"wp:attachment":[{"href":"https:\/\/www.raschvin.com\/sv\/wp-json\/wp\/v2\/media?parent=16215"}],"wp:term":[{"taxonomy":"product_brand","embeddable":true,"href":"https:\/\/www.raschvin.com\/sv\/wp-json\/wp\/v2\/product_brand?post=16215"},{"taxonomy":"product_cat","embeddable":true,"href":"https:\/\/www.raschvin.com\/sv\/wp-json\/wp\/v2\/product_cat?post=16215"},{"taxonomy":"product_tag","embeddable":true,"href":"https:\/\/www.raschvin.com\/sv\/wp-json\/wp\/v2\/product_tag?post=16215"}],"curies":[{"name":"wp","href":"https:\/\/api.w.org\/{rel}","templated":true}]}}