{"id":16214,"date":"2022-05-30T09:22:35","date_gmt":"2022-05-30T07:22:35","guid":{"rendered":"https:\/\/www.raschvin.com\/vare\/fano-skibsrom-havmanden-5cl\/"},"modified":"2022-11-17T11:52:08","modified_gmt":"2022-11-17T10:52:08","slug":"fanoe-skibsrom-havmanden-5cl","status":"publish","type":"product","link":"https:\/\/www.raschvin.com\/sv\/produkt\/fanoe-skibsrom-havmanden-5cl\/","title":{"rendered":"Fan\u00f8 Skibsrom &#8211; Havmanden 5 cl. 41,5%"},"content":{"rendered":"<p>Sj\u00f6mannen \u00e4r ett kryddigt rum med en snygghet. Med en delikat smak av ljung honung och tr\u00e4dg\u00e5rd fr\u00e5n Fan\u00f8 och Madagaskar vanilj och med en h\u00e4rlig rundad smak av jamaicarom.<br \/>\nDen goda Rom kommer fr\u00e5n Jamaica och \u00e4r baserad p\u00e5 Portvinsfade p\u00e5 Fan\u00f8.<\/p>\n<p>Inspirationen f\u00f6r Fan\u00f8 Skibsrom b\u00f6rjar med Tendrigger Doris Brodersen byggdes i Flensburg 1875 och uppkallades efter fartygs\u00e4garens fru. Det var registrerat p\u00e5 St. Thomas, danska v\u00e4stindien, och d\u00e4rmed i dansk flagga fr\u00e5n 1875 och seglade i m\u00e5nga \u00e5r Rom och socker fr\u00e5n St.Croix, St.Thomas och St.jan till Flensburg. H\u00e4r sp\u00e4dades rummet (Verschnitt), kryddigt och lagrat i de m\u00e5nga rumshusen och s\u00e5lde som den ber\u00f6mda Flensburg Rom, d\u00e4r varje rum hade sin speciella mix.<\/p>\n<p>Doris Brodersen s\u00e5ldes till Fan\u00f8 1890, omr\u00e5de att barka 1892 och ingick i Fan\u00f8s seglingsflotta fram till 1908, n\u00e4r den s\u00e5ldes till Italien. Fartyget d\u00f6mdes p\u00e5 Bermuda 1913.<\/p>\n<p>Fanous segelb\u00e5t \u00e4r historia och raden transporteras nu i moderna skepp fr\u00e5n Karibien till Fan\u00f8.<br \/>\nInspirerad av fanous seglingshistoria och med en k\u00e4rlek till romerska smak och historia, satt Lars J. Schou sig f\u00f6r att skapa en karibisk kvalitet. En Rom med smaken av varma l\u00e4nder och Nordsj\u00f6ns dusch.<\/p>\n<p>Fan\u00f8 Skibsrome \u00e4r en karibisk kvalitet kryddig, lagrad och flaska p\u00e5 Fan\u00f8.<br \/>\nEn smak som skickar dig fr\u00e5n Fan\u00f8 till exotiska himlen &#8211; och tillbaka igen.<\/p>\n","protected":false},"excerpt":{"rendered":"<p>Imported Jamaica Rum \u2013 Oak Aged in Denmark (Fan\u00f8)<\/p>\n","protected":false},"featured_media":45027,"template":"","meta":{"_acf_changed":false,"rs_blank_template":"","rs_page_bg_color":"","slide_template_v7":""},"product_brand":[],"product_cat":[4634,2387,2391],"product_tag":[],"class_list":{"0":"post-16214","1":"product","2":"type-product","3":"status-publish","4":"has-post-thumbnail","6":"product_cat-premium-aged-sv","7":"product_cat-avec-sv","8":"product_cat-rom-sv","9":"pa_land-danmark-sv","10":"pa_procent-41-5-sv","11":"pa_producent-fanoe-skibsrom-sv","12":"pa_region-fanoe-sv","13":"pa_volume-5-sv","15":"first","16":"instock","17":"taxable","18":"shipping-taxable","19":"purchasable","20":"product-type-simple"},"bundled_by":[],"bundle_stock_status":"instock","bundle_stock_quantity":null,"bundle_virtual":false,"bundle_layout":"","bundle_add_to_cart_form_location":"","bundle_editable_in_cart":false,"bundle_sold_individually_context":"","bundle_item_grouping":"","bundle_min_size":"","bundle_max_size":"","bundle_price":[],"bundled_items":[],"bundle_sell_ids":[],"acf":[],"_links":{"self":[{"href":"https:\/\/www.raschvin.com\/sv\/wp-json\/wp\/v2\/product\/16214","targetHints":{"allow":["GET"]}}],"collection":[{"href":"https:\/\/www.raschvin.com\/sv\/wp-json\/wp\/v2\/product"}],"about":[{"href":"https:\/\/www.raschvin.com\/sv\/wp-json\/wp\/v2\/types\/product"}],"wp:featuredmedia":[{"embeddable":true,"href":"https:\/\/www.raschvin.com\/sv\/wp-json\/wp\/v2\/media\/45027"}],"wp:attachment":[{"href":"https:\/\/www.raschvin.com\/sv\/wp-json\/wp\/v2\/media?parent=16214"}],"wp:term":[{"taxonomy":"product_brand","embeddable":true,"href":"https:\/\/www.raschvin.com\/sv\/wp-json\/wp\/v2\/product_brand?post=16214"},{"taxonomy":"product_cat","embeddable":true,"href":"https:\/\/www.raschvin.com\/sv\/wp-json\/wp\/v2\/product_cat?post=16214"},{"taxonomy":"product_tag","embeddable":true,"href":"https:\/\/www.raschvin.com\/sv\/wp-json\/wp\/v2\/product_tag?post=16214"}],"curies":[{"name":"wp","href":"https:\/\/api.w.org\/{rel}","templated":true}]}}