{"id":16208,"date":"2022-05-30T09:21:18","date_gmt":"2022-05-30T07:21:18","guid":{"rendered":"https:\/\/www.raschvin.com\/vare\/zwack-unicum\/"},"modified":"2022-12-13T15:22:25","modified_gmt":"2022-12-13T14:22:25","slug":"zwack-unicum","status":"publish","type":"product","link":"https:\/\/www.raschvin.com\/sv\/produkt\/zwack-unicum\/","title":{"rendered":"Unicum Zwack 50 cl. 40%"},"content":{"rendered":"<p>Unicum \u00e4r en legendarisk bitter och initialt i Ungern. Den unika Herbicor bygger p\u00e5 ett hemligt familjerecept och \u00e4r gjord av mer \u00e4n 40 olika \u00f6rter och kryddor.<\/p>\n<p>Ursprungligen togs drycken i Royale Austrian \/ Ungerska Hof 1790, eftersom det borde vara bra f\u00f6r matsm\u00e4ltningen, men \u00f6ver tiden har det blivit en dryck som \u00e5tnjuts vid m\u00e5nga olika tider p\u00e5 dagen &#8211; som ett skott eller i en konjak glas, uppv\u00e4rmd med hand eller coolt.<\/p>\n<p>I Zwack-familjens destilleri i Budapest lagras Unicum p\u00e5 stora ekfat innan det flaskor i den karakteristiska rundflaskan, som har varit ett funktion i det historiska varum\u00e4rket i n\u00e4stan 200 \u00e5r. Det historiska varum\u00e4rket \u00e4r fortfarande p\u00e5 familjens h\u00e4nder i 6: e generationen, och Unicum \u00e4r inte bara en drink utan en nationell skatt.<\/p>\n","protected":false},"excerpt":{"rendered":"<p>Hungarian Herbal Bitter<\/p>\n","protected":false},"featured_media":3121,"template":"","meta":{"_acf_changed":false,"rs_blank_template":"","rs_page_bg_color":"","slide_template_v7":""},"product_brand":[],"product_cat":[2394],"product_tag":[],"class_list":{"0":"post-16208","1":"product","2":"type-product","3":"status-publish","4":"has-post-thumbnail","6":"product_cat-bitter-sv","7":"pa_land-ungern","8":"pa_procent-40-sv-2","9":"pa_producent-budapest-based-beverage-company-zwack-sv","10":"pa_region-budapest-sv","11":"pa_volume-50-sv","13":"first","14":"instock","15":"taxable","16":"shipping-taxable","17":"purchasable","18":"product-type-simple"},"bundled_by":[],"bundle_stock_status":"instock","bundle_stock_quantity":null,"bundle_virtual":false,"bundle_layout":"","bundle_add_to_cart_form_location":"","bundle_editable_in_cart":false,"bundle_sold_individually_context":"","bundle_item_grouping":"","bundle_min_size":"","bundle_max_size":"","bundle_price":[],"bundled_items":[],"bundle_sell_ids":[],"acf":[],"_links":{"self":[{"href":"https:\/\/www.raschvin.com\/sv\/wp-json\/wp\/v2\/product\/16208","targetHints":{"allow":["GET"]}}],"collection":[{"href":"https:\/\/www.raschvin.com\/sv\/wp-json\/wp\/v2\/product"}],"about":[{"href":"https:\/\/www.raschvin.com\/sv\/wp-json\/wp\/v2\/types\/product"}],"wp:featuredmedia":[{"embeddable":true,"href":"https:\/\/www.raschvin.com\/sv\/wp-json\/wp\/v2\/media\/3121"}],"wp:attachment":[{"href":"https:\/\/www.raschvin.com\/sv\/wp-json\/wp\/v2\/media?parent=16208"}],"wp:term":[{"taxonomy":"product_brand","embeddable":true,"href":"https:\/\/www.raschvin.com\/sv\/wp-json\/wp\/v2\/product_brand?post=16208"},{"taxonomy":"product_cat","embeddable":true,"href":"https:\/\/www.raschvin.com\/sv\/wp-json\/wp\/v2\/product_cat?post=16208"},{"taxonomy":"product_tag","embeddable":true,"href":"https:\/\/www.raschvin.com\/sv\/wp-json\/wp\/v2\/product_tag?post=16208"}],"curies":[{"name":"wp","href":"https:\/\/api.w.org\/{rel}","templated":true}]}}