{"id":16203,"date":"2022-05-30T09:19:50","date_gmt":"2022-05-30T07:19:50","guid":{"rendered":"https:\/\/www.raschvin.com\/vare\/fernet-branca-amaro-liqueur\/"},"modified":"2023-05-25T16:10:37","modified_gmt":"2023-05-25T14:10:37","slug":"fernet-branca-amaro-liqueur","status":"publish","type":"product","link":"https:\/\/www.raschvin.com\/sv\/produkt\/fernet-branca-amaro-liqueur\/","title":{"rendered":"Fernet Branca Amaro 70 cl. 35%"},"content":{"rendered":"<p>Ferned Branca &#8211; den mycket aromatiska bittera, var tillbaka 1845 och har sedan dess bevarat sin unika personlighet och bara f\u00e5tt mer framg\u00e5ng \u00f6ver tiden.<\/p>\n<p>Den bittera \u00e4r gjord av mer \u00e4n 30 olika \u00f6rter, v\u00e4xter och kryddor som alla bidrar till den kraftfulla, naturliga och mycket kryddiga smaken, som tillsammans utg\u00f6r den oj\u00e4mf\u00f6rliga ferned Branca.<\/p>\n<p>Tradition, kvalitet och innovation har sedan 1845 varit nyckelorden bakom Fratelli Branca &#8211; som idag st\u00e5r bakom flera produkter som ferned Branca, Pasoa, Sambuca, Match Whisky och Southern Comfort.<\/p>\n","protected":false},"excerpt":{"rendered":"<p>Classic Italian Herbal Liqueur<\/p>\n","protected":false},"featured_media":3071,"template":"","meta":{"_acf_changed":false,"rs_blank_template":"","rs_page_bg_color":"","slide_template_v7":""},"product_brand":[],"product_cat":[2387,2394,2743,4714,2407,2390,2402],"product_tag":[],"class_list":{"0":"post-16203","1":"product","2":"type-product","3":"status-publish","4":"has-post-thumbnail","6":"product_cat-avec-sv","7":"product_cat-bitter-sv","8":"product_cat-brannvin-sv","9":"product_cat-ort","10":"product_cat-shots-sv","11":"product_cat-sprit","12":"product_cat-sprit-sv","13":"pa_land-italien-sv","14":"pa_procent-35-sv","15":"pa_producent-fratelli-branca-distillerie-sv","16":"pa_volume-70-sv-2","18":"first","19":"instock","20":"taxable","21":"shipping-taxable","22":"purchasable","23":"product-type-simple"},"bundled_by":[],"bundle_stock_status":"instock","bundle_stock_quantity":null,"bundle_virtual":false,"bundle_layout":"","bundle_add_to_cart_form_location":"","bundle_editable_in_cart":false,"bundle_sold_individually_context":"","bundle_item_grouping":"","bundle_min_size":"","bundle_max_size":"","bundle_price":[],"bundled_items":[],"bundle_sell_ids":[],"acf":[],"_links":{"self":[{"href":"https:\/\/www.raschvin.com\/sv\/wp-json\/wp\/v2\/product\/16203","targetHints":{"allow":["GET"]}}],"collection":[{"href":"https:\/\/www.raschvin.com\/sv\/wp-json\/wp\/v2\/product"}],"about":[{"href":"https:\/\/www.raschvin.com\/sv\/wp-json\/wp\/v2\/types\/product"}],"wp:featuredmedia":[{"embeddable":true,"href":"https:\/\/www.raschvin.com\/sv\/wp-json\/wp\/v2\/media\/3071"}],"wp:attachment":[{"href":"https:\/\/www.raschvin.com\/sv\/wp-json\/wp\/v2\/media?parent=16203"}],"wp:term":[{"taxonomy":"product_brand","embeddable":true,"href":"https:\/\/www.raschvin.com\/sv\/wp-json\/wp\/v2\/product_brand?post=16203"},{"taxonomy":"product_cat","embeddable":true,"href":"https:\/\/www.raschvin.com\/sv\/wp-json\/wp\/v2\/product_cat?post=16203"},{"taxonomy":"product_tag","embeddable":true,"href":"https:\/\/www.raschvin.com\/sv\/wp-json\/wp\/v2\/product_tag?post=16203"}],"curies":[{"name":"wp","href":"https:\/\/api.w.org\/{rel}","templated":true}]}}