{"id":16202,"date":"2022-05-30T09:19:50","date_gmt":"2022-05-30T07:19:50","guid":{"rendered":"https:\/\/www.raschvin.com\/vare\/angostura-cocoa-bitters\/"},"modified":"2024-06-18T17:16:20","modified_gmt":"2024-06-18T15:16:20","slug":"angostura-cocoa-bitters","status":"publish","type":"product","link":"https:\/\/www.raschvin.com\/sv\/produkt\/angostura-cocoa-bitters\/","title":{"rendered":"Angostura Cocoa Bitters 10 cl. 48%"},"content":{"rendered":"<p>Att f\u00e5 smak ser fram emot sin gom p\u00e5 ett s\u00e4tt som l\u00e4mnar dig mer. Inget mer \u00e4n den rika smaken av kakao! Angostura\u00ae, som firas v\u00e4rlden \u00f6ver f\u00f6r sin rika historia att skapa aromatiska och orange bitter, har ut\u00f6kat sin ber\u00f6mda samling f\u00f6r att inkludera Angostura\u00ae Cocaobites. Vi anv\u00e4nder bara v\u00e4rldens finaste, Trinitario kakao fr\u00e5n Trinidad och Tobago. Paret med 200 \u00e5rs o\u00f6vertr\u00e4ffad bitters expertis har resulterat i denna riktigt dekadent, eftergiven ny smak. Topp anteckningar av rik bitter, blommig, nutty kakao med en dj\u00e4rv infusion av aromatiska v\u00e4xter ger o\u00e4ndliga m\u00f6jligheter att remixera klassiska cocktails och s\u00e4tta en lyxig snurrning p\u00e5 en huvudr\u00e4tt eller en s\u00f6t behandling. Trinidad och Tobago \u00e4r ett av de f\u00e5 l\u00e4nder som \u00e4r utsedda som en 100% fin eller smakrock. En status som den har haft i \u00e5rtionden.<\/p>\n","protected":false},"excerpt":{"rendered":"<p>Dr. Siegerts Bitter Mixer<\/p>\n","protected":false},"featured_media":3058,"template":"","meta":{"_acf_changed":false,"rs_blank_template":"","rs_page_bg_color":"","slide_template_v7":""},"product_brand":[],"product_cat":[2743,2402,2394,2405],"product_tag":[],"class_list":{"0":"post-16202","1":"product","2":"type-product","3":"status-publish","4":"has-post-thumbnail","6":"product_cat-brannvin-sv","7":"product_cat-sprit-sv","8":"product_cat-bitter-sv","9":"product_cat-mixers-sv","10":"pa_land-trinidad-sv","11":"pa_procent-48-sv","12":"pa_producent-the-house-of-angostura-sv","13":"pa_volume-10-sv","15":"first","16":"instock","17":"taxable","18":"shipping-taxable","19":"purchasable","20":"product-type-simple"},"bundled_by":[],"bundle_stock_status":"instock","bundle_stock_quantity":null,"bundle_virtual":false,"bundle_layout":"","bundle_add_to_cart_form_location":"","bundle_editable_in_cart":false,"bundle_sold_individually_context":"","bundle_item_grouping":"","bundle_min_size":"","bundle_max_size":"","bundle_price":[],"bundled_items":[],"bundle_sell_ids":[],"acf":[],"_links":{"self":[{"href":"https:\/\/www.raschvin.com\/sv\/wp-json\/wp\/v2\/product\/16202","targetHints":{"allow":["GET"]}}],"collection":[{"href":"https:\/\/www.raschvin.com\/sv\/wp-json\/wp\/v2\/product"}],"about":[{"href":"https:\/\/www.raschvin.com\/sv\/wp-json\/wp\/v2\/types\/product"}],"wp:featuredmedia":[{"embeddable":true,"href":"https:\/\/www.raschvin.com\/sv\/wp-json\/wp\/v2\/media\/3058"}],"wp:attachment":[{"href":"https:\/\/www.raschvin.com\/sv\/wp-json\/wp\/v2\/media?parent=16202"}],"wp:term":[{"taxonomy":"product_brand","embeddable":true,"href":"https:\/\/www.raschvin.com\/sv\/wp-json\/wp\/v2\/product_brand?post=16202"},{"taxonomy":"product_cat","embeddable":true,"href":"https:\/\/www.raschvin.com\/sv\/wp-json\/wp\/v2\/product_cat?post=16202"},{"taxonomy":"product_tag","embeddable":true,"href":"https:\/\/www.raschvin.com\/sv\/wp-json\/wp\/v2\/product_tag?post=16202"}],"curies":[{"name":"wp","href":"https:\/\/api.w.org\/{rel}","templated":true}]}}