{"id":16201,"date":"2022-05-30T09:19:50","date_gmt":"2022-05-30T07:19:50","guid":{"rendered":"https:\/\/www.raschvin.com\/vare\/angostura-orange-bitters\/"},"modified":"2022-10-25T08:41:22","modified_gmt":"2022-10-25T06:41:22","slug":"angostura-orange-bitters","status":"publish","type":"product","link":"https:\/\/www.raschvin.com\/sv\/produkt\/angostura-orange-bitters\/","title":{"rendered":"Angostura Orange Bitters 10 cl. 28%"},"content":{"rendered":"<p>Tv\u00e5 k\u00e4nsliga citrusextrakt, en fantastisk smak av karibiska apelsiner och den ursprungliga kombinationen av \u00f6rter och kryddor \u00e4r i den vackraste balansen.<\/p>\n<p>Den perfekta mixern f\u00f6r tropiska cocktails och kulinariska upplevelser.<\/p>\n<p>Angostura\u00ae Orange Bitters \u00e4r gjorda av sitt eget specialrecept och \u00e4r en komplex blandning av tropiska apelsiner och kryddor. &#8221;Sj\u00e4len av en ovanligt torr martini&#8221;; Det \u00e4r underbart m\u00e5ngsidigt och passar perfekt med vodka, gin och whisky. Det l\u00e4gger ocks\u00e5 till Rome cocktails ett djup av smak. Dess komplexitet och smakslager g\u00f6r ocks\u00e5 en kulinarisk m\u00e5ste-har ingrediens. Ett perfekt ackompanjemang f\u00f6r salta s\u00e5ser, skaldjur och choklad.<\/p>\n","protected":false},"excerpt":{"rendered":"<p>Dr. Siegerts Bitter Mixer<\/p>\n","protected":false},"featured_media":3048,"template":"","meta":{"_acf_changed":false,"rs_blank_template":"","rs_page_bg_color":"","slide_template_v7":""},"product_brand":[],"product_cat":[2394,2402,2405],"product_tag":[],"class_list":{"0":"post-16201","1":"product","2":"type-product","3":"status-publish","4":"has-post-thumbnail","6":"product_cat-bitter-sv","7":"product_cat-sprit-sv","8":"product_cat-mixers-sv","9":"pa_land-trinidad-sv","10":"pa_procent-28-sv","11":"pa_producent-the-house-of-angostura-sv","12":"pa_volume-10-sv","14":"first","15":"instock","16":"taxable","17":"shipping-taxable","18":"purchasable","19":"product-type-simple"},"bundled_by":[],"bundle_stock_status":"instock","bundle_stock_quantity":null,"bundle_virtual":false,"bundle_layout":"","bundle_add_to_cart_form_location":"","bundle_editable_in_cart":false,"bundle_sold_individually_context":"","bundle_item_grouping":"","bundle_min_size":"","bundle_max_size":"","bundle_price":[],"bundled_items":[],"bundle_sell_ids":[],"acf":[],"_links":{"self":[{"href":"https:\/\/www.raschvin.com\/sv\/wp-json\/wp\/v2\/product\/16201","targetHints":{"allow":["GET"]}}],"collection":[{"href":"https:\/\/www.raschvin.com\/sv\/wp-json\/wp\/v2\/product"}],"about":[{"href":"https:\/\/www.raschvin.com\/sv\/wp-json\/wp\/v2\/types\/product"}],"wp:featuredmedia":[{"embeddable":true,"href":"https:\/\/www.raschvin.com\/sv\/wp-json\/wp\/v2\/media\/3048"}],"wp:attachment":[{"href":"https:\/\/www.raschvin.com\/sv\/wp-json\/wp\/v2\/media?parent=16201"}],"wp:term":[{"taxonomy":"product_brand","embeddable":true,"href":"https:\/\/www.raschvin.com\/sv\/wp-json\/wp\/v2\/product_brand?post=16201"},{"taxonomy":"product_cat","embeddable":true,"href":"https:\/\/www.raschvin.com\/sv\/wp-json\/wp\/v2\/product_cat?post=16201"},{"taxonomy":"product_tag","embeddable":true,"href":"https:\/\/www.raschvin.com\/sv\/wp-json\/wp\/v2\/product_tag?post=16201"}],"curies":[{"name":"wp","href":"https:\/\/api.w.org\/{rel}","templated":true}]}}