{"id":16199,"date":"2024-05-24T08:46:50","date_gmt":"2024-05-24T06:46:50","guid":{"rendered":"https:\/\/www.raschvin.com\/vare\/campari-apertivo-100-cl\/"},"modified":"2022-11-08T16:20:03","modified_gmt":"2022-11-08T15:20:03","slug":"campari-apertivo-100-cl","status":"publish","type":"product","link":"https:\/\/www.raschvin.com\/sv\/produkt\/campari-apertivo-100-cl\/","title":{"rendered":"Campari Bitter 100 cl. 25%"},"content":{"rendered":"<p>CAMPARI \u00e4r idag grunden f\u00f6r n\u00e5gra av de mest k\u00e4nda cocktailerna.<br \/>\nSmaken uppn\u00e5s genom infusion av bittra \u00f6rter, aromatiska v\u00e4xter och frukter, alkohol och vatten.<br \/>\nDen livsliknande r\u00f6da f\u00e4rgen, den intensiva aromen och dess ispirerande smak, har gjort Campari en symbol f\u00f6r fest och gl\u00e4dje.<\/p>\n<p>F\u00f6rslag:<\/p>\n<p>Negroni.<br \/>\n&#8211; 2 C CAMPARI<br \/>\n&#8211; 2 cl. Red Vermouth<br \/>\n&#8211; 2 cl torr gin<br \/>\nKom alla ingredienser i ditt cocktailglas och r\u00f6r.<\/p>\n<p>Torr campari.<br \/>\n&#8211; 1 cl campari<br \/>\n&#8211; 4 cl gin<br \/>\n&#8211; 8 klonisk vatten<br \/>\n&#8211; 1 clore juice<br \/>\nL\u00e4gg till alla ingredienser i ett glas och r\u00f6r runt. Dekorera om det beh\u00f6vs. med lime.<\/p>\n<p>CAMPARI \u00e4r en alkoholhaltig v\u00e4tska som uppn\u00e5s genom infusion av bittra \u00f6rter, aromatiska v\u00e4xter och frukt i alkohol och vatten. M\u00e5nga har f\u00f6rs\u00f6kt att gissa antalet ingredienser: vissa s\u00e4ger att det finns 20 eller 60, men andra indikerar ingredienserna vid 80. Till idag \u00e4r alkohol och vatten de enda k\u00e4nda ingredienserna i sitt speciella och hemliga recept. Dess livliga r\u00f6da f\u00e4rg, intensiv arom och karakteristisk bitter smak g\u00f6r det extremt m\u00e5ngsidigt och den perfekta basen f\u00f6r n\u00e5gra av de mest k\u00e4nda cocktailerna runt om i v\u00e4rlden.<\/p>\n","protected":false},"excerpt":{"rendered":"<p>The Original Apertivo<\/p>\n","protected":false},"featured_media":3025,"template":"","meta":{"_acf_changed":false,"rs_blank_template":"","rs_page_bg_color":"","slide_template_v7":""},"product_brand":[],"product_cat":[2387,2390,2394,4670,4716],"product_tag":[],"class_list":{"0":"post-16199","1":"product","2":"type-product","3":"status-publish","4":"has-post-thumbnail","6":"product_cat-avec-sv","7":"product_cat-sprit","8":"product_cat-bitter-sv","9":"product_cat-frukt","10":"product_cat-andra-likorer","11":"pa_land-italien-sv","12":"pa_procent-25-sv","13":"pa_producent-campari-group-sv","14":"pa_volume-100-sv","16":"first","17":"instock","18":"sale","19":"taxable","20":"shipping-taxable","21":"purchasable","22":"product-type-simple"},"bundled_by":["58765","116227","116233"],"bundle_stock_status":"instock","bundle_stock_quantity":null,"bundle_virtual":false,"bundle_layout":"","bundle_add_to_cart_form_location":"","bundle_editable_in_cart":false,"bundle_sold_individually_context":"","bundle_item_grouping":"","bundle_min_size":"","bundle_max_size":"","bundle_price":[],"bundled_items":[],"bundle_sell_ids":[],"acf":[],"_links":{"self":[{"href":"https:\/\/www.raschvin.com\/sv\/wp-json\/wp\/v2\/product\/16199","targetHints":{"allow":["GET"]}}],"collection":[{"href":"https:\/\/www.raschvin.com\/sv\/wp-json\/wp\/v2\/product"}],"about":[{"href":"https:\/\/www.raschvin.com\/sv\/wp-json\/wp\/v2\/types\/product"}],"wp:featuredmedia":[{"embeddable":true,"href":"https:\/\/www.raschvin.com\/sv\/wp-json\/wp\/v2\/media\/3025"}],"wp:attachment":[{"href":"https:\/\/www.raschvin.com\/sv\/wp-json\/wp\/v2\/media?parent=16199"}],"wp:term":[{"taxonomy":"product_brand","embeddable":true,"href":"https:\/\/www.raschvin.com\/sv\/wp-json\/wp\/v2\/product_brand?post=16199"},{"taxonomy":"product_cat","embeddable":true,"href":"https:\/\/www.raschvin.com\/sv\/wp-json\/wp\/v2\/product_cat?post=16199"},{"taxonomy":"product_tag","embeddable":true,"href":"https:\/\/www.raschvin.com\/sv\/wp-json\/wp\/v2\/product_tag?post=16199"}],"curies":[{"name":"wp","href":"https:\/\/api.w.org\/{rel}","templated":true}]}}