{"id":16197,"date":"2024-05-24T08:43:50","date_gmt":"2024-05-24T06:43:50","guid":{"rendered":"https:\/\/www.raschvin.com\/vare\/aperol-100-cl\/"},"modified":"2023-06-26T21:32:22","modified_gmt":"2023-06-26T19:32:22","slug":"aperol-100-cl","status":"publish","type":"product","link":"https:\/\/www.raschvin.com\/sv\/produkt\/aperol-100-cl\/","title":{"rendered":"Aperol Aperitivo 100 cl. 11%"},"content":{"rendered":"<p>Aperol inneh\u00e5ller bland annat de viktigaste ingredienserna i Pomerans, Gentianrod, Rabarber och Kinin, men vi h\u00e5ller naturligtvis receptet.<\/p>\n<p>Aperol har en unik smak som l\u00e4tt \u00e4r igenk\u00e4nnlig. Smaken \u00e4r v\u00e4lbalanserad; Bitter och kryddig blandad med s\u00f6tma. Aperol luktar av apelsinskal, kryddor och liten vanilj.<\/p>\n<p>Aperol \u00e4r en italiensk aperitif som b\u00e4st kan njutas och oftast i den popul\u00e4ra signaturen Drink Aperol Spritz. Drycken \u00e4r l\u00e4tt att k\u00e4nna igen med sin orange f\u00e4rg, och smaken blev s\u00e5 popul\u00e4r att receptet inte har \u00e4ndrats sedan det skapades 1919.<\/p>\n","protected":false},"excerpt":{"rendered":"<p>Apertivo Bitter Orange<\/p>\n","protected":false},"featured_media":3008,"template":"","meta":{"_acf_changed":false,"rs_blank_template":"","rs_page_bg_color":"","slide_template_v7":""},"product_brand":[],"product_cat":[2387,2394,2743,4670,2390],"product_tag":[],"class_list":{"0":"post-16197","1":"product","2":"type-product","3":"status-publish","4":"has-post-thumbnail","6":"product_cat-avec-sv","7":"product_cat-bitter-sv","8":"product_cat-brannvin-sv","9":"product_cat-frukt","10":"product_cat-sprit","11":"pa_land-italien-sv","12":"pa_procent-11-sv","13":"pa_volume-100-sv","15":"first","16":"instock","17":"sale","18":"taxable","19":"shipping-taxable","20":"purchasable","21":"product-type-simple"},"bundled_by":["58737","115649"],"bundle_stock_status":"instock","bundle_stock_quantity":null,"bundle_virtual":false,"bundle_layout":"","bundle_add_to_cart_form_location":"","bundle_editable_in_cart":false,"bundle_sold_individually_context":"","bundle_item_grouping":"","bundle_min_size":"","bundle_max_size":"","bundle_price":[],"bundled_items":[],"bundle_sell_ids":[],"acf":[],"_links":{"self":[{"href":"https:\/\/www.raschvin.com\/sv\/wp-json\/wp\/v2\/product\/16197","targetHints":{"allow":["GET"]}}],"collection":[{"href":"https:\/\/www.raschvin.com\/sv\/wp-json\/wp\/v2\/product"}],"about":[{"href":"https:\/\/www.raschvin.com\/sv\/wp-json\/wp\/v2\/types\/product"}],"wp:featuredmedia":[{"embeddable":true,"href":"https:\/\/www.raschvin.com\/sv\/wp-json\/wp\/v2\/media\/3008"}],"wp:attachment":[{"href":"https:\/\/www.raschvin.com\/sv\/wp-json\/wp\/v2\/media?parent=16197"}],"wp:term":[{"taxonomy":"product_brand","embeddable":true,"href":"https:\/\/www.raschvin.com\/sv\/wp-json\/wp\/v2\/product_brand?post=16197"},{"taxonomy":"product_cat","embeddable":true,"href":"https:\/\/www.raschvin.com\/sv\/wp-json\/wp\/v2\/product_cat?post=16197"},{"taxonomy":"product_tag","embeddable":true,"href":"https:\/\/www.raschvin.com\/sv\/wp-json\/wp\/v2\/product_tag?post=16197"}],"curies":[{"name":"wp","href":"https:\/\/api.w.org\/{rel}","templated":true}]}}