{"id":16193,"date":"2022-05-30T09:18:34","date_gmt":"2022-05-30T07:18:34","guid":{"rendered":"https:\/\/www.raschvin.com\/vare\/molinari-sambuca-al-caffe-70-cl\/"},"modified":"2022-11-27T19:53:12","modified_gmt":"2022-11-27T18:53:12","slug":"molinari-sambuca-al-caffe-70-cl","status":"publish","type":"product","link":"https:\/\/www.raschvin.com\/sv\/produkt\/molinari-sambuca-al-caffe-70-cl\/","title":{"rendered":"Molinari Black al Caff\u00e9 &#8211; Liquore alla Sambuca 70 cl. 32%"},"content":{"rendered":"<p>Molinari Caffe Like \u00e4r en blandning av bra premium espressokaffe och r\u00e4tt m\u00e4ngd av den k\u00e4nsliga Molinari Sambuca extra. Denna Molinari Caffe Like \u00e4r gjord av 100% italienska rostade kaffeb\u00f6nor som ger lik\u00f6ren en fin djup, m\u00f6rk f\u00e4rg. Molinari Caffe Like har en intensiv bukett med anteckningar av rostade kaffeb\u00f6nor och anis, liksom en varm och rik smak d\u00e4r tipset av kaffe och anis \u00e4r i perfekt balans.<\/p>\n<p>Denna flaska \u00e4r tillverkad under personlig \u00f6vervakning av grundarens sonson, Angelo Molinari, vilket garanterar unik smak och god kvalitet. Angelo Molinari uppfann denna lik\u00f6r i den glada &#8221;dolce vita&#8221; dagar i slutet av 1950-talet. Idag \u00e4r det Italiens mest popul\u00e4ra dryck i sin kategori.<\/p>\n<p>\u00c5r 1945 utvecklade Angelo Molinari den f\u00f6rsta produkten, &#8221;Sambuca Extra&#8221;, i Molinari-namnet. En produkt som senare blivit en synonym f\u00f6r tillverkaren, och idag h\u00e4vdas att Molinari \u00e4r Skaparen bakom Ande-kategorin &#8221;Sambuca&#8221;.<\/p>\n<p>1975, Molinari Sud s.P.A i Colvice, som d\u00e5 var en helt ny ultra-automatiserad fabrik som kunde producera hela 60 000 flaskor om dagen.<\/p>\n<p>Den f\u00f6rsta produkten, &#8221;Sambuca Extra&#8221;, har blivit s\u00e5 popul\u00e4r b\u00e5de i Italien och resten av v\u00e4rlden som den ses som v\u00e4rldens ledande Sambuca.<\/p>\n","protected":false},"excerpt":{"rendered":"<p>Italian Licorice-Coffee Liqueur<\/p>\n","protected":false},"featured_media":2971,"template":"","meta":{"_acf_changed":false,"rs_blank_template":"","rs_page_bg_color":"","slide_template_v7":""},"product_brand":[],"product_cat":[2387,4684,4666,2390],"product_tag":[],"class_list":{"0":"post-16193","1":"product","2":"type-product","3":"status-publish","4":"has-post-thumbnail","6":"product_cat-avec-sv","7":"product_cat-kaffelikor","8":"product_cat-lakrits-sprit","9":"product_cat-sprit","10":"pa_land-italien-sv","11":"pa_procent-32-sv","12":"pa_volume-70-sv-2","14":"first","15":"instock","16":"taxable","17":"shipping-taxable","18":"purchasable","19":"product-type-simple"},"bundled_by":[],"bundle_stock_status":"instock","bundle_stock_quantity":null,"bundle_virtual":false,"bundle_layout":"","bundle_add_to_cart_form_location":"","bundle_editable_in_cart":false,"bundle_sold_individually_context":"","bundle_item_grouping":"","bundle_min_size":"","bundle_max_size":"","bundle_price":[],"bundled_items":[],"bundle_sell_ids":[],"acf":[],"_links":{"self":[{"href":"https:\/\/www.raschvin.com\/sv\/wp-json\/wp\/v2\/product\/16193","targetHints":{"allow":["GET"]}}],"collection":[{"href":"https:\/\/www.raschvin.com\/sv\/wp-json\/wp\/v2\/product"}],"about":[{"href":"https:\/\/www.raschvin.com\/sv\/wp-json\/wp\/v2\/types\/product"}],"wp:featuredmedia":[{"embeddable":true,"href":"https:\/\/www.raschvin.com\/sv\/wp-json\/wp\/v2\/media\/2971"}],"wp:attachment":[{"href":"https:\/\/www.raschvin.com\/sv\/wp-json\/wp\/v2\/media?parent=16193"}],"wp:term":[{"taxonomy":"product_brand","embeddable":true,"href":"https:\/\/www.raschvin.com\/sv\/wp-json\/wp\/v2\/product_brand?post=16193"},{"taxonomy":"product_cat","embeddable":true,"href":"https:\/\/www.raschvin.com\/sv\/wp-json\/wp\/v2\/product_cat?post=16193"},{"taxonomy":"product_tag","embeddable":true,"href":"https:\/\/www.raschvin.com\/sv\/wp-json\/wp\/v2\/product_tag?post=16193"}],"curies":[{"name":"wp","href":"https:\/\/api.w.org\/{rel}","templated":true}]}}