{"id":16192,"date":"2022-05-30T09:18:34","date_gmt":"2022-05-30T07:18:34","guid":{"rendered":"https:\/\/www.raschvin.com\/vare\/molinari-sambuca-extra-70-cl\/"},"modified":"2022-11-27T19:59:25","modified_gmt":"2022-11-27T18:59:25","slug":"molinari-sambuca-extra-70-cl","status":"publish","type":"product","link":"https:\/\/www.raschvin.com\/sv\/produkt\/molinari-sambuca-extra-70-cl\/","title":{"rendered":"Molinari Sambuca Extra 70 cl. 40%"},"content":{"rendered":"<p>Molinari Sambuca extra \u00e4r den ursprungliga anisbaserade Sambuca. Det \u00e4r b\u00e4sts\u00e4ljande och eftertraktade Sambuca i v\u00e4rlden. Den \u00e4r gjord av kryddor, \u00f6rter, socker och Alokohol av den finaste kvaliteten och \u00e4r l\u00e4mplig f\u00f6r kaffet, som skott eller i drycker.<\/p>\n<p>Serveringsf\u00f6rslag<\/p>\n<p>Danmarks konung.<br \/>\n&#8211; 1 cl. Sambuca.<br \/>\n&#8211; 2 cl. Hallon direkt\u00f6r eller hallon sirap.<br \/>\n&#8211; Raspberry Soda<\/p>\n<p>Ingredienserna h\u00e4lls i ett vackert glas med isbitar och serveras<\/p>\n<p>\u00c5r 1945 utvecklade Angelo Molinari den f\u00f6rsta produkten, &#8221;Sambuca Extra&#8221;, i Molinari-namnet. En produkt som senare har blivit en synonym av tillverkaren, och idag h\u00e4vdas att Molinari \u00e4r Skaparen bakom Ande-kategorin &#8221;Sambuca&#8221;.<\/p>\n<p>1975, Molinari Sud s.P.A i Colvice, som d\u00e5 var en helt ny ultra-automatiserad fabrik som kunde producera hela 60 000 flaskor om dagen.<\/p>\n<p>Denna f\u00f6rsta produkt, &#8221;Sambuca Extra&#8221;, har blivit s\u00e5 popul\u00e4r b\u00e5de i Italien och resten av v\u00e4rlden att det anses vara v\u00e4rldens ledande Sambuca.<\/p>\n","protected":false},"excerpt":{"rendered":"<p>Italian Licorice Liqueur<\/p>\n","protected":false},"featured_media":2958,"template":"","meta":{"_acf_changed":false,"rs_blank_template":"","rs_page_bg_color":"","slide_template_v7":""},"product_brand":[],"product_cat":[2387,4666,2390],"product_tag":[],"class_list":{"0":"post-16192","1":"product","2":"type-product","3":"status-publish","4":"has-post-thumbnail","6":"product_cat-avec-sv","7":"product_cat-lakrits-sprit","8":"product_cat-sprit","9":"pa_land-italien-sv","10":"pa_procent-40-sv-2","11":"pa_volume-70-sv-2","13":"first","14":"instock","15":"taxable","16":"shipping-taxable","17":"purchasable","18":"product-type-simple"},"bundled_by":[],"bundle_stock_status":"instock","bundle_stock_quantity":null,"bundle_virtual":false,"bundle_layout":"","bundle_add_to_cart_form_location":"","bundle_editable_in_cart":false,"bundle_sold_individually_context":"","bundle_item_grouping":"","bundle_min_size":"","bundle_max_size":"","bundle_price":[],"bundled_items":[],"bundle_sell_ids":[],"acf":[],"_links":{"self":[{"href":"https:\/\/www.raschvin.com\/sv\/wp-json\/wp\/v2\/product\/16192","targetHints":{"allow":["GET"]}}],"collection":[{"href":"https:\/\/www.raschvin.com\/sv\/wp-json\/wp\/v2\/product"}],"about":[{"href":"https:\/\/www.raschvin.com\/sv\/wp-json\/wp\/v2\/types\/product"}],"wp:featuredmedia":[{"embeddable":true,"href":"https:\/\/www.raschvin.com\/sv\/wp-json\/wp\/v2\/media\/2958"}],"wp:attachment":[{"href":"https:\/\/www.raschvin.com\/sv\/wp-json\/wp\/v2\/media?parent=16192"}],"wp:term":[{"taxonomy":"product_brand","embeddable":true,"href":"https:\/\/www.raschvin.com\/sv\/wp-json\/wp\/v2\/product_brand?post=16192"},{"taxonomy":"product_cat","embeddable":true,"href":"https:\/\/www.raschvin.com\/sv\/wp-json\/wp\/v2\/product_cat?post=16192"},{"taxonomy":"product_tag","embeddable":true,"href":"https:\/\/www.raschvin.com\/sv\/wp-json\/wp\/v2\/product_tag?post=16192"}],"curies":[{"name":"wp","href":"https:\/\/api.w.org\/{rel}","templated":true}]}}