{"id":16190,"date":"2022-05-30T09:18:34","date_gmt":"2022-05-30T07:18:34","guid":{"rendered":"https:\/\/www.raschvin.com\/vare\/henri-bardouin\/"},"modified":"2022-11-18T17:50:50","modified_gmt":"2022-11-18T16:50:50","slug":"henri-bardouin","status":"publish","type":"product","link":"https:\/\/www.raschvin.com\/sv\/produkt\/henri-bardouin\/","title":{"rendered":"Henri Bardouin Pastis 70 cl. 45%"},"content":{"rendered":"<p>Henri Bardouin Pastis har en unik organoleptisk profil. Gul, iriserande brun och gr\u00f6n f\u00e4rg &#8230; Anissefr\u00f8 utvecklas mot kryddiga toner p\u00e5 n\u00e4san &#8230; En frisk och enkel attack med en rik och l\u00e5ng, best\u00e5ende finish.<br \/>\nF\u00f6r att njuta av all den aromatiska finessen av Henri Bardouin Pastis sp\u00e4ds 1 volym i 6 till 10 volymer av vatten. Ja, utsp\u00e4dning \u00e4r ocks\u00e5 hemligheten av verklig pastism.<br \/>\nF\u00f6rutom att vara den perfekta aperitifdrink passade Pastis Henri Bardouin ocks\u00e5 med fisk, gr\u00f6nsaker och kryddiga r\u00e4tter.<\/p>\n<p>Mycket mer \u00e4n en anisdryck \u00e4r Henri Bardouin Pastis ett m\u00e4sterverk av balans, d\u00e4r varje ingrediens upptar sitt r\u00e4ttm\u00e4tiga utrymme. Det anv\u00e4nder en symfoni av smak och aromer som m\u00f6ts, sm\u00e4lter ihop och avsl\u00f6jar sig f\u00f6r en unik sensorisk dialog mellan m\u00e4n, en terroir och Haute Provence. Det \u00e4r en symfoni vars po\u00e4ng \u00e4r en hemlighet, nickared bevakad av destillerier en dom\u00e4ner de Provence.<\/p>\n","protected":false},"excerpt":{"rendered":"<p>Distillateur En Provence &#8211; France<\/p>\n","protected":false},"featured_media":2944,"template":"","meta":{"_acf_changed":false,"rs_blank_template":"","rs_page_bg_color":"","slide_template_v7":""},"product_brand":[],"product_cat":[2406,2402],"product_tag":[],"class_list":{"0":"post-16190","1":"product","2":"type-product","3":"status-publish","4":"has-post-thumbnail","6":"product_cat-ouzo-raki-pastis-sv","7":"product_cat-sprit-sv","8":"pa_land-frankrike","9":"pa_procent-45-sv","10":"pa_producent-henri-bardouin-sv","11":"pa_region-provence-sv","12":"pa_volume-70-sv-2","14":"first","15":"instock","16":"taxable","17":"shipping-taxable","18":"purchasable","19":"product-type-simple"},"bundled_by":[],"bundle_stock_status":"instock","bundle_stock_quantity":null,"bundle_virtual":false,"bundle_layout":"","bundle_add_to_cart_form_location":"","bundle_editable_in_cart":false,"bundle_sold_individually_context":"","bundle_item_grouping":"","bundle_min_size":"","bundle_max_size":"","bundle_price":[],"bundled_items":[],"bundle_sell_ids":[],"acf":[],"_links":{"self":[{"href":"https:\/\/www.raschvin.com\/sv\/wp-json\/wp\/v2\/product\/16190","targetHints":{"allow":["GET"]}}],"collection":[{"href":"https:\/\/www.raschvin.com\/sv\/wp-json\/wp\/v2\/product"}],"about":[{"href":"https:\/\/www.raschvin.com\/sv\/wp-json\/wp\/v2\/types\/product"}],"wp:featuredmedia":[{"embeddable":true,"href":"https:\/\/www.raschvin.com\/sv\/wp-json\/wp\/v2\/media\/2944"}],"wp:attachment":[{"href":"https:\/\/www.raschvin.com\/sv\/wp-json\/wp\/v2\/media?parent=16190"}],"wp:term":[{"taxonomy":"product_brand","embeddable":true,"href":"https:\/\/www.raschvin.com\/sv\/wp-json\/wp\/v2\/product_brand?post=16190"},{"taxonomy":"product_cat","embeddable":true,"href":"https:\/\/www.raschvin.com\/sv\/wp-json\/wp\/v2\/product_cat?post=16190"},{"taxonomy":"product_tag","embeddable":true,"href":"https:\/\/www.raschvin.com\/sv\/wp-json\/wp\/v2\/product_tag?post=16190"}],"curies":[{"name":"wp","href":"https:\/\/api.w.org\/{rel}","templated":true}]}}