{"id":16189,"date":"2022-05-30T09:18:34","date_gmt":"2022-05-30T07:18:34","guid":{"rendered":"https:\/\/www.raschvin.com\/vare\/ricard\/"},"modified":"2022-12-02T19:41:44","modified_gmt":"2022-12-02T18:41:44","slug":"ricard","status":"publish","type":"product","link":"https:\/\/www.raschvin.com\/sv\/produkt\/ricard\/","title":{"rendered":"Ricard 70 cl. 45%"},"content":{"rendered":"<p>Ricard \u00e4r en pastisk drink som skapades 1932 av Poul Ricard i Provence, och idag \u00e4r det epitomen av franska livsstil och Frankrikes absoluta nationella Drik. F\u00f6rutom stj\u00e4rnanis, f\u00e4nk\u00e5l och lakritsr\u00f6tter anv\u00e4nds en unik blandning av sp\u00e4nnande int\u00e4kter.<\/p>\n<p>Ricard har \u00e5tnjutits med minst 5-7 delar iskallt vatten. Det \u00e4r viktigt att det sp\u00e4ds ut med minst fem delar vatten, annars kan smaken fungera f\u00f6r kraftfull.<\/p>\n","protected":false},"excerpt":{"rendered":"<p>Pastis de Marseille &#8211; France<\/p>\n","protected":false},"featured_media":2937,"template":"","meta":{"_acf_changed":false,"rs_blank_template":"","rs_page_bg_color":"","slide_template_v7":""},"product_brand":[],"product_cat":[2406],"product_tag":[],"class_list":{"0":"post-16189","1":"product","2":"type-product","3":"status-publish","4":"has-post-thumbnail","6":"product_cat-ouzo-raki-pastis-sv","7":"pa_land-frankrike","8":"pa_procent-45-sv","9":"pa_producent-pernod-ricard-sv","10":"pa_volume-70-sv-2","12":"first","13":"instock","14":"taxable","15":"shipping-taxable","16":"purchasable","17":"product-type-simple"},"bundled_by":[],"bundle_stock_status":"instock","bundle_stock_quantity":null,"bundle_virtual":false,"bundle_layout":"","bundle_add_to_cart_form_location":"","bundle_editable_in_cart":false,"bundle_sold_individually_context":"","bundle_item_grouping":"","bundle_min_size":"","bundle_max_size":"","bundle_price":[],"bundled_items":[],"bundle_sell_ids":[],"acf":[],"_links":{"self":[{"href":"https:\/\/www.raschvin.com\/sv\/wp-json\/wp\/v2\/product\/16189","targetHints":{"allow":["GET"]}}],"collection":[{"href":"https:\/\/www.raschvin.com\/sv\/wp-json\/wp\/v2\/product"}],"about":[{"href":"https:\/\/www.raschvin.com\/sv\/wp-json\/wp\/v2\/types\/product"}],"wp:featuredmedia":[{"embeddable":true,"href":"https:\/\/www.raschvin.com\/sv\/wp-json\/wp\/v2\/media\/2937"}],"wp:attachment":[{"href":"https:\/\/www.raschvin.com\/sv\/wp-json\/wp\/v2\/media?parent=16189"}],"wp:term":[{"taxonomy":"product_brand","embeddable":true,"href":"https:\/\/www.raschvin.com\/sv\/wp-json\/wp\/v2\/product_brand?post=16189"},{"taxonomy":"product_cat","embeddable":true,"href":"https:\/\/www.raschvin.com\/sv\/wp-json\/wp\/v2\/product_cat?post=16189"},{"taxonomy":"product_tag","embeddable":true,"href":"https:\/\/www.raschvin.com\/sv\/wp-json\/wp\/v2\/product_tag?post=16189"}],"curies":[{"name":"wp","href":"https:\/\/api.w.org\/{rel}","templated":true}]}}