{"id":16188,"date":"2022-05-30T09:18:34","date_gmt":"2022-05-30T07:18:34","guid":{"rendered":"https:\/\/www.raschvin.com\/vare\/pernod\/"},"modified":"2022-11-30T14:33:42","modified_gmt":"2022-11-30T13:33:42","slug":"pernod","status":"publish","type":"product","link":"https:\/\/www.raschvin.com\/sv\/produkt\/pernod\/","title":{"rendered":"Pernod 70 cl. 40%"},"content":{"rendered":"<p>Pernod \u00e4r tillverkad p\u00e5 lakritsr\u00f6tter, f\u00e4nk\u00e5l, stj\u00e4rnanis och en hemlig blandning av aromatiska v\u00e4xtextrakt. Denna anism destilleras ist\u00e4llet f\u00f6r trycket, vilket ger det sina speciella anteckningar fr\u00e5n de valda ingredienserna.<\/p>\n<p>Du hittar alltid ett stort urval av olika viner fr\u00e5n hela v\u00e4rlden. Vi importerar till och med en del av v\u00e5ra viner, vilket inneb\u00e4r billigare priser f\u00f6r dig som kund. Vi erbjuder leverans direkt till din d\u00f6rr i hela Danmark om du \u00e4r privat eller som f\u00f6retagskund. Vi erbjuder unika vinupplevelser och vi gillar att g\u00f6ra en sp\u00e4nnande evenemang p\u00e5 beg\u00e4ran. Vi erbjuder enskilda aff\u00e4rsl\u00f6sningar, till exempel presentvinst i flera prisklasser. Vi \u00e4r en aktiv partner i ditt val av vin och vi kommer kontinuerligt att bidra med sp\u00e4nnande nyheter. Vi erbjuder leverans i Danmark och gratis frakt p\u00e5 ink\u00f6p \u00f6ver 499 kr.<\/p>\n","protected":false},"excerpt":{"rendered":"<p>Anise Liqueur &#8211; France<\/p>\n","protected":false},"featured_media":2927,"template":"","meta":{"_acf_changed":false,"rs_blank_template":"","rs_page_bg_color":"","slide_template_v7":""},"product_brand":[],"product_cat":[2406,2402],"product_tag":[],"class_list":{"0":"post-16188","1":"product","2":"type-product","3":"status-publish","4":"has-post-thumbnail","6":"product_cat-ouzo-raki-pastis-sv","7":"product_cat-sprit-sv","8":"pa_land-frankrike","9":"pa_procent-40-sv-2","10":"pa_producent-pernod-ricard-sv","11":"pa_volume-70-sv-2","13":"first","14":"instock","15":"taxable","16":"shipping-taxable","17":"purchasable","18":"product-type-simple"},"bundled_by":[],"bundle_stock_status":"instock","bundle_stock_quantity":null,"bundle_virtual":false,"bundle_layout":"","bundle_add_to_cart_form_location":"","bundle_editable_in_cart":false,"bundle_sold_individually_context":"","bundle_item_grouping":"","bundle_min_size":"","bundle_max_size":"","bundle_price":[],"bundled_items":[],"bundle_sell_ids":[],"acf":[],"_links":{"self":[{"href":"https:\/\/www.raschvin.com\/sv\/wp-json\/wp\/v2\/product\/16188","targetHints":{"allow":["GET"]}}],"collection":[{"href":"https:\/\/www.raschvin.com\/sv\/wp-json\/wp\/v2\/product"}],"about":[{"href":"https:\/\/www.raschvin.com\/sv\/wp-json\/wp\/v2\/types\/product"}],"wp:featuredmedia":[{"embeddable":true,"href":"https:\/\/www.raschvin.com\/sv\/wp-json\/wp\/v2\/media\/2927"}],"wp:attachment":[{"href":"https:\/\/www.raschvin.com\/sv\/wp-json\/wp\/v2\/media?parent=16188"}],"wp:term":[{"taxonomy":"product_brand","embeddable":true,"href":"https:\/\/www.raschvin.com\/sv\/wp-json\/wp\/v2\/product_brand?post=16188"},{"taxonomy":"product_cat","embeddable":true,"href":"https:\/\/www.raschvin.com\/sv\/wp-json\/wp\/v2\/product_cat?post=16188"},{"taxonomy":"product_tag","embeddable":true,"href":"https:\/\/www.raschvin.com\/sv\/wp-json\/wp\/v2\/product_tag?post=16188"}],"curies":[{"name":"wp","href":"https:\/\/api.w.org\/{rel}","templated":true}]}}