{"id":16184,"date":"2022-05-30T09:18:34","date_gmt":"2022-05-30T07:18:34","guid":{"rendered":"https:\/\/www.raschvin.com\/vare\/calvados-hors-dage-pays-dauge\/"},"modified":"2022-11-08T15:55:03","modified_gmt":"2022-11-08T14:55:03","slug":"calvados-hors-dage-pays-dauge","status":"publish","type":"product","link":"https:\/\/www.raschvin.com\/sv\/produkt\/calvados-hors-dage-pays-dauge\/","title":{"rendered":"Calvados Christian Drouin &#8211; Hors d&#8217;Age 18 Years 70 cl. 42%"},"content":{"rendered":"<p>&#8221;Hors d&#8217;Age produceras i Pays d&#8217;Auge av bitter, bitter-s\u00f6ta, s\u00f6ta och skarpa cider \u00e4pplen i dubbel destillation i koppar. \u00c5lder i mer \u00e4n femton \u00e5r i en samling av tidigare Calvados-r\u00e4tter. Dessa l\u00e4gger till deras raffinerade, Silkeslen tanniner tillsammans med blomma och kryddiga anteckningar. P\u00e5 gommen \u00e4r det starkt, intensivt och extremt elegant. &#8221;&#8221; Calvados hors d&#8217;Age Christian Drouin Normandys mest k\u00e4nda ande Calvados blir ibland gl\u00f6mda i f\u00f6retags-spritv\u00e4rlden, men den h\u00e4r hantverksprodukten f\u00f6rtj\u00e4nar Mer uppm\u00e4rksamhet. Efter att ha spenderat 15 \u00e5r i sm\u00e5 r\u00e4tter, har den en h\u00e4rlig gult skugga och kryddig toner plus levande \u00e4pplehud och torkad frukt p\u00e5 b\u00e5de n\u00e4san och gommen. Stor l\u00e4ngd med en eldig 42% alkoholfinal f\u00f6r att v\u00e4rma ditt hj\u00e4rta musslor &#8221;&#8221; Karaffel .com &#8211; dec 2009 &#8211; Topp 10 sprit f\u00f6r jul<\/p>\n<p>&#8221;&#8221; Christian Drouin Hors d&#8217;Age Calvados betalar d&#8217;Auge: Tips f\u00f6r Rancio, andors och torkad apelsin. Mjuk ing\u00e5ng; Allvarlig anda med massor av fina tanniner. N\u00e4stan problemfri integration av frukt och ek. B\u00e4sta v\u00e4rdet &#8221;&#8221; Sant\u00e9 &#8211; oktober 2008 &#8211; Calvados Normandys Noble Spirit av David Furer (USA) En unik ande v\u00e4rt en speciell s\u00f6kning! &#8221;&#8221; Brilliant klarhet och skarpt ritad smak; Rik, snygg och sp\u00e4nnande &#8221;&#8221;. Anthony Dias Blue (USA) Den fullst\u00e4ndiga boken av sprit &#8211; 2007 &#8211; Harpers Collins Publisher &#8221;&#8221; Ljusgul f\u00e4rg. Kokta \u00e4pplen, tips av vanilj, karamelll och citrus. Ett stort och komplext exempel p\u00e5 sm\u00e5produktion Calvados &#8221;&#8221; &#8211; Beverage Media &#8211; Januari 2004 &#8211; Calvados val (USA)<\/p>\n<p>Horsd&#8217;aage priser<br \/>\nGuldmedalj, Concours Agricole de Paris, 2019<br \/>\nGuldmedalj, Gilbert &#038; Gaillard International Challenge, 2019<br \/>\nSilvermedalj, ADIS Bed\u00f6mning av sprit (USA), 2019<br \/>\nSilvermedalj &#8221;&#8221; Anm\u00e4rkningsv\u00e4rt &#8221;, IWSC, 2018 (Storbritannien)<br \/>\nGuldmedalj, Gilbert &#038; Gaillard 2017 (Frankrike)<br \/>\nSilvermedalj, Concours de Lyon 2017 (Frankrike)<br \/>\nBronsmedalj, All Vine Asia 2017 (Hong Kong)<br \/>\nSilvermedalj &#8221;&#8221; Enast\u00e5ende &#8221;&#8221; L, IWSC London 2016 (Storbritannien)<br \/>\n1: a pris, Saint Hilaire You Harcouet 2016 (Frankrike)<br \/>\nGuldmedalj, Vinalies International, 2016 (Frankrike)<br \/>\nSilvermedalj, Hongkong 2015<br \/>\nSilver enast\u00e5ende medalj, i.w.S.C. London 2014 (Storbritannien)<br \/>\n&#8221;&#8221; Prix d&#8217;Excellence &#8221;&#8221;, Vinalies Nationals 2013 (Frankrike)<br \/>\n95\/100, &#8221;&#8221; extraordin\u00e4r, ultimata rekommendation &#8221;&#8221;, ultimata<br \/>\nSprit Challenge 2013 (USA)<br \/>\nSilvermedalj, I.W.S.C. London 2010 (Storbritannien)<br \/>\n88\/100 Guide des Vins Gilbert &#038; Gaillard 2010 (Frankrike)<br \/>\n***** H\u00f6gsta rekommendation &#8211; Spirit Journal december 2009 (USA)<br \/>\n&#8221;Prix d&#8217;Excellence\u00bb, Vinalies 2009 (Frankrike)<br \/>\n95\/100 Dina Winer December 2008 &#8211; Mikael Christiansson (Sverige)<br \/>\nSilvermedalj, v\u00e4rldsomsp\u00e4nnande t\u00e4vling i Bryssel 2007 (Belgien)<br \/>\nSilvermedalj, Vimoutiers 2007 (Frankrike)<br \/>\nSilvermedalj, I.S.C. London 2006 (Storbritannien)<br \/>\nSilvermedalj, Metz 2006 (Frankrike)<br \/>\nGuldmedalj, Paris 2005 (Frankrike)<br \/>\nGuldmedalj, Lisieux 2005, 2004, 1996, 1993 (Frankrike)<br \/>\nGuldmedalj, b\u00e4sta ande i Calvados, San Francisco<br \/>\nKonkurrens 2003 (USA)<br \/>\nGuldmedalj, Vinalies International 2003<br \/>\nSilvermedalj, Caen 2003 (Frankrike)<br \/>\n&#8221;&#8221; Classic (96-100) h\u00f6gsta rekommendation &#8221;&#8221; i vinet<br \/>\nEnthusiast &#8211; december 2002 (USA)<br \/>\nGuldmedalj, Bryssel V\u00e4rldskonkurrens 2002 (Belgien)<br \/>\nSilvermedalj, San Francisco World Spirits Competition 2000 (USA)<br \/>\n**** Vin och matta nr 1, 2000 (Sverige) &#8221;<\/p>\n","protected":false},"excerpt":{"rendered":"<p>Appellation Calvados Contr\u00f4lee \u2013 France<\/p>\n","protected":false},"featured_media":2896,"template":"","meta":{"_acf_changed":false,"rs_blank_template":"","rs_page_bg_color":"","slide_template_v7":""},"product_brand":[],"product_cat":[2387,2396],"product_tag":[],"class_list":{"0":"post-16184","1":"product","2":"type-product","3":"status-publish","4":"has-post-thumbnail","6":"product_cat-avec-sv","7":"product_cat-calvados-sv","8":"pa_land-frankrike","9":"pa_procent-42-sv","10":"pa_producent-christian-drouin-sv","11":"pa_region-calvados-sv","12":"pa_volume-70-sv-2","14":"first","15":"instock","16":"taxable","17":"shipping-taxable","18":"purchasable","19":"product-type-simple"},"bundled_by":[],"bundle_stock_status":"instock","bundle_stock_quantity":null,"bundle_virtual":false,"bundle_layout":"","bundle_add_to_cart_form_location":"","bundle_editable_in_cart":false,"bundle_sold_individually_context":"","bundle_item_grouping":"","bundle_min_size":"","bundle_max_size":"","bundle_price":[],"bundled_items":[],"bundle_sell_ids":[],"acf":[],"_links":{"self":[{"href":"https:\/\/www.raschvin.com\/sv\/wp-json\/wp\/v2\/product\/16184","targetHints":{"allow":["GET"]}}],"collection":[{"href":"https:\/\/www.raschvin.com\/sv\/wp-json\/wp\/v2\/product"}],"about":[{"href":"https:\/\/www.raschvin.com\/sv\/wp-json\/wp\/v2\/types\/product"}],"wp:featuredmedia":[{"embeddable":true,"href":"https:\/\/www.raschvin.com\/sv\/wp-json\/wp\/v2\/media\/2896"}],"wp:attachment":[{"href":"https:\/\/www.raschvin.com\/sv\/wp-json\/wp\/v2\/media?parent=16184"}],"wp:term":[{"taxonomy":"product_brand","embeddable":true,"href":"https:\/\/www.raschvin.com\/sv\/wp-json\/wp\/v2\/product_brand?post=16184"},{"taxonomy":"product_cat","embeddable":true,"href":"https:\/\/www.raschvin.com\/sv\/wp-json\/wp\/v2\/product_cat?post=16184"},{"taxonomy":"product_tag","embeddable":true,"href":"https:\/\/www.raschvin.com\/sv\/wp-json\/wp\/v2\/product_tag?post=16184"}],"curies":[{"name":"wp","href":"https:\/\/api.w.org\/{rel}","templated":true}]}}