{"id":16183,"date":"2022-05-30T09:16:57","date_gmt":"2022-05-30T07:16:57","guid":{"rendered":"https:\/\/www.raschvin.com\/vare\/calvados-v-s-o-p-pays-dauge\/"},"modified":"2022-11-08T16:13:38","modified_gmt":"2022-11-08T15:13:38","slug":"calvados-v-s-o-p-pays-dauge","status":"publish","type":"product","link":"https:\/\/www.raschvin.com\/sv\/produkt\/calvados-v-s-o-p-pays-dauge\/","title":{"rendered":"Calvados Christian Drouin &#8211; V.S.O.P. Pays d&#8217;Auge 70 cl. 40%"},"content":{"rendered":"<p>Producerad i betalningar d&#8217;Auge fr\u00e5n bitter, bitter-s\u00f6ta, s\u00f6ta och skarpa cider \u00e4pplen med dubbel destillation i koppar stillbilder, \u00e4r VSOP i sm\u00e5 tidigare anv\u00e4nda r\u00e4tter, inklusive n\u00e5gra tidigare vinfade. Blandningen inneh\u00e5ller ocks\u00e5 vissa sprits som \u00e5ldras i tidigare tillsatt vinfade, vilket ger ytterligare s\u00f6tma och komplexitet. Vsop erbjuder s\u00e5lunda en aptitretande frukt i f\u00f6rh\u00e5llande till mogen \u00e4ppelmak, kombinerar sl\u00e4t elegans med de f\u00f6rsta tipsna av kryddor. &#8221;Amber med kopparh\u00f6jdspunkter. Fokuserad, inbjudande n\u00e4sa f\u00f6resl\u00e5r moget \u00e4pple och tarte tatin. Gommen avsl\u00f6jar en skarp, fokuserad och fruktig calvados som visar fin balans och uth\u00e5llighet. Perfekt som en introduktion till kategorin&#8221; Kommentarer fr\u00e5n Gilbert &#038; Gaillard 2016<\/p>\n<p>Vsop priser<br \/>\nBronsmedalj, IWSC (Storbritannien), 2020<br \/>\nSilvermedalj, Concours Agricole de Paris, 2019<br \/>\n92\/100 Utm\u00e4rkt rekommenderad, Ultimate Spirit Challenge,<br \/>\nUSA (2019)<br \/>\n93\/100 Ultimate Spirits Challenge 2017 (USA)<br \/>\nGuldmedalj Concours de Paris 2017 (Frankrike)<br \/>\nGuldmedalj 88\/100 Guide Gilbert &#038; Gaillard 2016<br \/>\nSilvermedalj, Concours Agricole Paris 2016 (Frankrike)<br \/>\n4,5 stj\u00e4rnor, bevx.com, Sean Ludford (USA), EEB 2016<br \/>\nBroderhood Trophy, Saint Hilaire Du Harcouets t\u00e4vling 2015<br \/>\n(Frankrike)<br \/>\n91\/100, &#8221;Utm\u00e4rkt, rekommenderas, ultimata sprit<br \/>\nUtmaning 2014 (USA)<br \/>\nSilvermedalj, I.W.S.C. London 2013 (Storbritannien)<br \/>\nSilvermedalj, San Francisco 2013 (USA)<br \/>\nSilvermedalj, IWSC London 2012 (Storbritannien)<br \/>\nSilvermedalj, San Francisco 2012 (USA)<\/p>\n","protected":false},"excerpt":{"rendered":"<p>Appellation Calvados Contr\u00f4lee \u2013 France<\/p>\n","protected":false},"featured_media":2892,"template":"","meta":{"_acf_changed":false,"rs_blank_template":"","rs_page_bg_color":"","slide_template_v7":""},"product_brand":[],"product_cat":[2387,2743,2396],"product_tag":[],"class_list":{"0":"post-16183","1":"product","2":"type-product","3":"status-publish","4":"has-post-thumbnail","6":"product_cat-avec-sv","7":"product_cat-brannvin-sv","8":"product_cat-calvados-sv","9":"pa_land-frankrike","10":"pa_procent-40-sv-2","11":"pa_producent-christian-drouin-sv","12":"pa_region-calvados-sv","13":"pa_volume-70-sv-2","15":"first","16":"instock","17":"taxable","18":"shipping-taxable","19":"purchasable","20":"product-type-simple"},"bundled_by":[],"bundle_stock_status":"instock","bundle_stock_quantity":null,"bundle_virtual":false,"bundle_layout":"","bundle_add_to_cart_form_location":"","bundle_editable_in_cart":false,"bundle_sold_individually_context":"","bundle_item_grouping":"","bundle_min_size":"","bundle_max_size":"","bundle_price":[],"bundled_items":[],"bundle_sell_ids":[],"acf":[],"_links":{"self":[{"href":"https:\/\/www.raschvin.com\/sv\/wp-json\/wp\/v2\/product\/16183","targetHints":{"allow":["GET"]}}],"collection":[{"href":"https:\/\/www.raschvin.com\/sv\/wp-json\/wp\/v2\/product"}],"about":[{"href":"https:\/\/www.raschvin.com\/sv\/wp-json\/wp\/v2\/types\/product"}],"wp:featuredmedia":[{"embeddable":true,"href":"https:\/\/www.raschvin.com\/sv\/wp-json\/wp\/v2\/media\/2892"}],"wp:attachment":[{"href":"https:\/\/www.raschvin.com\/sv\/wp-json\/wp\/v2\/media?parent=16183"}],"wp:term":[{"taxonomy":"product_brand","embeddable":true,"href":"https:\/\/www.raschvin.com\/sv\/wp-json\/wp\/v2\/product_brand?post=16183"},{"taxonomy":"product_cat","embeddable":true,"href":"https:\/\/www.raschvin.com\/sv\/wp-json\/wp\/v2\/product_cat?post=16183"},{"taxonomy":"product_tag","embeddable":true,"href":"https:\/\/www.raschvin.com\/sv\/wp-json\/wp\/v2\/product_tag?post=16183"}],"curies":[{"name":"wp","href":"https:\/\/api.w.org\/{rel}","templated":true}]}}