{"id":16179,"date":"2022-05-30T09:16:57","date_gmt":"2022-05-30T07:16:57","guid":{"rendered":"https:\/\/www.raschvin.com\/vare\/harahorn-pink-gin\/"},"modified":"2022-11-18T16:05:42","modified_gmt":"2022-11-18T15:05:42","slug":"harahorn-pink-gin","status":"publish","type":"product","link":"https:\/\/www.raschvin.com\/sv\/produkt\/harahorn-pink-gin\/","title":{"rendered":"Harahorn Gin &#8211; Pink 50 cl. 40%"},"content":{"rendered":"<p>Mycket lockande doft av framf\u00f6r allt framtr\u00e4dande, f\u00e4rska hallon, enb\u00e4r, f\u00e4rsk citrusfrukt och behagliga, blommiga undertoner. Det \u00e4r smaken av sommar i Norden och helt perfekt f\u00f6r sommarens cocktails. I eftersmaken m\u00f6ter du f\u00e4rska, l\u00e4tt syrliga b\u00e4r och lite peppar.<\/p>\n<p>Harahorn \u00e4r smaken av Norge. H\u00e4r produceras bara 300 liter \u00e5t g\u00e5ngen, s\u00e5 det \u00e4r full koll p\u00e5 kvaliteten. B\u00e4r och \u00f6rter Norges natur spelar huvudrollerna. Harahorn \u00e4r d\u00f6pt efter ett berg i Hemsedalen och \u00e4r \u00e4ven inspirerat av en legendarisk hare med horn som aldrig setts av m\u00e4nniskor.<\/p>\n<p>Om det norska destilleriet<br \/>\nDet Norske Brenneri har sin produktion och fatf\u00f6rvaring i Grimstad i s\u00f6dra Norge, p\u00e5 Kristiansand och en f\u00e4rjetur till Danmark. H\u00e4r har bland annat olika m\u00e4rken av akvavit och \u00e4ppelbr\u00e4nnvin producerats sedan produktionsmonopolet i Norge uppl\u00f6stes 2005. Det Norske Brenneri anv\u00e4nder endast de b\u00e4sta \u00f6rterna och kryddorna, m\u00e5nga av dem fr\u00e5n norsk natur. P\u00e5 grund av klimatet \u00e4r det f\u00e5 platser p\u00e5 jordklotet d\u00e4r \u00f6rter och b\u00e4r har liknande smak och arom som i Norge. Ramarna \u00e4r fortfarande sm\u00e5, och den minsta anl\u00e4ggningen p\u00e5 destilleriet klarar bara 15 liter. S\u00e5 det \u00e4r l\u00e5ngt ifr\u00e5n de stora mastodonterna du k\u00e4nner. Det Norske Brenneri samarbetar med botanikern Rolv Hjelmstad, l\u00e4gger stor vikt vid fatlagring och anv\u00e4nder endast de b\u00e4sta Oloroso-sherryfaten fr\u00e5n Jerez i Spanien.<\/p>\n<p>Br\u00f6t det norska monopolet<br \/>\nSprittillverkningsmonopolet uppl\u00f6stes i Norge 2005 och Det Norske Brenneri var det f\u00f6rsta privata destilleriet i Norge efter mer \u00e4n 80 \u00e5r av monopol. Idag \u00e4r de landets n\u00e4st st\u00f6rsta spritproducent och \u00e4r med r\u00e4tta stolta \u00f6ver sitt hantverk. Akvavit \u00e4r, precis som i Danmark, n\u00e4ra f\u00f6rknippad med historia och traditioner och de f\u00f6rsta skriftliga k\u00e4llorna g\u00e5r tillbaka till 1500-talet.<\/p>\n","protected":false},"excerpt":{"rendered":"<p>Norweigan Small Batch Gin<\/p>\n","protected":false},"featured_media":2870,"template":"","meta":{"_acf_changed":false,"rs_blank_template":"","rs_page_bg_color":"","slide_template_v7":""},"product_brand":[],"product_cat":[2404,4697,2402],"product_tag":[],"class_list":{"0":"post-16179","1":"product","2":"type-product","3":"status-publish","4":"has-post-thumbnail","6":"product_cat-gin-sv","7":"product_cat-rose-gin-sv","8":"product_cat-sprit-sv","9":"pa_land-norge-sv","10":"pa_procent-40-sv-2","11":"pa_producent-det-norske-brenneri-sv","12":"pa_volume-50-sv","14":"first","15":"instock","16":"taxable","17":"shipping-taxable","18":"purchasable","19":"product-type-simple"},"bundled_by":[],"bundle_stock_status":"instock","bundle_stock_quantity":null,"bundle_virtual":false,"bundle_layout":"","bundle_add_to_cart_form_location":"","bundle_editable_in_cart":false,"bundle_sold_individually_context":"","bundle_item_grouping":"","bundle_min_size":"","bundle_max_size":"","bundle_price":[],"bundled_items":[],"bundle_sell_ids":[],"acf":[],"_links":{"self":[{"href":"https:\/\/www.raschvin.com\/sv\/wp-json\/wp\/v2\/product\/16179","targetHints":{"allow":["GET"]}}],"collection":[{"href":"https:\/\/www.raschvin.com\/sv\/wp-json\/wp\/v2\/product"}],"about":[{"href":"https:\/\/www.raschvin.com\/sv\/wp-json\/wp\/v2\/types\/product"}],"wp:featuredmedia":[{"embeddable":true,"href":"https:\/\/www.raschvin.com\/sv\/wp-json\/wp\/v2\/media\/2870"}],"wp:attachment":[{"href":"https:\/\/www.raschvin.com\/sv\/wp-json\/wp\/v2\/media?parent=16179"}],"wp:term":[{"taxonomy":"product_brand","embeddable":true,"href":"https:\/\/www.raschvin.com\/sv\/wp-json\/wp\/v2\/product_brand?post=16179"},{"taxonomy":"product_cat","embeddable":true,"href":"https:\/\/www.raschvin.com\/sv\/wp-json\/wp\/v2\/product_cat?post=16179"},{"taxonomy":"product_tag","embeddable":true,"href":"https:\/\/www.raschvin.com\/sv\/wp-json\/wp\/v2\/product_tag?post=16179"}],"curies":[{"name":"wp","href":"https:\/\/api.w.org\/{rel}","templated":true}]}}