{"id":16178,"date":"2022-05-30T09:16:57","date_gmt":"2022-05-30T07:16:57","guid":{"rendered":"https:\/\/www.raschvin.com\/vare\/harahorn-original-70cl\/"},"modified":"2023-03-24T11:03:30","modified_gmt":"2023-03-24T10:03:30","slug":"harahorn-original-70cl","status":"publish","type":"product","link":"https:\/\/www.raschvin.com\/sv\/produkt\/harahorn-original-70cl\/","title":{"rendered":"Harahorn Gin &#8211; Original 70 cl. 46%"},"content":{"rendered":"<p>Intensiv, smakrik och aromatisk redan fr\u00e5n b\u00f6rjan, men mjuknar tyst n\u00e4r den v\u00e4l har smakats. Fina toner av barr och en komplex beska som inte enbart kommer fr\u00e5n enb\u00e4r. H\u00e4r finns ocks\u00e5 koriander, vilket bidrar till samma fr\u00e4scha och rika bild. En gin som l\u00e4tt kan drickas snyggt, men som ocks\u00e5 passar till vilken tonic som helst.<\/p>\n<p>Harahorn Small Batch Gin En smak av Norge &#8230; Slutligen \u00e4r det h\u00e4r &#8211; \u00c4kta Solid Craft! Endast 400 liter gin produceras i taget, s\u00e5 du har maximal kontroll \u00f6ver kvaliteten. H\u00e4r anv\u00e4nds b\u00e4r och \u00f6rter fr\u00e5n den norska naturen &#8211; n\u00e5gra av v\u00e4rldens mest smakfulla. Perfekt f\u00f6r drycker och cocktails. Harahorn Gin &#8211; \u00e4r uppkallat efter ett berg i Hemsedal, och med inspiration fr\u00e5n ett fantastiskt djur har ingen n\u00e5gonsin sett i live live &#8230; inneh\u00e5ller.: Juniper fr\u00e5n R\u00f8ros, Blueberra fr\u00e5n Nordmarka, Rabarber fr\u00e5n Grimstad, Blisterenang fr\u00e5n Stadt, Kvann fr\u00e5n Oppdal och norska Oregano fr\u00e5n Sunndal.<\/p>\n<p>Om det norska destilleriet<br \/>\nDet Norske Brenneri har sin produktion och fatf\u00f6rvaring i Grimstad i s\u00f6dra Norge, p\u00e5 Kristiansand och en f\u00e4rjetur till Danmark. H\u00e4r har bland annat tillverkats olika m\u00e4rken av akvavit och \u00e4ppelbr\u00e4nnvin sedan produktionsmonopolet i Norge uppl\u00f6stes 2005. Det Norske Brenneri anv\u00e4nder endast de b\u00e4sta \u00f6rterna och kryddorna, m\u00e5nga av dem fr\u00e5n norsk natur. P\u00e5 grund av klimatet \u00e4r det f\u00e5 platser p\u00e5 jordklotet d\u00e4r \u00f6rter och b\u00e4r har liknande smak och arom som i Norge. Ramarna \u00e4r fortfarande sm\u00e5, och den minsta anl\u00e4ggningen p\u00e5 destilleriet klarar bara 15 liter. S\u00e5 det \u00e4r l\u00e5ngt ifr\u00e5n de stora mastodonterna du k\u00e4nner. Det Norske Brenneri samarbetar med botanikern Rolv Hjelmstad, l\u00e4gger stor vikt vid fatlagring och anv\u00e4nder endast de b\u00e4sta Oloroso-sherryfaten fr\u00e5n Jerez i Spanien.<\/p>\n<p>Br\u00f6t det norska monopolet<br \/>\nMonopolet f\u00f6r spritproduktion uppl\u00f6stes i Norge 2005 och Det Norske Brenneri var det f\u00f6rsta privata destilleriet i Norge efter mer \u00e4n 80 \u00e5r av monopol. Idag \u00e4r de landets n\u00e4st st\u00f6rsta spritproducent och \u00e4r med r\u00e4tta stolta \u00f6ver sitt hantverk. Akvavit \u00e4r, precis som i Danmark, n\u00e4ra f\u00f6rknippad med historia och traditioner och de f\u00f6rsta skriftliga k\u00e4llorna g\u00e5r tillbaka till 1500-talet.<\/p>\n","protected":false},"excerpt":{"rendered":"<p>Norweigan Small Batch Gin<\/p>\n","protected":false},"featured_media":2860,"template":"","meta":{"_acf_changed":false,"rs_blank_template":"","rs_page_bg_color":"","slide_template_v7":""},"product_brand":[],"product_cat":[2402,2404,4711],"product_tag":[],"class_list":{"0":"post-16178","1":"product","2":"type-product","3":"status-publish","4":"has-post-thumbnail","6":"product_cat-sprit-sv","7":"product_cat-gin-sv","8":"product_cat-andra-gins","9":"pa_land-norge-sv","10":"pa_procent-46-sv","11":"pa_producent-det-norske-brenneri-sv","12":"pa_volume-70-sv-2","14":"first","15":"instock","16":"sale","17":"taxable","18":"shipping-taxable","19":"purchasable","20":"product-type-simple"},"bundled_by":[],"bundle_stock_status":"instock","bundle_stock_quantity":null,"bundle_virtual":false,"bundle_layout":"","bundle_add_to_cart_form_location":"","bundle_editable_in_cart":false,"bundle_sold_individually_context":"","bundle_item_grouping":"","bundle_min_size":"","bundle_max_size":"","bundle_price":[],"bundled_items":[],"bundle_sell_ids":[],"acf":[],"_links":{"self":[{"href":"https:\/\/www.raschvin.com\/sv\/wp-json\/wp\/v2\/product\/16178","targetHints":{"allow":["GET"]}}],"collection":[{"href":"https:\/\/www.raschvin.com\/sv\/wp-json\/wp\/v2\/product"}],"about":[{"href":"https:\/\/www.raschvin.com\/sv\/wp-json\/wp\/v2\/types\/product"}],"wp:featuredmedia":[{"embeddable":true,"href":"https:\/\/www.raschvin.com\/sv\/wp-json\/wp\/v2\/media\/2860"}],"wp:attachment":[{"href":"https:\/\/www.raschvin.com\/sv\/wp-json\/wp\/v2\/media?parent=16178"}],"wp:term":[{"taxonomy":"product_brand","embeddable":true,"href":"https:\/\/www.raschvin.com\/sv\/wp-json\/wp\/v2\/product_brand?post=16178"},{"taxonomy":"product_cat","embeddable":true,"href":"https:\/\/www.raschvin.com\/sv\/wp-json\/wp\/v2\/product_cat?post=16178"},{"taxonomy":"product_tag","embeddable":true,"href":"https:\/\/www.raschvin.com\/sv\/wp-json\/wp\/v2\/product_tag?post=16178"}],"curies":[{"name":"wp","href":"https:\/\/api.w.org\/{rel}","templated":true}]}}