{"id":16177,"date":"2022-05-30T09:16:57","date_gmt":"2022-05-30T07:16:57","guid":{"rendered":"https:\/\/www.raschvin.com\/vare\/mosgaard-organic-gin-all-about-cherries\/"},"modified":"2022-11-28T10:50:23","modified_gmt":"2022-11-28T09:50:23","slug":"mosgaard-organic-gin-all-about-cherries","status":"publish","type":"product","link":"https:\/\/www.raschvin.com\/sv\/produkt\/mosgaard-organic-gin-all-about-cherries\/","title":{"rendered":"Mosgaard Gin &#8211; All About Cherries Gin (ECO) 50 cl. 40%"},"content":{"rendered":"<p>H\u00e4r f\u00e5r du en underbar arom och en djup, djup smak av k\u00f6rsb\u00e4r, en trevlig och elegant fruktsyra, eleganta citrusanteckningar fr\u00e5n det rena ginet och samtidigt av s\u00f6tt marcian, som dras ut ur k\u00f6rsb\u00e4rsstenarna i en vacker Gin erfarenhet. H\u00e4r \u00e4r fortfarande en traditionell gin p\u00e5 40%, som i en fin show \u00e4r till en bra Gin &#038; Tonic. En mild tonic med lite s\u00f6tma kommer vidare att lyfta fram k\u00f6rsb\u00e4ren och sprida gl\u00e4dje under de kalla m\u00e5naderna. Det kan ocks\u00e5 bli bra som en ingrediens i en champagnecocktail.<\/p>\n<p>MOSGAARD \u200b\u200bhar destillerat en mild och n\u00e5got s\u00f6t gin, som efter att destillationen har till\u00e5tits dra i flera m\u00e5nader med stora m\u00e4ngder nyplockade Stevn-saxar. Under macerationen drar alkoholen in i b\u00e4rarna och sl\u00e4pper den fantastiska smaken fr\u00e5n b\u00e5de frukt och k\u00f6rsb\u00e4rsstenor. De goda m\u00e4nniskorna p\u00e5 MoSgaard har anv\u00e4nt botaniska \u00e4mnen som rosa peppar, koriander, anisseed, citrongr\u00e4s, bl\u00e5 cornflower, nejlikor, f\u00e4rska citroner, lime och apelsiner &#8211; och naturligtvis mycket bra, danska Stevnskirber.<\/p>\n<p>Mosgaard-destilleriet \u00e4r vackert och idylliskt i en gammal, sluten g\u00e5rd, mitt i f\u00e4lten och \u00e4ppelv\u00e4xter och med fantastisk utsikt \u00f6ver Langelandlandet. Det \u00e4r en av de n\u00e4rmaste h\u00f6rnen i South Fyn, ett omr\u00e5de i \u00e5r har varit hem f\u00f6r ett stort antal livsmedelsproducenter som producerar allt som hj\u00e4rtat kan \u00f6nska h\u00f6gkvalitativ i mitten av Danmarks gr\u00f6na hj\u00e4rta. H\u00e4r grundade Jes och Gittaard 2015 \u00e5r 2015 MOSGAARD \u200b\u200bvid O3, och idag kan de g\u00f6ra Danmarks b\u00e4sta gin, helt baserat p\u00e5 ekologiska ingredienser. Vad destillatorn saknar i storlek, \u00e4r produkterna smak, och produktionen \u00e4r baserad p\u00e5 det fasta, \u00e4rliga hantverket med inspiration som h\u00e4mtas i Skottland. Destilleriet sj\u00e4lv \u00e4r utformat av Jes och Gitte sj\u00e4lv och handgjorda i Portugal, d\u00e4r den gamla hantverket \u00e4ger rum p\u00e5 samma s\u00e4tt som det har gjort i generationer. Bara tiden \u00e4r viktigt p\u00e5 MoSgaard. Produktionen sker med ekologiskt dansk barvalmal, som \u00e4r mashed med god tid, och j\u00e4sningsprocessen \u00e4r p\u00e5 MOSGAARD \u200b\u200bdubbelt s\u00e5 l\u00e4nge som det \u00e4r med m\u00e5nga andra destillerier. Det \u00e4r d\u00e4r en anledning till. F\u00f6r bara tiden och lugnet, se till att j\u00e4st f\u00e5r arbetsbrickor och omvandlar de naturliga sockerarterna fr\u00e5n malt till alkohol utan att l\u00e4mna o\u00f6nskade smaker. Den kan smakas i den f\u00e4rdiga produkten.<\/p>\n","protected":false},"excerpt":{"rendered":"<p>Handcrafted Gin \u2013 Distilled In Denmark<\/p>\n","protected":false},"featured_media":2853,"template":"","meta":{"_acf_changed":false,"rs_blank_template":"","rs_page_bg_color":"","slide_template_v7":""},"product_brand":[],"product_cat":[4700,2404,2402],"product_tag":[],"class_list":{"0":"post-16177","1":"product","2":"type-product","3":"status-publish","4":"has-post-thumbnail","6":"product_cat-flavoured-gin-sv","7":"product_cat-gin-sv","8":"product_cat-sprit-sv","9":"pa_land-danmark-sv","10":"pa_oekologisk-ja-sv","11":"pa_procent-40-sv-2","12":"pa_producent-mosgaard-whisky-sv","13":"pa_region-fyn-sv","14":"pa_volume-50-sv","16":"first","17":"outofstock","18":"taxable","19":"shipping-taxable","20":"purchasable","21":"product-type-simple"},"bundled_by":[],"bundle_stock_status":"outofstock","bundle_stock_quantity":null,"bundle_virtual":false,"bundle_layout":"","bundle_add_to_cart_form_location":"","bundle_editable_in_cart":false,"bundle_sold_individually_context":"","bundle_item_grouping":"","bundle_min_size":"","bundle_max_size":"","bundle_price":[],"bundled_items":[],"bundle_sell_ids":[],"acf":[],"_links":{"self":[{"href":"https:\/\/www.raschvin.com\/sv\/wp-json\/wp\/v2\/product\/16177","targetHints":{"allow":["GET"]}}],"collection":[{"href":"https:\/\/www.raschvin.com\/sv\/wp-json\/wp\/v2\/product"}],"about":[{"href":"https:\/\/www.raschvin.com\/sv\/wp-json\/wp\/v2\/types\/product"}],"wp:featuredmedia":[{"embeddable":true,"href":"https:\/\/www.raschvin.com\/sv\/wp-json\/wp\/v2\/media\/2853"}],"wp:attachment":[{"href":"https:\/\/www.raschvin.com\/sv\/wp-json\/wp\/v2\/media?parent=16177"}],"wp:term":[{"taxonomy":"product_brand","embeddable":true,"href":"https:\/\/www.raschvin.com\/sv\/wp-json\/wp\/v2\/product_brand?post=16177"},{"taxonomy":"product_cat","embeddable":true,"href":"https:\/\/www.raschvin.com\/sv\/wp-json\/wp\/v2\/product_cat?post=16177"},{"taxonomy":"product_tag","embeddable":true,"href":"https:\/\/www.raschvin.com\/sv\/wp-json\/wp\/v2\/product_tag?post=16177"}],"curies":[{"name":"wp","href":"https:\/\/api.w.org\/{rel}","templated":true}]}}