{"id":16173,"date":"2022-05-30T09:15:26","date_gmt":"2022-05-30T07:15:26","guid":{"rendered":"https:\/\/www.raschvin.com\/vare\/mosgaard-organic-old-tom-gin\/"},"modified":"2022-11-28T10:48:33","modified_gmt":"2022-11-28T09:48:33","slug":"mosgaard-organic-old-tom-gin","status":"publish","type":"product","link":"https:\/\/www.raschvin.com\/sv\/produkt\/mosgaard-organic-old-tom-gin\/","title":{"rendered":"Mosgaard Gin &#8211; Old Tom Gin (ECO) 50 cl. 40%"},"content":{"rendered":"<p>MOSGAARD \u200b\u200bGamla Tom Gin \u00e4r funen destillers tolkning av den klassiska, s\u00f6ta gamla Tom Gin-stilen. Det \u00e4r en stil som var enormt popul\u00e4r i 1800-talet London, d\u00e4r tecken med den &#8221;gamla Tom&#8221; katten visade sig till hemliga hemligheter. Mosgaards gamla Tom Gin \u00e4r modern upplaga av den klassiska, destillerade med f\u00e4rska citrusfrukter, sp\u00e4nnande kryddor, hibiskus och bl\u00e5 kornblomma. Det ger ett nytt, blommigt gin, som samtidigt understr\u00f6ks av den ekologiska karamelllens s\u00f6tma. Det \u00e4r ocks\u00e5 den som s\u00e4kerst\u00e4ller en fin, l\u00e4tt karamelllf\u00e4rg.<\/p>\n<p>Mosgaard-destilleriet \u00e4r vackert och idylliskt i en gammal, sluten g\u00e5rd, mitt i f\u00e4lten och \u00e4ppelv\u00e4xter och med fantastisk utsikt \u00f6ver Langelandlandet. H\u00e4r grundade Jes och Gittaard 2015 \u00e5r 2015 MOSGAARD \u200b\u200bvid O3, och idag kan de g\u00f6ra Danmarks b\u00e4sta gin, helt baserat p\u00e5 ekologiska ingredienser. Destilleriet sj\u00e4lv \u00e4r utformat av Jes och Gitte sj\u00e4lv och handgjorda i Portugal, d\u00e4r den gamla hantverket \u00e4ger rum p\u00e5 samma s\u00e4tt som det har gjort i generationer.<\/p>\n","protected":false},"excerpt":{"rendered":"<p>Handcrafted Gin \u2013 Distilled In Denmark<\/p>\n","protected":false},"featured_media":2819,"template":"","meta":{"_acf_changed":false,"rs_blank_template":"","rs_page_bg_color":"","slide_template_v7":""},"product_brand":[],"product_cat":[4703,2402,2404],"product_tag":[],"class_list":{"0":"post-16173","1":"product","2":"type-product","3":"status-publish","4":"has-post-thumbnail","6":"product_cat-old-tom-sv","7":"product_cat-sprit-sv","8":"product_cat-gin-sv","9":"pa_land-danmark-sv","10":"pa_oekologisk-ja-sv","11":"pa_procent-40-sv-2","12":"pa_producent-mosgaard-whisky-sv","13":"pa_region-fyn-sv","14":"pa_volume-50-sv","16":"first","17":"outofstock","18":"sale","19":"taxable","20":"shipping-taxable","21":"purchasable","22":"product-type-simple"},"bundled_by":[],"bundle_stock_status":"outofstock","bundle_stock_quantity":null,"bundle_virtual":false,"bundle_layout":"","bundle_add_to_cart_form_location":"","bundle_editable_in_cart":false,"bundle_sold_individually_context":"","bundle_item_grouping":"","bundle_min_size":"","bundle_max_size":"","bundle_price":[],"bundled_items":[],"bundle_sell_ids":[],"acf":[],"_links":{"self":[{"href":"https:\/\/www.raschvin.com\/sv\/wp-json\/wp\/v2\/product\/16173","targetHints":{"allow":["GET"]}}],"collection":[{"href":"https:\/\/www.raschvin.com\/sv\/wp-json\/wp\/v2\/product"}],"about":[{"href":"https:\/\/www.raschvin.com\/sv\/wp-json\/wp\/v2\/types\/product"}],"wp:featuredmedia":[{"embeddable":true,"href":"https:\/\/www.raschvin.com\/sv\/wp-json\/wp\/v2\/media\/2819"}],"wp:attachment":[{"href":"https:\/\/www.raschvin.com\/sv\/wp-json\/wp\/v2\/media?parent=16173"}],"wp:term":[{"taxonomy":"product_brand","embeddable":true,"href":"https:\/\/www.raschvin.com\/sv\/wp-json\/wp\/v2\/product_brand?post=16173"},{"taxonomy":"product_cat","embeddable":true,"href":"https:\/\/www.raschvin.com\/sv\/wp-json\/wp\/v2\/product_cat?post=16173"},{"taxonomy":"product_tag","embeddable":true,"href":"https:\/\/www.raschvin.com\/sv\/wp-json\/wp\/v2\/product_tag?post=16173"}],"curies":[{"name":"wp","href":"https:\/\/api.w.org\/{rel}","templated":true}]}}