{"id":16171,"date":"2022-05-30T09:15:26","date_gmt":"2022-05-30T07:15:26","guid":{"rendered":"https:\/\/www.raschvin.com\/vare\/mosgaard-organic-sweet-rhubarb-pink-gin\/"},"modified":"2022-11-28T10:54:26","modified_gmt":"2022-11-28T09:54:26","slug":"mosgaard-organic-sweet-rhubarb-pink-gin","status":"publish","type":"product","link":"https:\/\/www.raschvin.com\/sv\/produkt\/mosgaard-organic-sweet-rhubarb-pink-gin\/","title":{"rendered":"Mosgaard Gin &#8211; Rhubarb Pink Gin (ECO) 50 cl. 38%"},"content":{"rendered":"<p>Fina och f\u00e4rska anteckningar av rabarber, vilket garanterar en trevlig syra i ett gin, vilket \u00e4r ett n\u00f6je f\u00f6r b\u00e5de \u00f6gon och tunga. Njut av b\u00e4sta rena och kylda eller i ett bra, smal tonic. Den f\u00e4rska rabarberkallet pressade och v\u00e4rmdes varmt i juice med s\u00f6tma och bourbonavel och tills\u00e4tt destillerat gin.<\/p>\n<p>Mosgaard-destilleriet \u00e4r vackert och idylliskt i en gammal, sluten g\u00e5rd, mitt i f\u00e4lten och \u00e4ppelv\u00e4xter och med fantastisk utsikt \u00f6ver Langelandlandet. Det \u00e4r en av de n\u00e4rmaste h\u00f6rnen i South Fyn, ett omr\u00e5de i \u00e5r har varit hem f\u00f6r ett stort antal livsmedelsproducenter som producerar allt som hj\u00e4rtat kan \u00f6nska h\u00f6gkvalitativ i mitten av Danmarks gr\u00f6na hj\u00e4rta. H\u00e4r grundade Jes och Gittaard 2015 \u00e5r 2015 MOSGAARD \u200b\u200bvid O3, och idag kan de g\u00f6ra Danmarks b\u00e4sta gin, helt baserat p\u00e5 ekologiska ingredienser. Vad destillatorn saknar i storlek, \u00e4r produkterna smak, och produktionen \u00e4r baserad p\u00e5 det fasta, \u00e4rliga hantverket med inspiration som h\u00e4mtas i Skottland. Destilleriet sj\u00e4lv \u00e4r utformat av Jes och Gitte sj\u00e4lv och handgjorda i Portugal, d\u00e4r den gamla hantverket \u00e4ger rum p\u00e5 samma s\u00e4tt som det har gjort i generationer. Bara tiden \u00e4r viktigt p\u00e5 MoSgaard. Produktionen sker med ekologiskt dansk barvalmal, som \u00e4r mashed med god tid, och j\u00e4sningsprocessen \u00e4r p\u00e5 MOSGAARD \u200b\u200bdubbelt s\u00e5 l\u00e4nge som det \u00e4r med m\u00e5nga andra destillerier. Det \u00e4r d\u00e4r en anledning till. F\u00f6r bara tiden och lugnet, se till att j\u00e4st f\u00e5r arbetsbrickor och omvandlar de naturliga sockerarterna fr\u00e5n malt till alkohol utan att l\u00e4mna o\u00f6nskade smaker. Den kan smakas i den f\u00e4rdiga produkten.<\/p>\n","protected":false},"excerpt":{"rendered":"<p>Handcrafted Gin \u2013 Distilled In Denmark<\/p>\n","protected":false},"featured_media":2802,"template":"","meta":{"_acf_changed":false,"rs_blank_template":"","rs_page_bg_color":"","slide_template_v7":""},"product_brand":[],"product_cat":[4697,2402,2404],"product_tag":[],"class_list":{"0":"post-16171","1":"product","2":"type-product","3":"status-publish","4":"has-post-thumbnail","6":"product_cat-rose-gin-sv","7":"product_cat-sprit-sv","8":"product_cat-gin-sv","9":"pa_land-danmark-sv","10":"pa_oekologisk-ja-sv","11":"pa_procent-38-sv","12":"pa_producent-mosgaard-whisky-sv","13":"pa_region-fyn-sv","14":"pa_volume-50-sv","16":"first","17":"outofstock","18":"sale","19":"taxable","20":"shipping-taxable","21":"purchasable","22":"product-type-simple"},"bundled_by":[],"bundle_stock_status":"outofstock","bundle_stock_quantity":null,"bundle_virtual":false,"bundle_layout":"","bundle_add_to_cart_form_location":"","bundle_editable_in_cart":false,"bundle_sold_individually_context":"","bundle_item_grouping":"","bundle_min_size":"","bundle_max_size":"","bundle_price":[],"bundled_items":[],"bundle_sell_ids":[],"acf":[],"_links":{"self":[{"href":"https:\/\/www.raschvin.com\/sv\/wp-json\/wp\/v2\/product\/16171","targetHints":{"allow":["GET"]}}],"collection":[{"href":"https:\/\/www.raschvin.com\/sv\/wp-json\/wp\/v2\/product"}],"about":[{"href":"https:\/\/www.raschvin.com\/sv\/wp-json\/wp\/v2\/types\/product"}],"wp:featuredmedia":[{"embeddable":true,"href":"https:\/\/www.raschvin.com\/sv\/wp-json\/wp\/v2\/media\/2802"}],"wp:attachment":[{"href":"https:\/\/www.raschvin.com\/sv\/wp-json\/wp\/v2\/media?parent=16171"}],"wp:term":[{"taxonomy":"product_brand","embeddable":true,"href":"https:\/\/www.raschvin.com\/sv\/wp-json\/wp\/v2\/product_brand?post=16171"},{"taxonomy":"product_cat","embeddable":true,"href":"https:\/\/www.raschvin.com\/sv\/wp-json\/wp\/v2\/product_cat?post=16171"},{"taxonomy":"product_tag","embeddable":true,"href":"https:\/\/www.raschvin.com\/sv\/wp-json\/wp\/v2\/product_tag?post=16171"}],"curies":[{"name":"wp","href":"https:\/\/api.w.org\/{rel}","templated":true}]}}