{"id":16169,"date":"2022-05-30T09:15:26","date_gmt":"2022-05-30T07:15:26","guid":{"rendered":"https:\/\/www.raschvin.com\/vare\/mosgaard-organic-oak-aged-cask-gin-sherry-vanilla\/"},"modified":"2022-11-28T10:41:32","modified_gmt":"2022-11-28T09:41:32","slug":"mosgaard-organic-oak-aged-cask-gin-sherry-vanilla","status":"publish","type":"product","link":"https:\/\/www.raschvin.com\/sv\/produkt\/mosgaard-organic-oak-aged-cask-gin-sherry-vanilla\/","title":{"rendered":"Mosgaard Gin &#8211; Oak Aged Cask Gin (ECO) 50 cl. 40%"},"content":{"rendered":"<p>Mosgaard Oak Aged Cask Gin \u00e4r mashed, fermenterad och destillerad tv\u00e5 g\u00e5nger efter klassiskt recept. Det garanterar en kraftfull, full gin med mycket karakt\u00e4r. F\u00f6r att ge gin \u00e4nnu mer personlighet har det varit i 8-9 m\u00e5nader i del gamla bourbonr\u00e4tter, delvis p\u00e5 gamla Oloroso Sherryfade. Det ger Oak Aged Cask gin en rundare s\u00f6tma med karakt\u00e4ren av vanilj och karamelll. Naturligtvis \u00e4r det inte tillf\u00e4lligt och matchar verkst\u00e4lligheten och citrusfrukterna, som ocks\u00e5 ing\u00e5r i produktionen, tillsammans med lakritsrot, anis, mandel, nejlikor, svartpeppar, korianderfr\u00f6n och citrongr\u00e4s. Mosgaard Oak Aged Cask Gin kan enkelt avnjutas p\u00e5 egen hand till kaffet eller anv\u00e4ndas f\u00f6r en torr martini &#8211; eller alternativt som en l\u00e5ng drink tillsammans med krossad is och en bra ingef\u00e4ra \u00f6l. Anv\u00e4nd lite f\u00e4rsk apelsinskal som garniture. Eftersom alla MOSGAARD \u200b\u200bprodukter \u00e4r Mosgaard Oak Aged Cask Gin Organic.<\/p>\n<p>Mosgaard-destilleriet \u00e4r vackert och idylliskt i en gammal, sluten g\u00e5rd, mitt i f\u00e4lten och \u00e4ppelv\u00e4xter och med fantastisk utsikt \u00f6ver Langelandlandet. Det \u00e4r en av de n\u00e4rmaste h\u00f6rnen i South Fyn, ett omr\u00e5de i \u00e5r har varit hem f\u00f6r ett stort antal livsmedelsproducenter som producerar allt som hj\u00e4rtat kan \u00f6nska h\u00f6gkvalitativ i mitten av Danmarks gr\u00f6na hj\u00e4rta. H\u00e4r grundade Jes och Gittaard 2015 \u00e5r 2015 MOSGAARD \u200b\u200bvid O3, och idag kan de g\u00f6ra Danmarks b\u00e4sta gin, helt baserat p\u00e5 ekologiska ingredienser. Vad destillatorn saknar i storlek, \u00e4r produkterna smak, och produktionen \u00e4r baserad p\u00e5 det fasta, \u00e4rliga hantverket med inspiration som h\u00e4mtas i Skottland. Destilleriet sj\u00e4lv \u00e4r utformat av Jes och Gitte sj\u00e4lv och handgjorda i Portugal, d\u00e4r den gamla hantverket \u00e4ger rum p\u00e5 samma s\u00e4tt som det har gjort i generationer. Bara tiden \u00e4r viktigt p\u00e5 MoSgaard. Produktionen sker med ekologiskt dansk barvalmal, som \u00e4r mashed med god tid, och j\u00e4sningsprocessen \u00e4r p\u00e5 MOSGAARD \u200b\u200bdubbelt s\u00e5 l\u00e4nge som det \u00e4r med m\u00e5nga andra destillerier. Det \u00e4r d\u00e4r en anledning till. F\u00f6r bara tiden och lugnet, se till att j\u00e4st f\u00e5r arbetsbrickor och omvandlar de naturliga sockerarterna fr\u00e5n malt till alkohol utan att l\u00e4mna o\u00f6nskade smaker. Den kan smakas i den f\u00e4rdiga produkten.<\/p>\n","protected":false},"excerpt":{"rendered":"<p>Handcrafted Gin \u2013 Distilled In Denmark<\/p>\n","protected":false},"featured_media":2782,"template":"","meta":{"_acf_changed":false,"rs_blank_template":"","rs_page_bg_color":"","slide_template_v7":""},"product_brand":[],"product_cat":[2402,2404],"product_tag":[],"class_list":{"0":"post-16169","1":"product","2":"type-product","3":"status-publish","4":"has-post-thumbnail","6":"product_cat-sprit-sv","7":"product_cat-gin-sv","8":"pa_land-danmark-sv","9":"pa_oekologisk-ja-sv","10":"pa_procent-40-sv-2","11":"pa_producent-mosgaard-whisky-sv","12":"pa_region-fyn-sv","13":"pa_volume-50-sv","15":"first","16":"outofstock","17":"sale","18":"taxable","19":"shipping-taxable","20":"purchasable","21":"product-type-simple"},"bundled_by":[],"bundle_stock_status":"outofstock","bundle_stock_quantity":null,"bundle_virtual":false,"bundle_layout":"","bundle_add_to_cart_form_location":"","bundle_editable_in_cart":false,"bundle_sold_individually_context":"","bundle_item_grouping":"","bundle_min_size":"","bundle_max_size":"","bundle_price":[],"bundled_items":[],"bundle_sell_ids":[],"acf":[],"_links":{"self":[{"href":"https:\/\/www.raschvin.com\/sv\/wp-json\/wp\/v2\/product\/16169","targetHints":{"allow":["GET"]}}],"collection":[{"href":"https:\/\/www.raschvin.com\/sv\/wp-json\/wp\/v2\/product"}],"about":[{"href":"https:\/\/www.raschvin.com\/sv\/wp-json\/wp\/v2\/types\/product"}],"wp:featuredmedia":[{"embeddable":true,"href":"https:\/\/www.raschvin.com\/sv\/wp-json\/wp\/v2\/media\/2782"}],"wp:attachment":[{"href":"https:\/\/www.raschvin.com\/sv\/wp-json\/wp\/v2\/media?parent=16169"}],"wp:term":[{"taxonomy":"product_brand","embeddable":true,"href":"https:\/\/www.raschvin.com\/sv\/wp-json\/wp\/v2\/product_brand?post=16169"},{"taxonomy":"product_cat","embeddable":true,"href":"https:\/\/www.raschvin.com\/sv\/wp-json\/wp\/v2\/product_cat?post=16169"},{"taxonomy":"product_tag","embeddable":true,"href":"https:\/\/www.raschvin.com\/sv\/wp-json\/wp\/v2\/product_tag?post=16169"}],"curies":[{"name":"wp","href":"https:\/\/api.w.org\/{rel}","templated":true}]}}