{"id":16167,"date":"2022-05-30T09:15:26","date_gmt":"2022-05-30T07:15:26","guid":{"rendered":"https:\/\/www.raschvin.com\/vare\/mosgaard-organic-double-juniper-gingin\/"},"modified":"2022-11-28T10:15:51","modified_gmt":"2022-11-28T09:15:51","slug":"mosgaard-organic-double-juniper-gingin","status":"publish","type":"product","link":"https:\/\/www.raschvin.com\/sv\/produkt\/mosgaard-organic-double-juniper-gingin\/","title":{"rendered":"Mosgaard Gin &#8211; Double Juniper GinGin (ECO) 50 cl. 46%"},"content":{"rendered":"<p>H\u00e4r har MOSGAARD \u200b\u200bproducerat ett gin f\u00f6r dig som verkligen vill ha fullt valuta f\u00f6r pengarna. Gingin produceras med dubbel m\u00e4ngd av enb\u00e4r, vilket garanterar en mycket full gin, rik p\u00e5 tunga enb\u00e6rots. Med den m\u00e5nga extra enb\u00e4r \u00e4r det viktigt att balansera smaken med de andra smakerna, de s\u00e5 kallade botaniska \u00e4mnena. H\u00e4r har MOSGAARD \u200b\u200banv\u00e4nt f\u00e4nk\u00e5l, anisfr\u00f6, nejlikor, indonesisk l\u00e5ng peppar, korianderfr\u00f6, citrongr\u00e4s och f\u00e4rskt skal fr\u00e5n lime och citron. Alla ger det en mycket karakteristisk ginupplevelse. Mosgaard Gingin \u00e4r ett n\u00f6je som cocktailgin, d\u00e4r smaken \u00e4r klar. Det kan dock ocks\u00e5 avnjutas i f\u00f6retaget med en bra tonic. Skulle din cocktail eller gin &#038; tonic vara extra festlig, s\u00e5 toppen av den med f\u00e4rska mintblad, f\u00e4rsk basilika, lemorrenvera eller lime. Eftersom alla MOSGAARD \u200b\u200bprodukter \u00e4r MOSGAARD \u200b\u200bGingin Organic.<\/p>\n<p>Mosgaard-destilleriet \u00e4r vackert och idylliskt i en gammal, sluten g\u00e5rd, mitt i f\u00e4lten och \u00e4ppelv\u00e4xter och med fantastisk utsikt \u00f6ver Langelandlandet. Det \u00e4r en av de n\u00e4rmaste h\u00f6rnen i South Fyn, ett omr\u00e5de i \u00e5r har varit hem f\u00f6r ett stort antal livsmedelsproducenter som producerar allt som hj\u00e4rtat kan \u00f6nska h\u00f6gkvalitativ i mitten av Danmarks gr\u00f6na hj\u00e4rta. H\u00e4r grundade Jes och Gittaard 2015 \u00e5r 2015 MOSGAARD \u200b\u200bvid O3, och idag kan de g\u00f6ra Danmarks b\u00e4sta gin, helt baserat p\u00e5 ekologiska ingredienser. Vad destillatorn saknar i storlek, \u00e4r produkterna smak, och produktionen \u00e4r baserad p\u00e5 det fasta, \u00e4rliga hantverket med inspiration som h\u00e4mtas i Skottland. Destilleriet sj\u00e4lv \u00e4r utformat av Jes och Gitte sj\u00e4lv och handgjorda i Portugal, d\u00e4r den gamla hantverket \u00e4ger rum p\u00e5 samma s\u00e4tt som det har gjort i generationer. Bara tiden \u00e4r viktigt p\u00e5 MoSgaard. Produktionen sker med ekologiskt dansk barvalmal, som \u00e4r mashed med god tid, och j\u00e4sningsprocessen \u00e4r p\u00e5 MOSGAARD \u200b\u200bdubbelt s\u00e5 l\u00e4nge som det \u00e4r med m\u00e5nga andra destillerier. Det \u00e4r d\u00e4r en anledning till. F\u00f6r bara tiden och lugnet, se till att j\u00e4st f\u00e5r arbetsbrickor och omvandlar de naturliga sockerarterna fr\u00e5n malt till alkohol utan att l\u00e4mna o\u00f6nskade smaker. Den kan smakas i den f\u00e4rdiga produkten.<\/p>\n","protected":false},"excerpt":{"rendered":"<p>Handcrafted Gin &#8211; Distilled In Denmark <\/p>\n","protected":false},"featured_media":2762,"template":"","meta":{"_acf_changed":false,"rs_blank_template":"","rs_page_bg_color":"","slide_template_v7":""},"product_brand":[],"product_cat":[2402,2404,4711],"product_tag":[],"class_list":{"0":"post-16167","1":"product","2":"type-product","3":"status-publish","4":"has-post-thumbnail","6":"product_cat-sprit-sv","7":"product_cat-gin-sv","8":"product_cat-andra-gins","9":"pa_land-danmark-sv","10":"pa_oekologisk-ja-sv","11":"pa_procent-46-sv","12":"pa_producent-mosgaard-whisky-sv","13":"pa_region-fyn-sv","14":"pa_volume-50-sv","16":"first","17":"outofstock","18":"taxable","19":"shipping-taxable","20":"purchasable","21":"product-type-simple"},"bundled_by":[],"bundle_stock_status":"outofstock","bundle_stock_quantity":null,"bundle_virtual":false,"bundle_layout":"","bundle_add_to_cart_form_location":"","bundle_editable_in_cart":false,"bundle_sold_individually_context":"","bundle_item_grouping":"","bundle_min_size":"","bundle_max_size":"","bundle_price":[],"bundled_items":[],"bundle_sell_ids":[],"acf":[],"_links":{"self":[{"href":"https:\/\/www.raschvin.com\/sv\/wp-json\/wp\/v2\/product\/16167","targetHints":{"allow":["GET"]}}],"collection":[{"href":"https:\/\/www.raschvin.com\/sv\/wp-json\/wp\/v2\/product"}],"about":[{"href":"https:\/\/www.raschvin.com\/sv\/wp-json\/wp\/v2\/types\/product"}],"wp:featuredmedia":[{"embeddable":true,"href":"https:\/\/www.raschvin.com\/sv\/wp-json\/wp\/v2\/media\/2762"}],"wp:attachment":[{"href":"https:\/\/www.raschvin.com\/sv\/wp-json\/wp\/v2\/media?parent=16167"}],"wp:term":[{"taxonomy":"product_brand","embeddable":true,"href":"https:\/\/www.raschvin.com\/sv\/wp-json\/wp\/v2\/product_brand?post=16167"},{"taxonomy":"product_cat","embeddable":true,"href":"https:\/\/www.raschvin.com\/sv\/wp-json\/wp\/v2\/product_cat?post=16167"},{"taxonomy":"product_tag","embeddable":true,"href":"https:\/\/www.raschvin.com\/sv\/wp-json\/wp\/v2\/product_tag?post=16167"}],"curies":[{"name":"wp","href":"https:\/\/api.w.org\/{rel}","templated":true}]}}